{"id":570,"date":"2021-08-15T09:22:15","date_gmt":"2021-08-15T07:22:15","guid":{"rendered":"https:\/\/tobis-notenarchiv.de\/wp\/?page_id=570"},"modified":"2025-04-24T12:09:31","modified_gmt":"2025-04-24T10:09:31","slug":"kellner-johann-christoph","status":"publish","type":"page","link":"https:\/\/tobis-notenarchiv.de\/wp\/noten-archiv\/kellner-johann-christoph\/","title":{"rendered":"Kellner, Johann Christoph"},"content":{"rendered":"<p>Lebensdaten: 1736 &#8211; 1803<br \/>\nBiografie: <a href=\"https:\/\/de.wikipedia.org\/wiki\/Johann_Christoph_Kellner\" target=\"_blank\" rel=\"noopener\">Wikipedia<\/a><\/p>\n<p>&nbsp;<\/p>\n<table>\n<tbody>\n<tr>\n<td width=\"400\"><strong>Fuge in C-Dur<\/strong><\/td>\n<td width=\"50\"><a href=\"https:\/\/www.tobis-notenarchiv.de\/noten\/kellner\/Kellner_JC_Fuge_2_C.capx\"><img decoding=\"async\" src=\"https:\/\/www.tobis-notenarchiv.de\/pic\/ca.gif\" alt=\"CapXML\" border=\"0\" \/><\/a><\/td>\n<td width=\"50\"><a href=\"https:\/\/www.tobis-notenarchiv.de\/noten\/kellner\/Kellner_JC_Fuge_2_C.zip\"><img decoding=\"async\" src=\"https:\/\/www.tobis-notenarchiv.de\/pic\/xm.gif\" alt=\"XML\" border=\"0\" \/><\/a><\/td>\n<td width=\"50\"><a href=\"https:\/\/www.tobis-notenarchiv.de\/noten\/kellner\/Kellner_JC_Fuge_2_C.pdf\"><img decoding=\"async\" src=\"https:\/\/www.tobis-notenarchiv.de\/pic\/pd.gif\" alt=\"PDF\" border=\"0\" \/><\/a><\/td>\n<td width=\"50\"><a href=\"https:\/\/www.tobis-notenarchiv.de\/noten\/kellner\/Kellner_JC_Fuge_2_C.mid\"><img decoding=\"async\" src=\"https:\/\/www.tobis-notenarchiv.de\/pic\/mi.gif\" alt=\"Midi\" border=\"0\" \/><\/a><\/td>\n<\/tr>\n<tr>\n<td width=\"400\"><strong>Fuge in C-Dur<\/strong><\/td>\n<td width=\"50\"><a href=\"https:\/\/www.tobis-notenarchiv.de\/noten\/kellner\/Kellner_JC_Fuge_6_C.capx\"><img decoding=\"async\" src=\"https:\/\/www.tobis-notenarchiv.de\/pic\/ca.gif\" alt=\"CapXML\" border=\"0\" \/><\/a><\/td>\n<td width=\"50\"><a href=\"https:\/\/www.tobis-notenarchiv.de\/noten\/kellner\/Kellner_JC_Fuge_6_C.zip\"><img decoding=\"async\" src=\"https:\/\/www.tobis-notenarchiv.de\/pic\/xm.gif\" alt=\"XML\" border=\"0\" \/><\/a><\/td>\n<td width=\"50\"><a href=\"https:\/\/www.tobis-notenarchiv.de\/noten\/kellner\/Kellner_JC_Fuge_6_C.pdf\"><img decoding=\"async\" src=\"https:\/\/www.tobis-notenarchiv.de\/pic\/pd.gif\" alt=\"PDF\" border=\"0\" \/><\/a><\/td>\n<td width=\"50\"><a href=\"https:\/\/www.tobis-notenarchiv.de\/noten\/kellner\/Kellner_JC_Fuge_6_C.mid\"><img decoding=\"async\" src=\"https:\/\/www.tobis-notenarchiv.de\/pic\/mi.gif\" alt=\"Midi\" border=\"0\" \/><\/a><\/td>\n<\/tr>\n<tr>\n<td width=\"400\"><strong>Fuge in c-Moll<\/strong><\/td>\n<td width=\"50\"><a href=\"https:\/\/www.tobis-notenarchiv.de\/noten\/kellner\/Kellner_JC_Fuge_1_c.capx\"><img decoding=\"async\" src=\"https:\/\/www.tobis-notenarchiv.de\/pic\/ca.gif\" alt=\"CapXML\" border=\"0\" \/><\/a><\/td>\n<td width=\"50\"><a href=\"https:\/\/www.tobis-notenarchiv.de\/noten\/kellner\/Kellner_JC_Fuge_1_c.zip\"><img decoding=\"async\" src=\"https:\/\/www.tobis-notenarchiv.de\/pic\/xm.gif\" alt=\"XML\" border=\"0\" \/><\/a><\/td>\n<td width=\"50\"><a href=\"https:\/\/www.tobis-notenarchiv.de\/noten\/kellner\/Kellner_JC_Fuge_1_c.pdf\"><img decoding=\"async\" src=\"https:\/\/www.tobis-notenarchiv.de\/pic\/pd.gif\" alt=\"PDF\" border=\"0\" \/><\/a><\/td>\n<td width=\"50\"><a href=\"https:\/\/www.tobis-notenarchiv.de\/noten\/kellner\/Kellner_JC_Fuge_1_c.mid\"><img decoding=\"async\" src=\"https:\/\/www.tobis-notenarchiv.de\/pic\/mi.gif\" alt=\"Midi\" border=\"0\" \/><\/a><\/td>\n<\/tr>\n<tr>\n<td width=\"400\"><strong>Fuge in D-Dur<\/strong><\/td>\n<td width=\"50\"><a href=\"https:\/\/www.tobis-notenarchiv.de\/noten\/kellner\/Kellner_JC_Fuge_3_D.capx\"><img decoding=\"async\" src=\"https:\/\/www.tobis-notenarchiv.de\/pic\/ca.gif\" alt=\"CapXML\" border=\"0\" \/><\/a><\/td>\n<td width=\"50\"><a href=\"https:\/\/www.tobis-notenarchiv.de\/noten\/kellner\/Kellner_JC_Fuge_3_D.zip\"><img decoding=\"async\" src=\"https:\/\/www.tobis-notenarchiv.de\/pic\/xm.gif\" alt=\"XML\" border=\"0\" \/><\/a><\/td>\n<td width=\"50\"><a href=\"https:\/\/www.tobis-notenarchiv.de\/noten\/kellner\/Kellner_JC_Fuge_3_D.pdf\"><img decoding=\"async\" src=\"https:\/\/www.tobis-notenarchiv.de\/pic\/pd.gif\" alt=\"PDF\" border=\"0\" \/><\/a><\/td>\n<td width=\"50\"><a href=\"https:\/\/www.tobis-notenarchiv.de\/noten\/kellner\/Kellner_JC_Fuge_3_D.mid\"><img decoding=\"async\" src=\"https:\/\/www.tobis-notenarchiv.de\/pic\/mi.gif\" alt=\"Midi\" border=\"0\" \/><\/a><\/td>\n<\/tr>\n<tr>\n<td width=\"400\"><strong>Fuge in F-Dur<\/strong><\/td>\n<td width=\"50\"><a href=\"https:\/\/www.tobis-notenarchiv.de\/noten\/kellner\/Kellner_JC_Fuge_5_F.capx\"><img decoding=\"async\" src=\"https:\/\/www.tobis-notenarchiv.de\/pic\/ca.gif\" alt=\"CapXML\" border=\"0\" \/><\/a><\/td>\n<td width=\"50\"><a href=\"https:\/\/www.tobis-notenarchiv.de\/noten\/kellner\/Kellner_JC_Fuge_5_F.zip\"><img decoding=\"async\" src=\"https:\/\/www.tobis-notenarchiv.de\/pic\/xm.gif\" alt=\"XML\" border=\"0\" \/><\/a><\/td>\n<td width=\"50\"><a href=\"https:\/\/www.tobis-notenarchiv.de\/noten\/kellner\/Kellner_JC_Fuge_5_F.pdf\"><img decoding=\"async\" src=\"https:\/\/www.tobis-notenarchiv.de\/pic\/pd.gif\" alt=\"PDF\" border=\"0\" \/><\/a><\/td>\n<td width=\"50\"><a href=\"https:\/\/www.tobis-notenarchiv.de\/noten\/kellner\/Kellner_JC_Fuge_5_F.mid\"><img decoding=\"async\" src=\"https:\/\/www.tobis-notenarchiv.de\/pic\/mi.gif\" alt=\"Midi\" border=\"0\" \/><\/a><\/td>\n<\/tr>\n<tr>\n<td width=\"400\"><strong>Fuge in d-Moll<\/strong><\/td>\n<td width=\"50\"><a href=\"https:\/\/www.tobis-notenarchiv.de\/noten\/kellner\/Kellner_JC_Fuge_4_d.capx\"><img decoding=\"async\" src=\"https:\/\/www.tobis-notenarchiv.de\/pic\/ca.gif\" alt=\"CapXML\" border=\"0\" \/><\/a><\/td>\n<td width=\"50\"><a href=\"https:\/\/www.tobis-notenarchiv.de\/noten\/kellner\/Kellner_JC_Fuge_4_d.zip\"><img decoding=\"async\" src=\"https:\/\/www.tobis-notenarchiv.de\/pic\/xm.gif\" alt=\"XML\" border=\"0\" \/><\/a><\/td>\n<td width=\"50\"><a href=\"https:\/\/www.tobis-notenarchiv.de\/noten\/kellner\/Kellner_JC_Fuge_4_d.pdf\"><img decoding=\"async\" src=\"https:\/\/www.tobis-notenarchiv.de\/pic\/pd.gif\" alt=\"PDF\" border=\"0\" \/><\/a><\/td>\n<td width=\"50\"><a href=\"https:\/\/www.tobis-notenarchiv.de\/noten\/kellner\/Kellner_JC_Fuge_4_d.mid\"><img decoding=\"async\" src=\"https:\/\/www.tobis-notenarchiv.de\/pic\/mi.gif\" alt=\"Midi\" border=\"0\" \/><\/a><\/td>\n<\/tr>\n<tr>\n<td width=\"400\"><strong>Pr\u00e4ludium in A-Dur<\/strong><\/td>\n<td width=\"50\"><a href=\"https:\/\/www.tobis-notenarchiv.de\/noten\/kellner\/Kellner_Praeludium_A-Dur.capx\"><img decoding=\"async\" src=\"https:\/\/www.tobis-notenarchiv.de\/pic\/ca.gif\" alt=\"CapXML\" border=\"0\" \/><\/a><\/td>\n<td width=\"50\"><a href=\"https:\/\/www.tobis-notenarchiv.de\/noten\/kellner\/Kellner_Praeludium_A-Dur.zip\"><img decoding=\"async\" src=\"https:\/\/www.tobis-notenarchiv.de\/pic\/xm.gif\" alt=\"XML\" border=\"0\" \/><\/a><\/td>\n<td width=\"50\"><a href=\"https:\/\/www.tobis-notenarchiv.de\/noten\/kellner\/Kellner_Praeludium_A-Dur.pdf\"><img decoding=\"async\" src=\"https:\/\/www.tobis-notenarchiv.de\/pic\/pd.gif\" alt=\"PDF\" border=\"0\" \/><\/a><\/td>\n<td width=\"50\"><a href=\"https:\/\/www.tobis-notenarchiv.de\/noten\/kellner\/Kellner_Praeludium_A-Dur.mid\"><img decoding=\"async\" src=\"https:\/\/www.tobis-notenarchiv.de\/pic\/mi.gif\" alt=\"Midi\" border=\"0\" \/><\/a><\/td>\n<\/tr>\n<tr>\n<td width=\"400\"><strong>Pr\u00e4ludium in C-Dur<\/strong><\/td>\n<td width=\"50\"><a href=\"https:\/\/www.tobis-notenarchiv.de\/noten\/kellner\/Kellner_JC_Praeludium_C.capx\"><img decoding=\"async\" src=\"https:\/\/www.tobis-notenarchiv.de\/pic\/ca.gif\" alt=\"CapXML\" border=\"0\" \/><\/a><\/td>\n<td width=\"50\"><a href=\"https:\/\/www.tobis-notenarchiv.de\/noten\/kellner\/Kellner_JC_Praeludium_C.zip\"><img decoding=\"async\" src=\"https:\/\/www.tobis-notenarchiv.de\/pic\/xm.gif\" alt=\"XML\" border=\"0\" \/><\/a><\/td>\n<td width=\"50\"><a href=\"https:\/\/www.tobis-notenarchiv.de\/noten\/kellner\/Kellner_JC_Praeludium_C.pdf\"><img decoding=\"async\" src=\"https:\/\/www.tobis-notenarchiv.de\/pic\/pd.gif\" alt=\"PDF\" border=\"0\" \/><\/a><\/td>\n<td width=\"50\"><a href=\"https:\/\/www.tobis-notenarchiv.de\/noten\/kellner\/Kellner_JC_Praeludium_C.mid\"><img decoding=\"async\" src=\"https:\/\/www.tobis-notenarchiv.de\/pic\/mi.gif\" alt=\"Midi\" border=\"0\" \/><\/a><\/td>\n<\/tr>\n<tr>\n<td width=\"400\"><strong>Pr\u00e4ludium in c-Moll<\/strong><\/td>\n<td width=\"50\"><a href=\"https:\/\/www.tobis-notenarchiv.de\/noten\/kellner\/Kellner_JC_Praeludium_c-Moll.capx\"><img decoding=\"async\" src=\"https:\/\/www.tobis-notenarchiv.de\/pic\/ca.gif\" alt=\"CapXML\" border=\"0\" \/><\/a><\/td>\n<td width=\"50\"><a href=\"https:\/\/www.tobis-notenarchiv.de\/noten\/kellner\/Kellner_JC_Praeludium_c-Moll.zip\"><img decoding=\"async\" src=\"https:\/\/www.tobis-notenarchiv.de\/pic\/xm.gif\" alt=\"XML\" border=\"0\" \/><\/a><\/td>\n<td width=\"50\"><a href=\"https:\/\/www.tobis-notenarchiv.de\/noten\/kellner\/Kellner_JC_Praeludium_c-Moll.pdf\"><img decoding=\"async\" src=\"https:\/\/www.tobis-notenarchiv.de\/pic\/pd.gif\" alt=\"PDF\" border=\"0\" \/><\/a><\/td>\n<td width=\"50\"><a href=\"https:\/\/www.tobis-notenarchiv.de\/noten\/kellner\/Kellner_JC_Praeludium_c-Moll.mid\"><img decoding=\"async\" src=\"https:\/\/www.tobis-notenarchiv.de\/pic\/mi.gif\" alt=\"Midi\" border=\"0\" \/><\/a><\/td>\n<\/tr>\n<tr>\n<td width=\"400\"><strong>Pr\u00e4ludium in G-Dur<\/strong><\/td>\n<td width=\"50\"><a href=\"https:\/\/www.tobis-notenarchiv.de\/noten\/kellner\/Kellner_Praeludium_G-Dur.capx\"><img decoding=\"async\" src=\"https:\/\/www.tobis-notenarchiv.de\/pic\/ca.gif\" alt=\"CapXML\" border=\"0\" \/><\/a><\/td>\n<td width=\"50\"><a href=\"https:\/\/www.tobis-notenarchiv.de\/noten\/kellner\/Kellner_Praeludium_G-Dur.zip\"><img decoding=\"async\" src=\"https:\/\/www.tobis-notenarchiv.de\/pic\/xm.gif\" alt=\"XML\" border=\"0\" \/><\/a><\/td>\n<td width=\"50\"><a href=\"https:\/\/www.tobis-notenarchiv.de\/noten\/kellner\/Kellner_Praeludium_G-Dur.pdf\"><img decoding=\"async\" src=\"https:\/\/www.tobis-notenarchiv.de\/pic\/pd.gif\" alt=\"PDF\" border=\"0\" \/><\/a><\/td>\n<td width=\"50\"><a href=\"https:\/\/www.tobis-notenarchiv.de\/noten\/kellner\/Kellner_Praeludium_G-Dur.mid\"><img decoding=\"async\" src=\"https:\/\/www.tobis-notenarchiv.de\/pic\/mi.gif\" alt=\"Midi\" border=\"0\" \/><\/a><\/td>\n<\/tr>\n<tr>\n<td width=\"400\"><strong>Pr\u00e4ludium in G-Dur<\/strong><\/td>\n<td width=\"50\"><a href=\"https:\/\/www.tobis-notenarchiv.de\/noten\/kellner\/Kellner_JC_Praeludium_G.capx\"><img decoding=\"async\" src=\"https:\/\/www.tobis-notenarchiv.de\/pic\/ca.gif\" alt=\"CapXML\" border=\"0\" \/><\/a><\/td>\n<td width=\"50\"><a href=\"https:\/\/www.tobis-notenarchiv.de\/noten\/kellner\/Kellner_JC_Praeludium_G.zip\"><img decoding=\"async\" src=\"https:\/\/www.tobis-notenarchiv.de\/pic\/xm.gif\" alt=\"XML\" border=\"0\" \/><\/a><\/td>\n<td width=\"50\"><a href=\"https:\/\/www.tobis-notenarchiv.de\/noten\/kellner\/Kellner_JC_Praeludium_G.pdf\"><img decoding=\"async\" src=\"https:\/\/www.tobis-notenarchiv.de\/pic\/pd.gif\" alt=\"PDF\" border=\"0\" \/><\/a><\/td>\n<td width=\"50\"><a href=\"https:\/\/www.tobis-notenarchiv.de\/noten\/kellner\/Kellner_JC_Praeludium_G.mid\"><img decoding=\"async\" src=\"https:\/\/www.tobis-notenarchiv.de\/pic\/mi.gif\" alt=\"Midi\" border=\"0\" \/><\/a><\/td>\n<\/tr>\n<tr>\n<td width=\"400\"><strong>Pr\u00e4ludium in h-Moll<\/strong><\/td>\n<td width=\"50\"><a href=\"https:\/\/www.tobis-notenarchiv.de\/noten\/kellner\/Kellner_Praeludium_h-Moll.capx\"><img decoding=\"async\" src=\"https:\/\/www.tobis-notenarchiv.de\/pic\/ca.gif\" alt=\"CapXML\" border=\"0\" \/><\/a><\/td>\n<td width=\"50\"><a href=\"https:\/\/www.tobis-notenarchiv.de\/noten\/kellner\/Kellner_Praeludium_h-Moll.zip\"><img decoding=\"async\" src=\"https:\/\/www.tobis-notenarchiv.de\/pic\/xm.gif\" alt=\"XML\" border=\"0\" \/><\/a><\/td>\n<td width=\"50\"><a href=\"https:\/\/www.tobis-notenarchiv.de\/noten\/kellner\/Kellner_Praeludium_h-Moll.pdf\"><img decoding=\"async\" src=\"https:\/\/www.tobis-notenarchiv.de\/pic\/pd.gif\" alt=\"PDF\" border=\"0\" \/><\/a><\/td>\n<td width=\"50\"><a href=\"https:\/\/www.tobis-notenarchiv.de\/noten\/kellner\/Kellner_Praeludium_h-Moll.mid\"><img decoding=\"async\" src=\"https:\/\/www.tobis-notenarchiv.de\/pic\/mi.gif\" alt=\"Midi\" border=\"0\" \/><\/a><\/td>\n<\/tr>\n<tr>\n<td width=\"400\"><strong>Trio in D-Dur<\/strong><\/td>\n<td width=\"50\"><a href=\"https:\/\/www.tobis-notenarchiv.de\/noten\/kellner\/Kellner_Trio_D-Dur.capx\"><img decoding=\"async\" src=\"https:\/\/www.tobis-notenarchiv.de\/pic\/ca.gif\" alt=\"CapXML\" border=\"0\" \/><\/a><\/td>\n<td width=\"50\"><a href=\"https:\/\/www.tobis-notenarchiv.de\/noten\/kellner\/Kellner_Trio_D-Dur.zip\"><img decoding=\"async\" src=\"https:\/\/www.tobis-notenarchiv.de\/pic\/xm.gif\" alt=\"XML\" border=\"0\" \/><\/a><\/td>\n<td width=\"50\"><a href=\"https:\/\/www.tobis-notenarchiv.de\/noten\/kellner\/Kellner_Trio_D-Dur.pdf\"><img decoding=\"async\" src=\"https:\/\/www.tobis-notenarchiv.de\/pic\/pd.gif\" alt=\"PDF\" border=\"0\" \/><\/a><\/td>\n<td width=\"50\"><a href=\"https:\/\/www.tobis-notenarchiv.de\/noten\/kellner\/Kellner_Trio_D-Dur.mid\"><img decoding=\"async\" src=\"https:\/\/www.tobis-notenarchiv.de\/pic\/mi.gif\" alt=\"Midi\" border=\"0\" \/><\/a><\/td>\n<\/tr>\n<\/tbody>\n<\/table>\n<p><\/p>\n","protected":false},"excerpt":{"rendered":"<p>Lebensdaten: 1736 &#8211; 1803 Biografie: Wikipedia &nbsp; Fuge in C-Dur Fuge in C-Dur Fuge in c-Moll Fuge in D-Dur Fuge in F-Dur Fuge in d-Moll Pr\u00e4ludium in A-Dur Pr\u00e4ludium in C-Dur Pr\u00e4ludium in c-Moll Pr\u00e4ludium in G-Dur Pr\u00e4ludium in G-Dur Pr\u00e4ludium in h-Moll Trio in D-Dur<\/p>\n","protected":false},"author":1,"featured_media":0,"parent":37,"menu_order":0,"comment_status":"closed","ping_status":"closed","template":"","meta":{"footnotes":""},"class_list":["post-570","page","type-page","status-publish","hentry"],"yoast_head":"<!-- This site is optimized with the Yoast SEO plugin v27.3 - https:\/\/yoast.com\/product\/yoast-seo-wordpress\/ -->\n<title>Kellner, Johann Christoph - Tobis Notenarchiv<\/title>\n<meta name=\"robots\" content=\"index, follow, max-snippet:-1, max-image-preview:large, max-video-preview:-1\" \/>\n<link rel=\"canonical\" href=\"https:\/\/tobis-notenarchiv.de\/wp\/noten-archiv\/kellner-johann-christoph\/\" \/>\n<meta property=\"og:locale\" content=\"de_DE\" \/>\n<meta property=\"og:type\" content=\"article\" \/>\n<meta property=\"og:title\" content=\"Kellner, Johann Christoph - Tobis Notenarchiv\" \/>\n<meta property=\"og:description\" content=\"Lebensdaten: 1736 &#8211; 1803 Biografie: Wikipedia &nbsp; Fuge in C-Dur Fuge in C-Dur Fuge in c-Moll Fuge in D-Dur Fuge in F-Dur Fuge in d-Moll Pr\u00e4ludium in A-Dur Pr\u00e4ludium in C-Dur Pr\u00e4ludium in c-Moll Pr\u00e4ludium in G-Dur Pr\u00e4ludium in G-Dur Pr\u00e4ludium in h-Moll Trio in D-Dur\" \/>\n<meta property=\"og:url\" content=\"https:\/\/tobis-notenarchiv.de\/wp\/noten-archiv\/kellner-johann-christoph\/\" \/>\n<meta property=\"og:site_name\" content=\"Tobis Notenarchiv\" \/>\n<meta property=\"article:modified_time\" content=\"2025-04-24T10:09:31+00:00\" \/>\n<meta property=\"og:image\" content=\"https:\/\/www.tobis-notenarchiv.de\/pic\/ca.gif\" \/>\n<meta name=\"twitter:card\" content=\"summary_large_image\" \/>\n<meta name=\"twitter:label1\" content=\"Gesch\u00e4tzte Lesezeit\" \/>\n\t<meta name=\"twitter:data1\" content=\"10\u00a0Minuten\" \/>\n<script type=\"application\/ld+json\" class=\"yoast-schema-graph\">{\"@context\":\"https:\\\/\\\/schema.org\",\"@graph\":[{\"@type\":\"WebPage\",\"@id\":\"https:\\\/\\\/tobis-notenarchiv.de\\\/wp\\\/noten-archiv\\\/kellner-johann-christoph\\\/\",\"url\":\"https:\\\/\\\/tobis-notenarchiv.de\\\/wp\\\/noten-archiv\\\/kellner-johann-christoph\\\/\",\"name\":\"Kellner, Johann Christoph - Tobis Notenarchiv\",\"isPartOf\":{\"@id\":\"https:\\\/\\\/tobis-notenarchiv.de\\\/wp\\\/#website\"},\"primaryImageOfPage\":{\"@id\":\"https:\\\/\\\/tobis-notenarchiv.de\\\/wp\\\/noten-archiv\\\/kellner-johann-christoph\\\/#primaryimage\"},\"image\":{\"@id\":\"https:\\\/\\\/tobis-notenarchiv.de\\\/wp\\\/noten-archiv\\\/kellner-johann-christoph\\\/#primaryimage\"},\"thumbnailUrl\":\"https:\\\/\\\/www.tobis-notenarchiv.de\\\/pic\\\/ca.gif\",\"datePublished\":\"2021-08-15T07:22:15+00:00\",\"dateModified\":\"2025-04-24T10:09:31+00:00\",\"breadcrumb\":{\"@id\":\"https:\\\/\\\/tobis-notenarchiv.de\\\/wp\\\/noten-archiv\\\/kellner-johann-christoph\\\/#breadcrumb\"},\"inLanguage\":\"de\",\"potentialAction\":[{\"@type\":\"ReadAction\",\"target\":[\"https:\\\/\\\/tobis-notenarchiv.de\\\/wp\\\/noten-archiv\\\/kellner-johann-christoph\\\/\"]}]},{\"@type\":\"ImageObject\",\"inLanguage\":\"de\",\"@id\":\"https:\\\/\\\/tobis-notenarchiv.de\\\/wp\\\/noten-archiv\\\/kellner-johann-christoph\\\/#primaryimage\",\"url\":\"https:\\\/\\\/www.tobis-notenarchiv.de\\\/pic\\\/ca.gif\",\"contentUrl\":\"https:\\\/\\\/www.tobis-notenarchiv.de\\\/pic\\\/ca.gif\"},{\"@type\":\"BreadcrumbList\",\"@id\":\"https:\\\/\\\/tobis-notenarchiv.de\\\/wp\\\/noten-archiv\\\/kellner-johann-christoph\\\/#breadcrumb\",\"itemListElement\":[{\"@type\":\"ListItem\",\"position\":1,\"name\":\"Startseite\",\"item\":\"https:\\\/\\\/tobis-notenarchiv.de\\\/wp\\\/\"},{\"@type\":\"ListItem\",\"position\":2,\"name\":\"Notenarchiv\",\"item\":\"https:\\\/\\\/tobis-notenarchiv.de\\\/wp\\\/noten-archiv\\\/\"},{\"@type\":\"ListItem\",\"position\":3,\"name\":\"Kellner, Johann Christoph\"}]},{\"@type\":\"WebSite\",\"@id\":\"https:\\\/\\\/tobis-notenarchiv.de\\\/wp\\\/#website\",\"url\":\"https:\\\/\\\/tobis-notenarchiv.de\\\/wp\\\/\",\"name\":\"Tobis Notenarchiv\",\"description\":\"\",\"potentialAction\":[{\"@type\":\"SearchAction\",\"target\":{\"@type\":\"EntryPoint\",\"urlTemplate\":\"https:\\\/\\\/tobis-notenarchiv.de\\\/wp\\\/?s={search_term_string}\"},\"query-input\":{\"@type\":\"PropertyValueSpecification\",\"valueRequired\":true,\"valueName\":\"search_term_string\"}}],\"inLanguage\":\"de\"}]}<\/script>\n<!-- \/ Yoast SEO plugin. -->","yoast_head_json":{"title":"Kellner, Johann Christoph - Tobis Notenarchiv","robots":{"index":"index","follow":"follow","max-snippet":"max-snippet:-1","max-image-preview":"max-image-preview:large","max-video-preview":"max-video-preview:-1"},"canonical":"https:\/\/tobis-notenarchiv.de\/wp\/noten-archiv\/kellner-johann-christoph\/","og_locale":"de_DE","og_type":"article","og_title":"Kellner, Johann Christoph - Tobis Notenarchiv","og_description":"Lebensdaten: 1736 &#8211; 1803 Biografie: Wikipedia &nbsp; Fuge in C-Dur Fuge in C-Dur Fuge in c-Moll Fuge in D-Dur Fuge in F-Dur Fuge in d-Moll Pr\u00e4ludium in A-Dur Pr\u00e4ludium in C-Dur Pr\u00e4ludium in c-Moll Pr\u00e4ludium in G-Dur Pr\u00e4ludium in G-Dur Pr\u00e4ludium in h-Moll Trio in D-Dur","og_url":"https:\/\/tobis-notenarchiv.de\/wp\/noten-archiv\/kellner-johann-christoph\/","og_site_name":"Tobis Notenarchiv","article_modified_time":"2025-04-24T10:09:31+00:00","og_image":[{"url":"https:\/\/www.tobis-notenarchiv.de\/pic\/ca.gif","type":"","width":"","height":""}],"twitter_card":"summary_large_image","twitter_misc":{"Gesch\u00e4tzte Lesezeit":"10\u00a0Minuten"},"schema":{"@context":"https:\/\/schema.org","@graph":[{"@type":"WebPage","@id":"https:\/\/tobis-notenarchiv.de\/wp\/noten-archiv\/kellner-johann-christoph\/","url":"https:\/\/tobis-notenarchiv.de\/wp\/noten-archiv\/kellner-johann-christoph\/","name":"Kellner, Johann Christoph - Tobis Notenarchiv","isPartOf":{"@id":"https:\/\/tobis-notenarchiv.de\/wp\/#website"},"primaryImageOfPage":{"@id":"https:\/\/tobis-notenarchiv.de\/wp\/noten-archiv\/kellner-johann-christoph\/#primaryimage"},"image":{"@id":"https:\/\/tobis-notenarchiv.de\/wp\/noten-archiv\/kellner-johann-christoph\/#primaryimage"},"thumbnailUrl":"https:\/\/www.tobis-notenarchiv.de\/pic\/ca.gif","datePublished":"2021-08-15T07:22:15+00:00","dateModified":"2025-04-24T10:09:31+00:00","breadcrumb":{"@id":"https:\/\/tobis-notenarchiv.de\/wp\/noten-archiv\/kellner-johann-christoph\/#breadcrumb"},"inLanguage":"de","potentialAction":[{"@type":"ReadAction","target":["https:\/\/tobis-notenarchiv.de\/wp\/noten-archiv\/kellner-johann-christoph\/"]}]},{"@type":"ImageObject","inLanguage":"de","@id":"https:\/\/tobis-notenarchiv.de\/wp\/noten-archiv\/kellner-johann-christoph\/#primaryimage","url":"https:\/\/www.tobis-notenarchiv.de\/pic\/ca.gif","contentUrl":"https:\/\/www.tobis-notenarchiv.de\/pic\/ca.gif"},{"@type":"BreadcrumbList","@id":"https:\/\/tobis-notenarchiv.de\/wp\/noten-archiv\/kellner-johann-christoph\/#breadcrumb","itemListElement":[{"@type":"ListItem","position":1,"name":"Startseite","item":"https:\/\/tobis-notenarchiv.de\/wp\/"},{"@type":"ListItem","position":2,"name":"Notenarchiv","item":"https:\/\/tobis-notenarchiv.de\/wp\/noten-archiv\/"},{"@type":"ListItem","position":3,"name":"Kellner, Johann Christoph"}]},{"@type":"WebSite","@id":"https:\/\/tobis-notenarchiv.de\/wp\/#website","url":"https:\/\/tobis-notenarchiv.de\/wp\/","name":"Tobis Notenarchiv","description":"","potentialAction":[{"@type":"SearchAction","target":{"@type":"EntryPoint","urlTemplate":"https:\/\/tobis-notenarchiv.de\/wp\/?s={search_term_string}"},"query-input":{"@type":"PropertyValueSpecification","valueRequired":true,"valueName":"search_term_string"}}],"inLanguage":"de"}]}},"_links":{"self":[{"href":"https:\/\/tobis-notenarchiv.de\/wp\/wp-json\/wp\/v2\/pages\/570","targetHints":{"allow":["GET"]}}],"collection":[{"href":"https:\/\/tobis-notenarchiv.de\/wp\/wp-json\/wp\/v2\/pages"}],"about":[{"href":"https:\/\/tobis-notenarchiv.de\/wp\/wp-json\/wp\/v2\/types\/page"}],"author":[{"embeddable":true,"href":"https:\/\/tobis-notenarchiv.de\/wp\/wp-json\/wp\/v2\/users\/1"}],"replies":[{"embeddable":true,"href":"https:\/\/tobis-notenarchiv.de\/wp\/wp-json\/wp\/v2\/comments?post=570"}],"version-history":[{"count":9,"href":"https:\/\/tobis-notenarchiv.de\/wp\/wp-json\/wp\/v2\/pages\/570\/revisions"}],"predecessor-version":[{"id":6264,"href":"https:\/\/tobis-notenarchiv.de\/wp\/wp-json\/wp\/v2\/pages\/570\/revisions\/6264"}],"up":[{"embeddable":true,"href":"https:\/\/tobis-notenarchiv.de\/wp\/wp-json\/wp\/v2\/pages\/37"}],"wp:attachment":[{"href":"https:\/\/tobis-notenarchiv.de\/wp\/wp-json\/wp\/v2\/media?parent=570"}],"curies":[{"name":"wp","href":"https:\/\/api.w.org\/{rel}","templated":true}]}}