{"id":535,"date":"2021-08-14T22:57:46","date_gmt":"2021-08-14T20:57:46","guid":{"rendered":"https:\/\/tobis-notenarchiv.de\/wp\/?page_id=535"},"modified":"2024-06-02T12:19:26","modified_gmt":"2024-06-02T10:19:26","slug":"haendel-georg-friedrich","status":"publish","type":"page","link":"https:\/\/tobis-notenarchiv.de\/wp\/noten-archiv\/haendel-georg-friedrich\/","title":{"rendered":"H\u00e4ndel, Georg Friedrich"},"content":{"rendered":"<p>Lebensdaten: 1685 \u2013 1759<br \/>\nBiografie: <a href=\"https:\/\/de.wikipedia.org\/wiki\/Georg_Friedrich_H%C3%A4ndel\" target=\"_blank\" rel=\"noopener\">Wikipedia<\/a><\/p>\n<h2>K\u00f6nigliche Feuerwerksmusik<\/h2>\n<table>\n<tbody>\n<tr>\n<td width=\"400\">Titelblatt<\/td>\n<td width=\"50\"><\/td>\n<td width=\"50\"><\/td>\n<td width=\"50\"><a href=\"https:\/\/www.tobis-notenarchiv.de\/noten\/haendel\/feuer_titel.pdf\"><img decoding=\"async\" src=\"https:\/\/www.tobis-notenarchiv.de\/pic\/pd.gif\" alt=\"Dokument\" border=\"0\" \/><\/a><\/td>\n<td width=\"50\"><\/td>\n<\/tr>\n<tr>\n<td width=\"400\">Inhaltsverzeichnis<\/td>\n<td width=\"50\"><\/td>\n<td width=\"50\"><\/td>\n<td width=\"50\"><a href=\"https:\/\/www.tobis-notenarchiv.de\/noten\/haendel\/feuer_inhalt.pdf\"><img decoding=\"async\" src=\"https:\/\/www.tobis-notenarchiv.de\/pic\/pd.gif\" alt=\"Dokument\" border=\"0\" \/><\/a><\/td>\n<td width=\"50\"><\/td>\n<\/tr>\n<tr>\n<td width=\"400\">Ouvert\u00fcre<\/td>\n<td width=\"50\"><a href=\"https:\/\/www.tobis-notenarchiv.de\/noten\/haendel\/feuer_01.capx\"><img decoding=\"async\" src=\"https:\/\/www.tobis-notenarchiv.de\/pic\/ca.gif\" alt=\"CapXML\" border=\"0\" \/><\/a><\/td>\n<td width=\"50\"><a href=\"https:\/\/www.tobis-notenarchiv.de\/noten\/haendel\/feuer_01.zip\"><img decoding=\"async\" src=\"https:\/\/www.tobis-notenarchiv.de\/pic\/xm.gif\" alt=\"XML\" border=\"0\" \/><\/a><\/td>\n<td width=\"50\"><a href=\"https:\/\/www.tobis-notenarchiv.de\/noten\/haendel\/feuer_01.pdf\"><img decoding=\"async\" src=\"https:\/\/www.tobis-notenarchiv.de\/pic\/pd.gif\" alt=\"PDF\" border=\"0\" \/><\/a><\/td>\n<td width=\"50\"><a href=\"https:\/\/www.tobis-notenarchiv.de\/noten\/haendel\/feuer_01.mid\"><img decoding=\"async\" src=\"https:\/\/www.tobis-notenarchiv.de\/pic\/mi.gif\" alt=\"Midi\" border=\"0\" \/><\/a><\/td>\n<\/tr>\n<tr>\n<td width=\"400\">Bour\u00e9e<\/td>\n<td width=\"50\"><a href=\"https:\/\/www.tobis-notenarchiv.de\/noten\/haendel\/feuer_02.capx\"><img decoding=\"async\" src=\"https:\/\/www.tobis-notenarchiv.de\/pic\/ca.gif\" alt=\"CapXML\" border=\"0\" \/><\/a><\/td>\n<td width=\"50\"><a href=\"https:\/\/www.tobis-notenarchiv.de\/noten\/haendel\/feuer_02.zip\"><img decoding=\"async\" src=\"https:\/\/www.tobis-notenarchiv.de\/pic\/xm.gif\" alt=\"XML\" border=\"0\" \/><\/a><\/td>\n<td width=\"50\"><a href=\"https:\/\/www.tobis-notenarchiv.de\/noten\/haendel\/feuer_02.pdf\"><img decoding=\"async\" src=\"https:\/\/www.tobis-notenarchiv.de\/pic\/pd.gif\" alt=\"PDF\" border=\"0\" \/><\/a><\/td>\n<td width=\"50\"><a href=\"https:\/\/www.tobis-notenarchiv.de\/noten\/haendel\/feuer_02.mid\"><img decoding=\"async\" src=\"https:\/\/www.tobis-notenarchiv.de\/pic\/mi.gif\" alt=\"Midi\" border=\"0\" \/><\/a><\/td>\n<\/tr>\n<tr>\n<td width=\"400\">La Paix<\/td>\n<td width=\"50\"><a href=\"https:\/\/www.tobis-notenarchiv.de\/noten\/haendel\/feuer_03.capx\"><img decoding=\"async\" src=\"https:\/\/www.tobis-notenarchiv.de\/pic\/ca.gif\" alt=\"CapXML\" border=\"0\" \/><\/a><\/td>\n<td width=\"50\"><a href=\"https:\/\/www.tobis-notenarchiv.de\/noten\/haendel\/feuer_03.zip\"><img decoding=\"async\" src=\"https:\/\/www.tobis-notenarchiv.de\/pic\/xm.gif\" alt=\"XML\" border=\"0\" \/><\/a><\/td>\n<td width=\"50\"><a href=\"https:\/\/www.tobis-notenarchiv.de\/noten\/haendel\/feuer_03.pdf\"><img decoding=\"async\" src=\"https:\/\/www.tobis-notenarchiv.de\/pic\/pd.gif\" alt=\"PDF\" border=\"0\" \/><\/a><\/td>\n<td width=\"50\"><a href=\"https:\/\/www.tobis-notenarchiv.de\/noten\/haendel\/feuer_03.mid\"><img decoding=\"async\" src=\"https:\/\/www.tobis-notenarchiv.de\/pic\/mi.gif\" alt=\"Midi\" border=\"0\" \/><\/a><\/td>\n<\/tr>\n<tr>\n<td width=\"400\">La R\u00e9jouissance<\/td>\n<td width=\"50\"><a href=\"https:\/\/www.tobis-notenarchiv.de\/noten\/haendel\/feuer_04.capx\"><img decoding=\"async\" src=\"https:\/\/www.tobis-notenarchiv.de\/pic\/ca.gif\" alt=\"CapXML\" border=\"0\" \/><\/a><\/td>\n<td width=\"50\"><a href=\"https:\/\/www.tobis-notenarchiv.de\/noten\/haendel\/feuer_04.zip\"><img decoding=\"async\" src=\"https:\/\/www.tobis-notenarchiv.de\/pic\/xm.gif\" alt=\"XML\" border=\"0\" \/><\/a><\/td>\n<td width=\"50\"><a href=\"https:\/\/www.tobis-notenarchiv.de\/noten\/haendel\/feuer_04.pdf\"><img decoding=\"async\" src=\"https:\/\/www.tobis-notenarchiv.de\/pic\/pd.gif\" alt=\"PDF\" border=\"0\" \/><\/a><\/td>\n<td width=\"50\"><a href=\"https:\/\/www.tobis-notenarchiv.de\/noten\/haendel\/feuer_04.mid\"><img decoding=\"async\" src=\"https:\/\/www.tobis-notenarchiv.de\/pic\/mi.gif\" alt=\"Midi\" border=\"0\" \/><\/a><\/td>\n<\/tr>\n<tr>\n<td width=\"400\">Menuet I.<\/td>\n<td width=\"50\"><a href=\"https:\/\/www.tobis-notenarchiv.de\/noten\/haendel\/feuer_05.capx\"><img decoding=\"async\" src=\"https:\/\/www.tobis-notenarchiv.de\/pic\/ca.gif\" alt=\"CapXML\" border=\"0\" \/><\/a><\/td>\n<td width=\"50\"><a href=\"https:\/\/www.tobis-notenarchiv.de\/noten\/haendel\/feuer_05.zip\"><img decoding=\"async\" src=\"https:\/\/www.tobis-notenarchiv.de\/pic\/xm.gif\" alt=\"XML\" border=\"0\" \/><\/a><\/td>\n<td width=\"50\"><a href=\"https:\/\/www.tobis-notenarchiv.de\/noten\/haendel\/feuer_05.pdf\"><img decoding=\"async\" src=\"https:\/\/www.tobis-notenarchiv.de\/pic\/pd.gif\" alt=\"PDF\" border=\"0\" \/><\/a><\/td>\n<td width=\"50\"><a href=\"https:\/\/www.tobis-notenarchiv.de\/noten\/haendel\/feuer_05.mid\"><img decoding=\"async\" src=\"https:\/\/www.tobis-notenarchiv.de\/pic\/mi.gif\" alt=\"Midi\" border=\"0\" \/><\/a><\/td>\n<\/tr>\n<tr>\n<td width=\"400\">Menuet II.<\/td>\n<td width=\"50\"><a href=\"https:\/\/www.tobis-notenarchiv.de\/noten\/haendel\/feuer_06.capx\"><img decoding=\"async\" src=\"https:\/\/www.tobis-notenarchiv.de\/pic\/ca.gif\" alt=\"CapXML\" border=\"0\" \/><\/a><\/td>\n<td width=\"50\"><a href=\"https:\/\/www.tobis-notenarchiv.de\/noten\/haendel\/feuer_06.zip\"><img decoding=\"async\" src=\"https:\/\/www.tobis-notenarchiv.de\/pic\/xm.gif\" alt=\"XML\" border=\"0\" \/><\/a><\/td>\n<td width=\"50\"><a href=\"https:\/\/www.tobis-notenarchiv.de\/noten\/haendel\/feuer_06.pdf\"><img decoding=\"async\" src=\"https:\/\/www.tobis-notenarchiv.de\/pic\/pd.gif\" alt=\"PDF\" border=\"0\" \/><\/a><\/td>\n<td width=\"50\"><a href=\"https:\/\/www.tobis-notenarchiv.de\/noten\/haendel\/feuer_06.mid\"><img decoding=\"async\" src=\"https:\/\/www.tobis-notenarchiv.de\/pic\/mi.gif\" alt=\"Midi\" border=\"0\" \/><\/a><\/td>\n<\/tr>\n<\/tbody>\n<\/table>\n<p>&nbsp;<\/p>\n<h2>Orgelwerke<\/h2>\n<table>\n<tbody>\n<tr>\n<td width=\"400\"><strong>Fuge in A-Dur<\/strong><\/td>\n<td width=\"50\"><a href=\"https:\/\/www.tobis-notenarchiv.de\/noten\/haendel\/Haendel_Fuge_in_A-Dur.capx\"><img decoding=\"async\" src=\"https:\/\/www.tobis-notenarchiv.de\/pic\/ca.gif\" alt=\"CapXML\" border=\"0\" \/><\/a><\/td>\n<td width=\"50\"><a href=\"https:\/\/www.tobis-notenarchiv.de\/noten\/haendel\/Haendel_Fuge_in_A-Dur.zip\"><img decoding=\"async\" src=\"https:\/\/www.tobis-notenarchiv.de\/pic\/xm.gif\" alt=\"XML\" border=\"0\" \/><\/a><\/td>\n<td width=\"50\"><a href=\"https:\/\/www.tobis-notenarchiv.de\/noten\/haendel\/Haendel_Fuge_in_A-Dur.pdf\"><img decoding=\"async\" src=\"https:\/\/www.tobis-notenarchiv.de\/pic\/pd.gif\" alt=\"PDF\" border=\"0\" \/><\/a><\/td>\n<td width=\"50\"><a href=\"https:\/\/www.tobis-notenarchiv.de\/noten\/haendel\/Haendel_Fuge_in_A-Dur.mid\"><img decoding=\"async\" src=\"https:\/\/www.tobis-notenarchiv.de\/pic\/mi.gif\" alt=\"Midi\" border=\"0\" \/><\/a><\/td>\n<\/tr>\n<tr>\n<td width=\"400\"><strong>Fuge in F-Dur<\/strong><\/td>\n<td width=\"50\"><a href=\"https:\/\/www.tobis-notenarchiv.de\/noten\/orgelfreund\/12_04_Haendel_Fuge_F.capx\"><img decoding=\"async\" src=\"https:\/\/www.tobis-notenarchiv.de\/pic\/ca.gif\" alt=\"CAP-XML\" border=\"0\" \/><\/a><\/td>\n<td width=\"50\"><a href=\"https:\/\/www.tobis-notenarchiv.de\/noten\/orgelfreund\/12_04_Haendel_Fuge_F.zip\"><img decoding=\"async\" src=\"https:\/\/www.tobis-notenarchiv.de\/pic\/xm.gif\" alt=\"XML\" border=\"0\" \/><\/a><\/td>\n<td width=\"50\"><a href=\"https:\/\/www.tobis-notenarchiv.de\/noten\/orgelfreund\/12_04_Haendel_Fuge_F.pdf\"><img decoding=\"async\" src=\"https:\/\/www.tobis-notenarchiv.de\/pic\/pd.gif\" alt=\"PDF\" border=\"0\" \/><\/a><\/td>\n<td width=\"50\"><a href=\"https:\/\/www.tobis-notenarchiv.de\/noten\/orgelfreund\/12_04_Haendel_Fuge_F.mid\"><img decoding=\"async\" src=\"https:\/\/www.tobis-notenarchiv.de\/pic\/mi.gif\" alt=\"Midi\" border=\"0\" \/><\/a><\/td>\n<\/tr>\n<tr>\n<td width=\"400\"><strong>Fuge in G-Dur<\/strong><\/td>\n<td width=\"50\"><a href=\"https:\/\/www.tobis-notenarchiv.de\/noten\/haendel\/Haendel_HWV_429.capx\"><img decoding=\"async\" src=\"https:\/\/www.tobis-notenarchiv.de\/pic\/ca.gif\" alt=\"CapXML\" border=\"0\" \/><\/a><\/td>\n<td width=\"50\"><a href=\"https:\/\/www.tobis-notenarchiv.de\/noten\/haendel\/Haendel_HWV_429.zip\"><img decoding=\"async\" src=\"https:\/\/www.tobis-notenarchiv.de\/pic\/xm.gif\" alt=\"XML\" border=\"0\" \/><\/a><\/td>\n<td width=\"50\"><a href=\"https:\/\/www.tobis-notenarchiv.de\/noten\/haendel\/Haendel_HWV_429.pdf\"><img decoding=\"async\" src=\"https:\/\/www.tobis-notenarchiv.de\/pic\/pd.gif\" alt=\"PDF\" border=\"0\" \/><\/a><\/td>\n<td width=\"50\"><a href=\"https:\/\/www.tobis-notenarchiv.de\/noten\/haendel\/Haendel_HWV_429.mid\"><img decoding=\"async\" src=\"https:\/\/www.tobis-notenarchiv.de\/pic\/mi.gif\" alt=\"Midi\" border=\"0\" \/><\/a><\/td>\n<\/tr>\n<tr>\n<td width=\"400\"><strong>Fuge in g-Moll<\/strong><\/td>\n<td width=\"50\"><a href=\"https:\/\/www.tobis-notenarchiv.de\/noten\/orgelfreund\/04-50-Haendel_Fuge_g-Moll.capx\"><img decoding=\"async\" src=\"https:\/\/www.tobis-notenarchiv.de\/pic\/ca.gif\" alt=\"CapXML\" border=\"0\" \/><\/a><\/td>\n<td width=\"50\"><a href=\"https:\/\/www.tobis-notenarchiv.de\/noten\/orgelfreund\/04-50-Haendel_Fuge_g-Moll.zip\"><img decoding=\"async\" src=\"https:\/\/www.tobis-notenarchiv.de\/pic\/xm.gif\" alt=\"XML\" border=\"0\" \/><\/a><\/td>\n<td width=\"50\"><a href=\"https:\/\/www.tobis-notenarchiv.de\/noten\/orgelfreund\/04-50-Haendel_Fuge_g-Moll.pdf\"><img decoding=\"async\" src=\"https:\/\/www.tobis-notenarchiv.de\/pic\/pd.gif\" alt=\"PDF\" border=\"0\" \/><\/a><\/td>\n<td width=\"50\"><a href=\"https:\/\/www.tobis-notenarchiv.de\/noten\/orgelfreund\/04-50-Haendel_Fuge_g-Moll.mid\"><img decoding=\"async\" src=\"https:\/\/www.tobis-notenarchiv.de\/pic\/mi.gif\" alt=\"Midi\" border=\"0\" \/><\/a><\/td>\n<\/tr>\n<tr>\n<td width=\"400\"><strong>Halleluja aus dem Messias f\u00fcr Orgel<\/strong><\/td>\n<td width=\"50\"><a href=\"https:\/\/www.tobis-notenarchiv.de\/noten\/haendel\/023_Haendel_Halleluja.capx\"><img decoding=\"async\" src=\"https:\/\/www.tobis-notenarchiv.de\/pic\/ca.gif\" alt=\"CapXML\" border=\"0\" \/><\/a><\/td>\n<td width=\"50\"><a href=\"https:\/\/www.tobis-notenarchiv.de\/noten\/haendel\/023_Haendel_Halleluja.zip\"><img decoding=\"async\" src=\"https:\/\/www.tobis-notenarchiv.de\/pic\/xm.gif\" alt=\"XML\" border=\"0\" \/><\/a><\/td>\n<td width=\"50\"><a href=\"https:\/\/www.tobis-notenarchiv.de\/noten\/haendel\/023_Haendel_Halleluja.pdf\"><img decoding=\"async\" src=\"https:\/\/www.tobis-notenarchiv.de\/pic\/pd.gif\" alt=\"PDF\" border=\"0\" \/><\/a><\/td>\n<td width=\"50\"><a href=\"https:\/\/www.tobis-notenarchiv.de\/noten\/haendel\/023_Haendel_Halleluja.mid\"><img decoding=\"async\" src=\"https:\/\/www.tobis-notenarchiv.de\/pic\/mi.gif\" alt=\"Midi\" border=\"0\" \/><\/a><\/td>\n<\/tr>\n<tr>\n<td width=\"400\"><strong>Herzlich tut mich verlangen<\/strong><\/td>\n<td width=\"50\"><a href=\"https:\/\/www.tobis-notenarchiv.de\/noten\/100_praeludien\/100_Prael_038_Haendel_Herzlichtut.capx\"><img decoding=\"async\" src=\"https:\/\/www.tobis-notenarchiv.de\/pic\/ca.gif\" alt=\"CAP-XML\" border=\"0\" \/><\/a><\/td>\n<td width=\"50\"><a href=\"https:\/\/www.tobis-notenarchiv.de\/noten\/100_praeludien\/100_Prael_038_Haendel_Herzlichtut.zip\"><img decoding=\"async\" src=\"https:\/\/www.tobis-notenarchiv.de\/pic\/xm.gif\" alt=\"XML\" border=\"0\" \/><\/a><\/td>\n<td width=\"50\"><a href=\"https:\/\/www.tobis-notenarchiv.de\/noten\/100_praeludien\/100_Prael_038_Haendel_Herzlichtut.pdf\"><img decoding=\"async\" src=\"https:\/\/www.tobis-notenarchiv.de\/pic\/pd.gif\" alt=\"PDF\" border=\"0\" \/><\/a><\/td>\n<td width=\"50\"><a href=\"https:\/\/www.tobis-notenarchiv.de\/noten\/100_praeludien\/100_Prael_038_Haendel_Herzlichtut.mid\"><img decoding=\"async\" src=\"https:\/\/www.tobis-notenarchiv.de\/pic\/mi.gif\" alt=\"Midi\" border=\"0\" \/><\/a><\/td>\n<\/tr>\n<tr>\n<td width=\"400\"><strong>Jesu, deine Passion<\/strong><\/td>\n<td width=\"50\"><a href=\"https:\/\/www.tobis-notenarchiv.de\/noten\/100_praeludien\/100_Prael_045_Haendel_Jesudeine.capx\"><img decoding=\"async\" src=\"https:\/\/www.tobis-notenarchiv.de\/pic\/ca.gif\" alt=\"CAP-XML\" border=\"0\" \/><\/a><\/td>\n<td width=\"50\"><a href=\"https:\/\/www.tobis-notenarchiv.de\/noten\/100_praeludien\/100_Prael_045_Haendel_Jesudeine.zip\"><img decoding=\"async\" src=\"https:\/\/www.tobis-notenarchiv.de\/pic\/xm.gif\" alt=\"XML\" border=\"0\" \/><\/a><\/td>\n<td width=\"50\"><a href=\"https:\/\/www.tobis-notenarchiv.de\/noten\/100_praeludien\/100_Prael_045_Haendel_Jesudeine.pdf\"><img decoding=\"async\" src=\"https:\/\/www.tobis-notenarchiv.de\/pic\/pd.gif\" alt=\"PDF\" border=\"0\" \/><\/a><\/td>\n<td width=\"50\"><a href=\"https:\/\/www.tobis-notenarchiv.de\/noten\/100_praeludien\/100_Prael_045_Haendel_Jesudeine.mid\"><img decoding=\"async\" src=\"https:\/\/www.tobis-notenarchiv.de\/pic\/mi.gif\" alt=\"Midi\" border=\"0\" \/><\/a><\/td>\n<\/tr>\n<tr>\n<td width=\"400\"><strong>Preis ihm, der unser Heiligtum<\/strong><\/td>\n<td width=\"50\"><a href=\"https:\/\/www.tobis-notenarchiv.de\/noten\/100_praeludien\/100_Prael_075_Haendel_Preisihm.capx\"><img decoding=\"async\" src=\"https:\/\/www.tobis-notenarchiv.de\/pic\/ca.gif\" alt=\"CAP-XML\" border=\"0\" \/><\/a><\/td>\n<td width=\"50\"><a href=\"https:\/\/www.tobis-notenarchiv.de\/noten\/100_praeludien\/100_Prael_075_Haendel_Preisihm.zip\"><img decoding=\"async\" src=\"https:\/\/www.tobis-notenarchiv.de\/pic\/xm.gif\" alt=\"XML\" border=\"0\" \/><\/a><\/td>\n<td width=\"50\"><a href=\"https:\/\/www.tobis-notenarchiv.de\/noten\/100_praeludien\/100_Prael_075_Haendel_Preisihm.pdf\"><img decoding=\"async\" src=\"https:\/\/www.tobis-notenarchiv.de\/pic\/pd.gif\" alt=\"PDF\" border=\"0\" \/><\/a><\/td>\n<td width=\"50\"><a href=\"https:\/\/www.tobis-notenarchiv.de\/noten\/100_praeludien\/100_Prael_075_Haendel_Preisihm.mid\"><img decoding=\"async\" src=\"https:\/\/www.tobis-notenarchiv.de\/pic\/mi.gif\" alt=\"Midi\" border=\"0\" \/><\/a><\/td>\n<\/tr>\n<tr>\n<td width=\"400\"><strong>Sarabande aus Cembalo-Suite Nr. 4, HWV 437<\/strong><\/td>\n<td width=\"50\"><a href=\"https:\/\/www.tobis-notenarchiv.de\/noten\/haendel\/HWV_0437_3_Sarabande_d-moll.capx\"><img decoding=\"async\" src=\"https:\/\/www.tobis-notenarchiv.de\/pic\/ca.gif\" alt=\"CapXML\" border=\"0\" \/><\/a><\/td>\n<td width=\"50\"><a href=\"https:\/\/www.tobis-notenarchiv.de\/noten\/haendel\/HWV_0437_3_Sarabande_d-moll.zip\"><img decoding=\"async\" src=\"https:\/\/www.tobis-notenarchiv.de\/pic\/xm.gif\" alt=\"XML\" border=\"0\" \/><\/a><\/td>\n<td width=\"50\"><a href=\"https:\/\/www.tobis-notenarchiv.de\/noten\/haendel\/HWV_0437_3_Sarabande_d-moll.pdf\"><img decoding=\"async\" src=\"https:\/\/www.tobis-notenarchiv.de\/pic\/pd.gif\" alt=\"PDF\" border=\"0\" \/><\/a><\/td>\n<td width=\"50\"><a href=\"https:\/\/www.tobis-notenarchiv.de\/noten\/haendel\/HWV_0437_3_Sarabande_d-moll.mid\"><img decoding=\"async\" src=\"https:\/\/www.tobis-notenarchiv.de\/pic\/mi.gif\" alt=\"Midi\" border=\"0\" \/><\/a><\/td>\n<\/tr>\n<tr>\n<td width=\"400\"><strong>Tochter Zion<\/strong><\/td>\n<td width=\"50\"><a href=\"https:\/\/www.tobis-notenarchiv.de\/noten\/haendel\/071_Haendel_Tochter.capx\"><img decoding=\"async\" src=\"https:\/\/www.tobis-notenarchiv.de\/pic\/ca.gif\" alt=\"CapXML\" border=\"0\" \/><\/a><\/td>\n<td width=\"50\"><a href=\"https:\/\/www.tobis-notenarchiv.de\/noten\/haendel\/071_Haendel_Tochter.zip\"><img decoding=\"async\" src=\"https:\/\/www.tobis-notenarchiv.de\/pic\/xm.gif\" alt=\"XML\" border=\"0\" \/><\/a><\/td>\n<td width=\"50\"><a href=\"https:\/\/www.tobis-notenarchiv.de\/noten\/haendel\/071_Haendel_Tochter.pdf\"><img decoding=\"async\" src=\"https:\/\/www.tobis-notenarchiv.de\/pic\/pd.gif\" alt=\"PDF\" border=\"0\" \/><\/a><\/td>\n<td width=\"50\"><a href=\"https:\/\/www.tobis-notenarchiv.de\/noten\/haendel\/071_Haendel_Tochter.mid\"><img decoding=\"async\" src=\"https:\/\/www.tobis-notenarchiv.de\/pic\/mi.gif\" alt=\"Midi\" border=\"0\" \/><\/a><\/td>\n<\/tr>\n<\/tbody>\n<\/table>\n<p>&nbsp;<\/p>\n<h2>Vokalwerke<\/h2>\n<table>\n<tbody>\n<tr>\n<td width=\"400\"><strong>Choral: Wenn Christus der Herr<\/strong><\/td>\n<td width=\"50\"><a href=\"https:\/\/www.tobis-notenarchiv.de\/noten\/heft2\/dasgebet.capx\"><img decoding=\"async\" src=\"https:\/\/www.tobis-notenarchiv.de\/pic\/ca.gif\" alt=\"CapXML\" border=\"0\" \/><\/a><\/td>\n<td width=\"50\"><a href=\"https:\/\/www.tobis-notenarchiv.de\/noten\/heft2\/dasgebet.zip\"><img decoding=\"async\" src=\"https:\/\/www.tobis-notenarchiv.de\/pic\/xm.gif\" alt=\"XML\" border=\"0\" \/><\/a><\/td>\n<td width=\"50\"><a href=\"https:\/\/www.tobis-notenarchiv.de\/noten\/heft2\/dasgebet.pdf\"><img decoding=\"async\" src=\"https:\/\/www.tobis-notenarchiv.de\/pic\/pd.gif\" alt=\"PDF\" border=\"0\" \/><\/a><\/td>\n<td width=\"50\"><a href=\"https:\/\/www.tobis-notenarchiv.de\/noten\/heft2\/dasgebet.mid\"><img decoding=\"async\" src=\"https:\/\/www.tobis-notenarchiv.de\/pic\/mi.gif\" alt=\"Midi\" border=\"0\" \/><\/a><\/td>\n<\/tr>\n<\/tbody>\n<\/table>\n<p>&nbsp;<\/p>\n","protected":false},"excerpt":{"rendered":"<p>Lebensdaten: 1685 \u2013 1759 Biografie: Wikipedia K\u00f6nigliche Feuerwerksmusik Titelblatt Inhaltsverzeichnis Ouvert\u00fcre Bour\u00e9e La Paix La R\u00e9jouissance Menuet I. Menuet II. &nbsp; Orgelwerke Fuge in A-Dur Fuge in F-Dur Fuge in G-Dur Fuge in g-Moll Halleluja aus dem Messias f\u00fcr Orgel Herzlich tut mich verlangen Jesu, deine Passion Preis ihm, der unser Heiligtum Sarabande aus Cembalo-Suite Nr. 4, HWV 437 Tochter Zion &nbsp; Vokalwerke Choral: Wenn Christus der Herr &nbsp;<\/p>\n","protected":false},"author":1,"featured_media":0,"parent":37,"menu_order":0,"comment_status":"closed","ping_status":"closed","template":"","meta":{"footnotes":""},"class_list":["post-535","page","type-page","status-publish","hentry"],"yoast_head":"<!-- This site is optimized with the Yoast SEO plugin v27.4 - https:\/\/yoast.com\/product\/yoast-seo-wordpress\/ -->\n<title>H\u00e4ndel, Georg Friedrich - Tobis Notenarchiv<\/title>\n<meta name=\"robots\" content=\"index, follow, max-snippet:-1, max-image-preview:large, max-video-preview:-1\" \/>\n<link rel=\"canonical\" href=\"https:\/\/tobis-notenarchiv.de\/wp\/noten-archiv\/haendel-georg-friedrich\/\" \/>\n<meta property=\"og:locale\" content=\"de_DE\" \/>\n<meta property=\"og:type\" content=\"article\" \/>\n<meta property=\"og:title\" content=\"H\u00e4ndel, Georg Friedrich - Tobis Notenarchiv\" \/>\n<meta property=\"og:description\" content=\"Lebensdaten: 1685 \u2013 1759 Biografie: Wikipedia K\u00f6nigliche Feuerwerksmusik Titelblatt Inhaltsverzeichnis Ouvert\u00fcre Bour\u00e9e La Paix La R\u00e9jouissance Menuet I. Menuet II. &nbsp; Orgelwerke Fuge in A-Dur Fuge in F-Dur Fuge in G-Dur Fuge in g-Moll Halleluja aus dem Messias f\u00fcr Orgel Herzlich tut mich verlangen Jesu, deine Passion Preis ihm, der unser Heiligtum Sarabande aus Cembalo-Suite Nr. 4, HWV 437 Tochter Zion &nbsp; Vokalwerke Choral: Wenn Christus der Herr &nbsp;\" \/>\n<meta property=\"og:url\" content=\"https:\/\/tobis-notenarchiv.de\/wp\/noten-archiv\/haendel-georg-friedrich\/\" \/>\n<meta property=\"og:site_name\" content=\"Tobis Notenarchiv\" \/>\n<meta property=\"article:modified_time\" content=\"2024-06-02T10:19:26+00:00\" \/>\n<meta property=\"og:image\" content=\"https:\/\/www.tobis-notenarchiv.de\/pic\/pd.gif\" \/>\n<meta name=\"twitter:card\" content=\"summary_large_image\" \/>\n<meta name=\"twitter:label1\" content=\"Gesch\u00e4tzte Lesezeit\" \/>\n\t<meta name=\"twitter:data1\" content=\"15\u00a0Minuten\" \/>\n<script type=\"application\/ld+json\" class=\"yoast-schema-graph\">{\"@context\":\"https:\\\/\\\/schema.org\",\"@graph\":[{\"@type\":\"WebPage\",\"@id\":\"https:\\\/\\\/tobis-notenarchiv.de\\\/wp\\\/noten-archiv\\\/haendel-georg-friedrich\\\/\",\"url\":\"https:\\\/\\\/tobis-notenarchiv.de\\\/wp\\\/noten-archiv\\\/haendel-georg-friedrich\\\/\",\"name\":\"H\u00e4ndel, Georg Friedrich - Tobis Notenarchiv\",\"isPartOf\":{\"@id\":\"https:\\\/\\\/tobis-notenarchiv.de\\\/wp\\\/#website\"},\"primaryImageOfPage\":{\"@id\":\"https:\\\/\\\/tobis-notenarchiv.de\\\/wp\\\/noten-archiv\\\/haendel-georg-friedrich\\\/#primaryimage\"},\"image\":{\"@id\":\"https:\\\/\\\/tobis-notenarchiv.de\\\/wp\\\/noten-archiv\\\/haendel-georg-friedrich\\\/#primaryimage\"},\"thumbnailUrl\":\"https:\\\/\\\/www.tobis-notenarchiv.de\\\/pic\\\/pd.gif\",\"datePublished\":\"2021-08-14T20:57:46+00:00\",\"dateModified\":\"2024-06-02T10:19:26+00:00\",\"breadcrumb\":{\"@id\":\"https:\\\/\\\/tobis-notenarchiv.de\\\/wp\\\/noten-archiv\\\/haendel-georg-friedrich\\\/#breadcrumb\"},\"inLanguage\":\"de\",\"potentialAction\":[{\"@type\":\"ReadAction\",\"target\":[\"https:\\\/\\\/tobis-notenarchiv.de\\\/wp\\\/noten-archiv\\\/haendel-georg-friedrich\\\/\"]}]},{\"@type\":\"ImageObject\",\"inLanguage\":\"de\",\"@id\":\"https:\\\/\\\/tobis-notenarchiv.de\\\/wp\\\/noten-archiv\\\/haendel-georg-friedrich\\\/#primaryimage\",\"url\":\"https:\\\/\\\/www.tobis-notenarchiv.de\\\/pic\\\/pd.gif\",\"contentUrl\":\"https:\\\/\\\/www.tobis-notenarchiv.de\\\/pic\\\/pd.gif\"},{\"@type\":\"BreadcrumbList\",\"@id\":\"https:\\\/\\\/tobis-notenarchiv.de\\\/wp\\\/noten-archiv\\\/haendel-georg-friedrich\\\/#breadcrumb\",\"itemListElement\":[{\"@type\":\"ListItem\",\"position\":1,\"name\":\"Startseite\",\"item\":\"https:\\\/\\\/tobis-notenarchiv.de\\\/wp\\\/\"},{\"@type\":\"ListItem\",\"position\":2,\"name\":\"Notenarchiv\",\"item\":\"https:\\\/\\\/tobis-notenarchiv.de\\\/wp\\\/noten-archiv\\\/\"},{\"@type\":\"ListItem\",\"position\":3,\"name\":\"H\u00e4ndel, Georg Friedrich\"}]},{\"@type\":\"WebSite\",\"@id\":\"https:\\\/\\\/tobis-notenarchiv.de\\\/wp\\\/#website\",\"url\":\"https:\\\/\\\/tobis-notenarchiv.de\\\/wp\\\/\",\"name\":\"Tobis Notenarchiv\",\"description\":\"\",\"potentialAction\":[{\"@type\":\"SearchAction\",\"target\":{\"@type\":\"EntryPoint\",\"urlTemplate\":\"https:\\\/\\\/tobis-notenarchiv.de\\\/wp\\\/?s={search_term_string}\"},\"query-input\":{\"@type\":\"PropertyValueSpecification\",\"valueRequired\":true,\"valueName\":\"search_term_string\"}}],\"inLanguage\":\"de\"}]}<\/script>\n<!-- \/ Yoast SEO plugin. -->","yoast_head_json":{"title":"H\u00e4ndel, Georg Friedrich - Tobis Notenarchiv","robots":{"index":"index","follow":"follow","max-snippet":"max-snippet:-1","max-image-preview":"max-image-preview:large","max-video-preview":"max-video-preview:-1"},"canonical":"https:\/\/tobis-notenarchiv.de\/wp\/noten-archiv\/haendel-georg-friedrich\/","og_locale":"de_DE","og_type":"article","og_title":"H\u00e4ndel, Georg Friedrich - Tobis Notenarchiv","og_description":"Lebensdaten: 1685 \u2013 1759 Biografie: Wikipedia K\u00f6nigliche Feuerwerksmusik Titelblatt Inhaltsverzeichnis Ouvert\u00fcre Bour\u00e9e La Paix La R\u00e9jouissance Menuet I. Menuet II. &nbsp; Orgelwerke Fuge in A-Dur Fuge in F-Dur Fuge in G-Dur Fuge in g-Moll Halleluja aus dem Messias f\u00fcr Orgel Herzlich tut mich verlangen Jesu, deine Passion Preis ihm, der unser Heiligtum Sarabande aus Cembalo-Suite Nr. 4, HWV 437 Tochter Zion &nbsp; Vokalwerke Choral: Wenn Christus der Herr &nbsp;","og_url":"https:\/\/tobis-notenarchiv.de\/wp\/noten-archiv\/haendel-georg-friedrich\/","og_site_name":"Tobis Notenarchiv","article_modified_time":"2024-06-02T10:19:26+00:00","og_image":[{"url":"https:\/\/www.tobis-notenarchiv.de\/pic\/pd.gif","type":"","width":"","height":""}],"twitter_card":"summary_large_image","twitter_misc":{"Gesch\u00e4tzte Lesezeit":"15\u00a0Minuten"},"schema":{"@context":"https:\/\/schema.org","@graph":[{"@type":"WebPage","@id":"https:\/\/tobis-notenarchiv.de\/wp\/noten-archiv\/haendel-georg-friedrich\/","url":"https:\/\/tobis-notenarchiv.de\/wp\/noten-archiv\/haendel-georg-friedrich\/","name":"H\u00e4ndel, Georg Friedrich - Tobis Notenarchiv","isPartOf":{"@id":"https:\/\/tobis-notenarchiv.de\/wp\/#website"},"primaryImageOfPage":{"@id":"https:\/\/tobis-notenarchiv.de\/wp\/noten-archiv\/haendel-georg-friedrich\/#primaryimage"},"image":{"@id":"https:\/\/tobis-notenarchiv.de\/wp\/noten-archiv\/haendel-georg-friedrich\/#primaryimage"},"thumbnailUrl":"https:\/\/www.tobis-notenarchiv.de\/pic\/pd.gif","datePublished":"2021-08-14T20:57:46+00:00","dateModified":"2024-06-02T10:19:26+00:00","breadcrumb":{"@id":"https:\/\/tobis-notenarchiv.de\/wp\/noten-archiv\/haendel-georg-friedrich\/#breadcrumb"},"inLanguage":"de","potentialAction":[{"@type":"ReadAction","target":["https:\/\/tobis-notenarchiv.de\/wp\/noten-archiv\/haendel-georg-friedrich\/"]}]},{"@type":"ImageObject","inLanguage":"de","@id":"https:\/\/tobis-notenarchiv.de\/wp\/noten-archiv\/haendel-georg-friedrich\/#primaryimage","url":"https:\/\/www.tobis-notenarchiv.de\/pic\/pd.gif","contentUrl":"https:\/\/www.tobis-notenarchiv.de\/pic\/pd.gif"},{"@type":"BreadcrumbList","@id":"https:\/\/tobis-notenarchiv.de\/wp\/noten-archiv\/haendel-georg-friedrich\/#breadcrumb","itemListElement":[{"@type":"ListItem","position":1,"name":"Startseite","item":"https:\/\/tobis-notenarchiv.de\/wp\/"},{"@type":"ListItem","position":2,"name":"Notenarchiv","item":"https:\/\/tobis-notenarchiv.de\/wp\/noten-archiv\/"},{"@type":"ListItem","position":3,"name":"H\u00e4ndel, Georg Friedrich"}]},{"@type":"WebSite","@id":"https:\/\/tobis-notenarchiv.de\/wp\/#website","url":"https:\/\/tobis-notenarchiv.de\/wp\/","name":"Tobis Notenarchiv","description":"","potentialAction":[{"@type":"SearchAction","target":{"@type":"EntryPoint","urlTemplate":"https:\/\/tobis-notenarchiv.de\/wp\/?s={search_term_string}"},"query-input":{"@type":"PropertyValueSpecification","valueRequired":true,"valueName":"search_term_string"}}],"inLanguage":"de"}]}},"_links":{"self":[{"href":"https:\/\/tobis-notenarchiv.de\/wp\/wp-json\/wp\/v2\/pages\/535","targetHints":{"allow":["GET"]}}],"collection":[{"href":"https:\/\/tobis-notenarchiv.de\/wp\/wp-json\/wp\/v2\/pages"}],"about":[{"href":"https:\/\/tobis-notenarchiv.de\/wp\/wp-json\/wp\/v2\/types\/page"}],"author":[{"embeddable":true,"href":"https:\/\/tobis-notenarchiv.de\/wp\/wp-json\/wp\/v2\/users\/1"}],"replies":[{"embeddable":true,"href":"https:\/\/tobis-notenarchiv.de\/wp\/wp-json\/wp\/v2\/comments?post=535"}],"version-history":[{"count":15,"href":"https:\/\/tobis-notenarchiv.de\/wp\/wp-json\/wp\/v2\/pages\/535\/revisions"}],"predecessor-version":[{"id":5697,"href":"https:\/\/tobis-notenarchiv.de\/wp\/wp-json\/wp\/v2\/pages\/535\/revisions\/5697"}],"up":[{"embeddable":true,"href":"https:\/\/tobis-notenarchiv.de\/wp\/wp-json\/wp\/v2\/pages\/37"}],"wp:attachment":[{"href":"https:\/\/tobis-notenarchiv.de\/wp\/wp-json\/wp\/v2\/media?parent=535"}],"curies":[{"name":"wp","href":"https:\/\/api.w.org\/{rel}","templated":true}]}}