{"id":1433,"date":"2021-08-20T21:20:47","date_gmt":"2021-08-20T19:20:47","guid":{"rendered":"https:\/\/tobis-notenarchiv.de\/wp\/?page_id=1433"},"modified":"2023-04-14T17:50:11","modified_gmt":"2023-04-14T15:50:11","slug":"bach-choraele-c","status":"publish","type":"page","link":"https:\/\/tobis-notenarchiv.de\/wp\/bach-archiv\/vokalwerke\/vierstimmige-choraele\/bach-choraele\/bach-choraele-c\/","title":{"rendered":"Bach-Chor\u00e4le &#8211; C"},"content":{"rendered":"<h2>Bach-Chor\u00e4le<\/h2>\n<p>Zusammengestellt und alphabetisch sortiert von J\u00fcrgen Eckert<\/p>\n<p><strong><a href=\"https:\/\/tobis-notenarchiv.de\/wp\/bach-archiv\/vokalwerke\/vierstimmige-choraele\/bach-choraele\/bach-choraele-a\/\">A<\/a> <a href=\"https:\/\/tobis-notenarchiv.de\/wp\/bach-archiv\/vokalwerke\/vierstimmige-choraele\/bach-choraele\/bach-choraele-b\/\">B<\/a> <a href=\"https:\/\/tobis-notenarchiv.de\/wp\/bach-archiv\/vokalwerke\/vierstimmige-choraele\/bach-choraele\/bach-choraele-c\/\"><span style=\"color: #ff0000;\">C<\/span><\/a> <a href=\"https:\/\/tobis-notenarchiv.de\/wp\/bach-archiv\/vokalwerke\/vierstimmige-choraele\/bach-choraele\/bach-choraele-d\/\">D<\/a> <a href=\"https:\/\/tobis-notenarchiv.de\/wp\/bach-archiv\/vokalwerke\/vierstimmige-choraele\/bach-choraele\/bach-choraele-e\/\">E<\/a> <a href=\"https:\/\/tobis-notenarchiv.de\/wp\/bach-archiv\/vokalwerke\/vierstimmige-choraele\/bach-choraele\/bach-choraele-f\/\">F<\/a> <a href=\"https:\/\/tobis-notenarchiv.de\/wp\/bach-archiv\/vokalwerke\/vierstimmige-choraele\/bach-choraele\/bach-choraele-g\/\">G<\/a> <a href=\"https:\/\/tobis-notenarchiv.de\/wp\/bach-archiv\/vokalwerke\/vierstimmige-choraele\/bach-choraele\/bach-choraele-h\/\">H<\/a> <a href=\"https:\/\/tobis-notenarchiv.de\/wp\/bach-archiv\/vokalwerke\/vierstimmige-choraele\/bach-choraele\/bach-choraele-i\/\">I<\/a> <a href=\"https:\/\/tobis-notenarchiv.de\/wp\/bach-archiv\/vokalwerke\/vierstimmige-choraele\/bach-choraele\/bach-choraele-j\/\">J<\/a> <a href=\"https:\/\/tobis-notenarchiv.de\/wp\/bach-archiv\/vokalwerke\/vierstimmige-choraele\/bach-choraele\/bach-choraele-k\/\">K<\/a> <a href=\"https:\/\/tobis-notenarchiv.de\/wp\/bach-archiv\/vokalwerke\/vierstimmige-choraele\/bach-choraele\/bach-choraele-l\/\">L<\/a> <a href=\"https:\/\/tobis-notenarchiv.de\/wp\/bach-archiv\/vokalwerke\/vierstimmige-choraele\/bach-choraele\/bach-choraele-m\/\">M<\/a> <a href=\"https:\/\/tobis-notenarchiv.de\/wp\/bach-archiv\/vokalwerke\/vierstimmige-choraele\/bach-choraele\/bach-choraele-n\/\">N<\/a> <a href=\"https:\/\/tobis-notenarchiv.de\/wp\/bach-archiv\/vokalwerke\/vierstimmige-choraele\/bach-choraele\/bach-choraele-o\/\">O<\/a> <a href=\"https:\/\/tobis-notenarchiv.de\/wp\/bach-archiv\/vokalwerke\/vierstimmige-choraele\/bach-choraele\/bach-choraele-p\/\">P<\/a> Q <a href=\"https:\/\/tobis-notenarchiv.de\/wp\/bach-archiv\/vokalwerke\/vierstimmige-choraele\/bach-choraele\/bach-choraele-r\/\">R<\/a> <a href=\"https:\/\/tobis-notenarchiv.de\/wp\/bach-archiv\/vokalwerke\/vierstimmige-choraele\/bach-choraele\/bach-choraele-s\/\">S<\/a> <a href=\"https:\/\/tobis-notenarchiv.de\/wp\/bach-archiv\/vokalwerke\/vierstimmige-choraele\/bach-choraele\/bach-choraele-t\/\">T<\/a> <a href=\"https:\/\/tobis-notenarchiv.de\/wp\/bach-archiv\/vokalwerke\/vierstimmige-choraele\/bach-choraele\/bach-choraele-u\/\">U<\/a> <a href=\"https:\/\/tobis-notenarchiv.de\/wp\/bach-archiv\/vokalwerke\/vierstimmige-choraele\/bach-choraele\/bach-choraele-v\/\">V<\/a> <a href=\"https:\/\/tobis-notenarchiv.de\/wp\/bach-archiv\/vokalwerke\/vierstimmige-choraele\/bach-choraele\/bach-choraele-w\/\">W<\/a> X Y <\/strong><a href=\"https:\/\/tobis-notenarchiv.de\/wp\/bach-archiv\/vokalwerke\/vierstimmige-choraele\/bach-choraele\/bach-choraele-z\/\"><strong>Z<\/strong><\/a><br \/>\n&nbsp;<\/p>\n<p>BC-Nr. = Bach-Choral-Nummer; fortlaufende Nummer, nur zur Katalogisierung<br \/>\nK-Nr. = Nummer des Chorals in der Sammlung von Kirnberger<br \/>\nBWV = Nummer des Chorals im offiziellen Bachwerkeverzeichnis<br \/>\nTitel = Textanfang, nicht immer der erste Vers des Chorals<br \/>\nHoch = Choral im Hochformat<br \/>\nQuer = Choral im Querformat<\/p>\n<p>&nbsp;<\/p>\n<table>\n<tbody>\n<tr>\n<td valign=\"top\" width=\"70\"><b>BC-Nr.<\/b><\/td>\n<td valign=\"top\" width=\"70\"><b>K.-Nr.<\/b><\/td>\n<td valign=\"top\" width=\"70\"><b>BWV<\/b><\/td>\n<td valign=\"top\" width=\"390\"><b>Titel<\/b><\/td>\n<td valign=\"top\" width=\"50\"><strong>Hoch<\/strong><\/td>\n<td valign=\"top\" width=\"50\"><strong>Quer<\/strong><\/td>\n<\/tr>\n<tr>\n<td>50<\/td>\n<td>230<\/td>\n<td>273<\/td>\n<td>Christ der du bist der helle Tag<\/td>\n<td valign=\"top\" width=\"50\"><a href=\"https:\/\/www.tobis-notenarchiv.de\/bach\/00-BC_Bach_Choraele\/BC_001\/BC_050.cap\"><img decoding=\"async\" src=\"https:\/\/www.tobis-notenarchiv.de\/bach\/pic\/ca.gif\" alt=\"Capella\" border=\"0\" \/><\/a><\/td>\n<td valign=\"top\" width=\"50\"><a href=\"https:\/\/www.tobis-notenarchiv.de\/bach\/00-BC_Bach_Choraele\/BC_001\/BC_050.capx\"><img decoding=\"async\" src=\"https:\/\/www.tobis-notenarchiv.de\/bach\/pic\/ca.gif\" alt=\"Cap-XML\" border=\"0\" \/><\/a><\/td>\n<\/tr>\n<tr>\n<td>51<\/td>\n<td>197<\/td>\n<td>276<\/td>\n<td>Christ ist erstanden<\/td>\n<td valign=\"top\" width=\"50\"><a href=\"https:\/\/www.tobis-notenarchiv.de\/bach\/00-BC_Bach_Choraele\/BC_001\/BC_051.cap\"><img decoding=\"async\" src=\"https:\/\/www.tobis-notenarchiv.de\/bach\/pic\/ca.gif\" alt=\"Capella\" border=\"0\" \/><\/a><\/td>\n<td valign=\"top\" width=\"50\"><a href=\"https:\/\/www.tobis-notenarchiv.de\/bach\/00-BC_Bach_Choraele\/BC_001\/BC_051.capx\"><img decoding=\"async\" src=\"https:\/\/www.tobis-notenarchiv.de\/bach\/pic\/ca.gif\" alt=\"Cap-XML\" border=\"0\" \/><\/a><\/td>\n<\/tr>\n<tr>\n<td>52<\/td>\n<td>15<\/td>\n<td>277<\/td>\n<td>Christ lag in Todesbanden I<\/td>\n<td valign=\"top\" width=\"50\"><a href=\"https:\/\/www.tobis-notenarchiv.de\/bach\/00-BC_Bach_Choraele\/BC_001\/BC_052.cap\"><img decoding=\"async\" src=\"https:\/\/www.tobis-notenarchiv.de\/bach\/pic\/ca.gif\" alt=\"Capella\" border=\"0\" \/><\/a><\/td>\n<td valign=\"top\" width=\"50\"><a href=\"https:\/\/www.tobis-notenarchiv.de\/bach\/00-BC_Bach_Choraele\/BC_001\/BC_052.capx\"><img decoding=\"async\" src=\"https:\/\/www.tobis-notenarchiv.de\/bach\/pic\/ca.gif\" alt=\"Cap-XML\" border=\"0\" \/><\/a><\/td>\n<\/tr>\n<tr>\n<td>53<\/td>\n<td>184<\/td>\n<td>&#8211;<\/td>\n<td>Christ lag in Todesbanden II<\/td>\n<td valign=\"top\" width=\"50\"><a href=\"https:\/\/www.tobis-notenarchiv.de\/bach\/00-BC_Bach_Choraele\/BC_001\/BC_053.cap\"><img decoding=\"async\" src=\"https:\/\/www.tobis-notenarchiv.de\/bach\/pic\/ca.gif\" alt=\"Capella\" border=\"0\" \/><\/a><\/td>\n<td valign=\"top\" width=\"50\"><a href=\"https:\/\/www.tobis-notenarchiv.de\/bach\/00-BC_Bach_Choraele\/BC_001\/BC_053.capx\"><img decoding=\"async\" src=\"https:\/\/www.tobis-notenarchiv.de\/bach\/pic\/ca.gif\" alt=\"Cap-XML\" border=\"0\" \/><\/a><\/td>\n<\/tr>\n<tr>\n<td>54<\/td>\n<td>261<\/td>\n<td>279<\/td>\n<td>Christ lag in Todesbanden III<\/td>\n<td valign=\"top\" width=\"50\"><a href=\"https:\/\/www.tobis-notenarchiv.de\/bach\/00-BC_Bach_Choraele\/BC_001\/BC_054.cap\"><img decoding=\"async\" src=\"https:\/\/www.tobis-notenarchiv.de\/bach\/pic\/ca.gif\" alt=\"Capella\" border=\"0\" \/><\/a><\/td>\n<td valign=\"top\" width=\"50\"><a href=\"https:\/\/www.tobis-notenarchiv.de\/bach\/00-BC_Bach_Choraele\/BC_001\/BC_054.capx\"><img decoding=\"async\" src=\"https:\/\/www.tobis-notenarchiv.de\/bach\/pic\/ca.gif\" alt=\"Cap-XML\" border=\"0\" \/><\/a><\/td>\n<\/tr>\n<tr>\n<td>55<\/td>\n<td>370<\/td>\n<td>278<\/td>\n<td>Christ lag in Todesbanden IV<\/td>\n<td valign=\"top\" width=\"50\"><a href=\"https:\/\/www.tobis-notenarchiv.de\/bach\/00-BC_Bach_Choraele\/BC_001\/BC_055.cap\"><img decoding=\"async\" src=\"https:\/\/www.tobis-notenarchiv.de\/bach\/pic\/ca.gif\" alt=\"Capella\" border=\"0\" \/><\/a><\/td>\n<td valign=\"top\" width=\"50\"><a href=\"https:\/\/www.tobis-notenarchiv.de\/bach\/00-BC_Bach_Choraele\/BC_001\/BC_055.capx\"><img decoding=\"async\" src=\"https:\/\/www.tobis-notenarchiv.de\/bach\/pic\/ca.gif\" alt=\"Cap-XML\" border=\"0\" \/><\/a><\/td>\n<\/tr>\n<tr>\n<td>56<\/td>\n<td>66<\/td>\n<td>280<\/td>\n<td>Christ unser Herr zum Jordan kam I<\/td>\n<td valign=\"top\" width=\"50\"><a href=\"https:\/\/www.tobis-notenarchiv.de\/bach\/00-BC_Bach_Choraele\/BC_001\/BC_056.cap\"><img decoding=\"async\" src=\"https:\/\/www.tobis-notenarchiv.de\/bach\/pic\/ca.gif\" alt=\"Capella\" border=\"0\" \/><\/a><\/td>\n<td valign=\"top\" width=\"50\"><a href=\"https:\/\/www.tobis-notenarchiv.de\/bach\/00-BC_Bach_Choraele\/BC_001\/BC_056.capx\"><img decoding=\"async\" src=\"https:\/\/www.tobis-notenarchiv.de\/bach\/pic\/ca.gif\" alt=\"Cap-XML\" border=\"0\" \/><\/a><\/td>\n<\/tr>\n<tr>\n<td>57<\/td>\n<td>119<\/td>\n<td>176<\/td>\n<td>Christ unser Herr zum Jordan kam II<\/td>\n<td valign=\"top\" width=\"50\"><a href=\"https:\/\/www.tobis-notenarchiv.de\/bach\/00-BC_Bach_Choraele\/BC_001\/BC_057.cap\"><img decoding=\"async\" src=\"https:\/\/www.tobis-notenarchiv.de\/bach\/pic\/ca.gif\" alt=\"Capella\" border=\"0\" \/><\/a><\/td>\n<td valign=\"top\" width=\"50\"><a href=\"https:\/\/www.tobis-notenarchiv.de\/bach\/00-BC_Bach_Choraele\/BC_001\/BC_057.capx\"><img decoding=\"async\" src=\"https:\/\/www.tobis-notenarchiv.de\/bach\/pic\/ca.gif\" alt=\"Cap-XML\" border=\"0\" \/><\/a><\/td>\n<\/tr>\n<tr>\n<td>58<\/td>\n<td>245<\/td>\n<td>274<\/td>\n<td>Christe der du bist Tag und Licht<\/td>\n<td valign=\"top\" width=\"50\"><a href=\"https:\/\/www.tobis-notenarchiv.de\/bach\/00-BC_Bach_Choraele\/BC_001\/BC_058.cap\"><img decoding=\"async\" src=\"https:\/\/www.tobis-notenarchiv.de\/bach\/pic\/ca.gif\" alt=\"Capella\" border=\"0\" \/><\/a><\/td>\n<td valign=\"top\" width=\"50\"><a href=\"https:\/\/www.tobis-notenarchiv.de\/bach\/00-BC_Bach_Choraele\/BC_001\/BC_058.capx\"><img decoding=\"async\" src=\"https:\/\/www.tobis-notenarchiv.de\/bach\/pic\/ca.gif\" alt=\"Cap-XML\" border=\"0\" \/><\/a><\/td>\n<\/tr>\n<tr>\n<td>59<\/td>\n<td>210<\/td>\n<td>275<\/td>\n<td>Christe du Beistand deiner Kreuzgemeinde<\/td>\n<td valign=\"top\" width=\"50\"><a href=\"https:\/\/www.tobis-notenarchiv.de\/bach\/00-BC_Bach_Choraele\/BC_001\/BC_059.cap\"><img decoding=\"async\" src=\"https:\/\/www.tobis-notenarchiv.de\/bach\/pic\/ca.gif\" alt=\"Capella\" border=\"0\" \/><\/a><\/td>\n<td valign=\"top\" width=\"50\"><a href=\"https:\/\/www.tobis-notenarchiv.de\/bach\/00-BC_Bach_Choraele\/BC_001\/BC_059.capx\"><img decoding=\"async\" src=\"https:\/\/www.tobis-notenarchiv.de\/bach\/pic\/ca.gif\" alt=\"Cap-XML\" border=\"0\" \/><\/a><\/td>\n<\/tr>\n<tr>\n<td>60<\/td>\n<td>&#8211;<\/td>\n<td>23.4<\/td>\n<td>Christe du Lamm Gottes<\/td>\n<td valign=\"top\" width=\"50\"><a href=\"https:\/\/www.tobis-notenarchiv.de\/bach\/00-BC_Bach_Choraele\/BC_001\/BC_060.cap\"><img decoding=\"async\" src=\"https:\/\/www.tobis-notenarchiv.de\/bach\/pic\/ca.gif\" alt=\"Capella\" border=\"0\" \/><\/a><\/td>\n<td valign=\"top\" width=\"50\"><a href=\"https:\/\/www.tobis-notenarchiv.de\/bach\/00-BC_Bach_Choraele\/BC_001\/BC_060.capx\"><img decoding=\"async\" src=\"https:\/\/www.tobis-notenarchiv.de\/bach\/pic\/ca.gif\" alt=\"Cap-XML\" border=\"0\" \/><\/a><\/td>\n<\/tr>\n<tr>\n<td>61<\/td>\n<td>55<\/td>\n<td>&#8211;<\/td>\n<td>Christum wir sollen loben<\/td>\n<td valign=\"top\" width=\"50\"><a href=\"https:\/\/www.tobis-notenarchiv.de\/bach\/00-BC_Bach_Choraele\/BC_001\/BC_061.cap\"><img decoding=\"async\" src=\"https:\/\/www.tobis-notenarchiv.de\/bach\/pic\/ca.gif\" alt=\"Capella\" border=\"0\" \/><\/a><\/td>\n<td valign=\"top\" width=\"50\"><a href=\"https:\/\/www.tobis-notenarchiv.de\/bach\/00-BC_Bach_Choraele\/BC_001\/BC_061.capx\"><img decoding=\"async\" src=\"https:\/\/www.tobis-notenarchiv.de\/bach\/pic\/ca.gif\" alt=\"Cap-XML\" border=\"0\" \/><\/a><\/td>\n<\/tr>\n<tr>\n<td>62<\/td>\n<td>7<\/td>\n<td>281<\/td>\n<td>Christus der ist mein Leben I<\/td>\n<td valign=\"top\" width=\"50\"><a href=\"https:\/\/www.tobis-notenarchiv.de\/bach\/00-BC_Bach_Choraele\/BC_001\/BC_062.cap\"><img decoding=\"async\" src=\"https:\/\/www.tobis-notenarchiv.de\/bach\/pic\/ca.gif\" alt=\"Capella\" border=\"0\" \/><\/a><\/td>\n<td valign=\"top\" width=\"50\"><a href=\"https:\/\/www.tobis-notenarchiv.de\/bach\/00-BC_Bach_Choraele\/BC_001\/BC_062.capx\"><img decoding=\"async\" src=\"https:\/\/www.tobis-notenarchiv.de\/bach\/pic\/ca.gif\" alt=\"Cap-XML\" border=\"0\" \/><\/a><\/td>\n<\/tr>\n<tr>\n<td>63<\/td>\n<td>315<\/td>\n<td>282<\/td>\n<td>Christus der ist mein Leben II<\/td>\n<td valign=\"top\" width=\"50\"><a href=\"https:\/\/www.tobis-notenarchiv.de\/bach\/00-BC_Bach_Choraele\/BC_001\/BC_063.cap\"><img decoding=\"async\" src=\"https:\/\/www.tobis-notenarchiv.de\/bach\/pic\/ca.gif\" alt=\"Capella\" border=\"0\" \/><\/a><\/td>\n<td valign=\"top\" width=\"50\"><a href=\"https:\/\/www.tobis-notenarchiv.de\/bach\/00-BC_Bach_Choraele\/BC_001\/BC_063.capx\"><img decoding=\"async\" src=\"https:\/\/www.tobis-notenarchiv.de\/bach\/pic\/ca.gif\" alt=\"Cap-XML\" border=\"0\" \/><\/a><\/td>\n<\/tr>\n<tr>\n<td>64<\/td>\n<td>81<\/td>\n<td>245.21<\/td>\n<td>Christus der uns selig macht I<\/td>\n<td valign=\"top\" width=\"50\"><a href=\"https:\/\/www.tobis-notenarchiv.de\/bach\/00-BC_Bach_Choraele\/BC_001\/BC_064.cap\"><img decoding=\"async\" src=\"https:\/\/www.tobis-notenarchiv.de\/bach\/pic\/ca.gif\" alt=\"Capella\" border=\"0\" \/><\/a><\/td>\n<td valign=\"top\" width=\"50\"><a href=\"https:\/\/www.tobis-notenarchiv.de\/bach\/00-BC_Bach_Choraele\/BC_001\/BC_064.capx\"><img decoding=\"async\" src=\"https:\/\/www.tobis-notenarchiv.de\/bach\/pic\/ca.gif\" alt=\"Cap-XML\" border=\"0\" \/><\/a><\/td>\n<\/tr>\n<tr>\n<td>65<\/td>\n<td>113<\/td>\n<td>&#8211;<\/td>\n<td>Christus der uns selig macht II<\/td>\n<td valign=\"top\" width=\"50\"><a href=\"https:\/\/www.tobis-notenarchiv.de\/bach\/00-BC_Bach_Choraele\/BC_001\/BC_065.cap\"><img decoding=\"async\" src=\"https:\/\/www.tobis-notenarchiv.de\/bach\/pic\/ca.gif\" alt=\"Capella\" border=\"0\" \/><\/a><\/td>\n<td valign=\"top\" width=\"50\"><a href=\"https:\/\/www.tobis-notenarchiv.de\/bach\/00-BC_Bach_Choraele\/BC_001\/BC_065.capx\"><img decoding=\"async\" src=\"https:\/\/www.tobis-notenarchiv.de\/bach\/pic\/ca.gif\" alt=\"Cap-XML\" border=\"0\" \/><\/a><\/td>\n<\/tr>\n<tr>\n<td>66<\/td>\n<td>198<\/td>\n<td>283<\/td>\n<td>Christus der uns selig macht III<\/td>\n<td valign=\"top\" width=\"50\"><a href=\"https:\/\/www.tobis-notenarchiv.de\/bach\/00-BC_Bach_Choraele\/BC_001\/BC_066.cap\"><img decoding=\"async\" src=\"https:\/\/www.tobis-notenarchiv.de\/bach\/pic\/ca.gif\" alt=\"Capella\" border=\"0\" \/><\/a><\/td>\n<td valign=\"top\" width=\"50\"><a href=\"https:\/\/www.tobis-notenarchiv.de\/bach\/00-BC_Bach_Choraele\/BC_001\/BC_066.capx\"><img decoding=\"async\" src=\"https:\/\/www.tobis-notenarchiv.de\/bach\/pic\/ca.gif\" alt=\"Cap-XML\" border=\"0\" \/><\/a><\/td>\n<\/tr>\n<tr>\n<td>68<\/td>\n<td>200<\/td>\n<td>284<\/td>\n<td>Christus ist erstanden hat \u00fcberwunden<\/td>\n<td valign=\"top\" width=\"50\"><a href=\"https:\/\/www.tobis-notenarchiv.de\/bach\/00-BC_Bach_Choraele\/BC_001\/BC_068.cap\"><img decoding=\"async\" src=\"https:\/\/www.tobis-notenarchiv.de\/bach\/pic\/ca.gif\" alt=\"Capella\" border=\"0\" \/><\/a><\/td>\n<td valign=\"top\" width=\"50\"><a href=\"https:\/\/www.tobis-notenarchiv.de\/bach\/00-BC_Bach_Choraele\/BC_001\/BC_068.capx\"><img decoding=\"async\" src=\"https:\/\/www.tobis-notenarchiv.de\/bach\/pic\/ca.gif\" alt=\"Cap-XML\" border=\"0\" \/><\/a><\/td>\n<\/tr>\n<\/tbody>\n<\/table>\n<p>&nbsp;<\/p>\n","protected":false},"excerpt":{"rendered":"<p>Bach-Chor\u00e4le Zusammengestellt und alphabetisch sortiert von J\u00fcrgen Eckert A B C D E F G H I J K L M N O P Q R S T U V W X Y Z &nbsp; BC-Nr. = Bach-Choral-Nummer; fortlaufende Nummer, nur zur Katalogisierung K-Nr. = Nummer des Chorals in der Sammlung von Kirnberger BWV = Nummer des Chorals im offiziellen Bachwerkeverzeichnis Titel = Textanfang, nicht immer der erste Vers des Chorals Hoch = Choral im Hochformat Quer = Choral im&#8230;<\/p>\n<p class=\"read-more\"><a class=\"btn btn-default\" href=\"https:\/\/tobis-notenarchiv.de\/wp\/bach-archiv\/vokalwerke\/vierstimmige-choraele\/bach-choraele\/bach-choraele-c\/\">Weiterlesen<span class=\"screen-reader-text\"> Weiterlesen<\/span><\/a><\/p>\n","protected":false},"author":1,"featured_media":0,"parent":1422,"menu_order":0,"comment_status":"closed","ping_status":"closed","template":"","meta":{"footnotes":""},"class_list":["post-1433","page","type-page","status-publish","hentry"],"yoast_head":"<!-- This site is optimized with the Yoast SEO plugin v27.3 - https:\/\/yoast.com\/product\/yoast-seo-wordpress\/ -->\n<title>Bach-Chor\u00e4le - C - Tobis Notenarchiv<\/title>\n<meta name=\"robots\" content=\"index, follow, max-snippet:-1, max-image-preview:large, max-video-preview:-1\" \/>\n<link rel=\"canonical\" href=\"https:\/\/tobis-notenarchiv.de\/wp\/bach-archiv\/vokalwerke\/vierstimmige-choraele\/bach-choraele\/bach-choraele-c\/\" \/>\n<meta property=\"og:locale\" content=\"de_DE\" \/>\n<meta property=\"og:type\" content=\"article\" \/>\n<meta property=\"og:title\" content=\"Bach-Chor\u00e4le - C - Tobis Notenarchiv\" \/>\n<meta property=\"og:description\" content=\"Bach-Chor\u00e4le Zusammengestellt und alphabetisch sortiert von J\u00fcrgen Eckert A B C D E F G H I J K L M N O P Q R S T U V W X Y Z &nbsp; BC-Nr. = Bach-Choral-Nummer; fortlaufende Nummer, nur zur Katalogisierung K-Nr. = Nummer des Chorals in der Sammlung von Kirnberger BWV = Nummer des Chorals im offiziellen Bachwerkeverzeichnis Titel = Textanfang, nicht immer der erste Vers des Chorals Hoch = Choral im Hochformat Quer = Choral im...Weiterlesen Weiterlesen\" \/>\n<meta property=\"og:url\" content=\"https:\/\/tobis-notenarchiv.de\/wp\/bach-archiv\/vokalwerke\/vierstimmige-choraele\/bach-choraele\/bach-choraele-c\/\" \/>\n<meta property=\"og:site_name\" content=\"Tobis Notenarchiv\" \/>\n<meta property=\"article:modified_time\" content=\"2023-04-14T15:50:11+00:00\" \/>\n<meta property=\"og:image\" content=\"https:\/\/www.tobis-notenarchiv.de\/bach\/pic\/ca.gif\" \/>\n<meta name=\"twitter:card\" content=\"summary_large_image\" \/>\n<meta name=\"twitter:label1\" content=\"Gesch\u00e4tzte Lesezeit\" \/>\n\t<meta name=\"twitter:data1\" content=\"9\u00a0Minuten\" \/>\n<script type=\"application\/ld+json\" class=\"yoast-schema-graph\">{\"@context\":\"https:\\\/\\\/schema.org\",\"@graph\":[{\"@type\":\"WebPage\",\"@id\":\"https:\\\/\\\/tobis-notenarchiv.de\\\/wp\\\/bach-archiv\\\/vokalwerke\\\/vierstimmige-choraele\\\/bach-choraele\\\/bach-choraele-c\\\/\",\"url\":\"https:\\\/\\\/tobis-notenarchiv.de\\\/wp\\\/bach-archiv\\\/vokalwerke\\\/vierstimmige-choraele\\\/bach-choraele\\\/bach-choraele-c\\\/\",\"name\":\"Bach-Chor\u00e4le - C - Tobis Notenarchiv\",\"isPartOf\":{\"@id\":\"https:\\\/\\\/tobis-notenarchiv.de\\\/wp\\\/#website\"},\"primaryImageOfPage\":{\"@id\":\"https:\\\/\\\/tobis-notenarchiv.de\\\/wp\\\/bach-archiv\\\/vokalwerke\\\/vierstimmige-choraele\\\/bach-choraele\\\/bach-choraele-c\\\/#primaryimage\"},\"image\":{\"@id\":\"https:\\\/\\\/tobis-notenarchiv.de\\\/wp\\\/bach-archiv\\\/vokalwerke\\\/vierstimmige-choraele\\\/bach-choraele\\\/bach-choraele-c\\\/#primaryimage\"},\"thumbnailUrl\":\"https:\\\/\\\/www.tobis-notenarchiv.de\\\/bach\\\/pic\\\/ca.gif\",\"datePublished\":\"2021-08-20T19:20:47+00:00\",\"dateModified\":\"2023-04-14T15:50:11+00:00\",\"breadcrumb\":{\"@id\":\"https:\\\/\\\/tobis-notenarchiv.de\\\/wp\\\/bach-archiv\\\/vokalwerke\\\/vierstimmige-choraele\\\/bach-choraele\\\/bach-choraele-c\\\/#breadcrumb\"},\"inLanguage\":\"de\",\"potentialAction\":[{\"@type\":\"ReadAction\",\"target\":[\"https:\\\/\\\/tobis-notenarchiv.de\\\/wp\\\/bach-archiv\\\/vokalwerke\\\/vierstimmige-choraele\\\/bach-choraele\\\/bach-choraele-c\\\/\"]}]},{\"@type\":\"ImageObject\",\"inLanguage\":\"de\",\"@id\":\"https:\\\/\\\/tobis-notenarchiv.de\\\/wp\\\/bach-archiv\\\/vokalwerke\\\/vierstimmige-choraele\\\/bach-choraele\\\/bach-choraele-c\\\/#primaryimage\",\"url\":\"https:\\\/\\\/www.tobis-notenarchiv.de\\\/bach\\\/pic\\\/ca.gif\",\"contentUrl\":\"https:\\\/\\\/www.tobis-notenarchiv.de\\\/bach\\\/pic\\\/ca.gif\"},{\"@type\":\"BreadcrumbList\",\"@id\":\"https:\\\/\\\/tobis-notenarchiv.de\\\/wp\\\/bach-archiv\\\/vokalwerke\\\/vierstimmige-choraele\\\/bach-choraele\\\/bach-choraele-c\\\/#breadcrumb\",\"itemListElement\":[{\"@type\":\"ListItem\",\"position\":1,\"name\":\"Startseite\",\"item\":\"https:\\\/\\\/tobis-notenarchiv.de\\\/wp\\\/\"},{\"@type\":\"ListItem\",\"position\":2,\"name\":\"Bach-Archiv\",\"item\":\"https:\\\/\\\/tobis-notenarchiv.de\\\/wp\\\/bach-archiv\\\/\"},{\"@type\":\"ListItem\",\"position\":3,\"name\":\"Vokalwerke\",\"item\":\"https:\\\/\\\/tobis-notenarchiv.de\\\/wp\\\/bach-archiv\\\/vokalwerke\\\/\"},{\"@type\":\"ListItem\",\"position\":4,\"name\":\"Vierstimmige Chor\u00e4le\",\"item\":\"https:\\\/\\\/tobis-notenarchiv.de\\\/wp\\\/bach-archiv\\\/vokalwerke\\\/vierstimmige-choraele\\\/\"},{\"@type\":\"ListItem\",\"position\":5,\"name\":\"Bach-Chor\u00e4le\",\"item\":\"https:\\\/\\\/tobis-notenarchiv.de\\\/wp\\\/bach-archiv\\\/vokalwerke\\\/vierstimmige-choraele\\\/bach-choraele\\\/\"},{\"@type\":\"ListItem\",\"position\":6,\"name\":\"Bach-Chor\u00e4le &#8211; C\"}]},{\"@type\":\"WebSite\",\"@id\":\"https:\\\/\\\/tobis-notenarchiv.de\\\/wp\\\/#website\",\"url\":\"https:\\\/\\\/tobis-notenarchiv.de\\\/wp\\\/\",\"name\":\"Tobis Notenarchiv\",\"description\":\"\",\"potentialAction\":[{\"@type\":\"SearchAction\",\"target\":{\"@type\":\"EntryPoint\",\"urlTemplate\":\"https:\\\/\\\/tobis-notenarchiv.de\\\/wp\\\/?s={search_term_string}\"},\"query-input\":{\"@type\":\"PropertyValueSpecification\",\"valueRequired\":true,\"valueName\":\"search_term_string\"}}],\"inLanguage\":\"de\"}]}<\/script>\n<!-- \/ Yoast SEO plugin. -->","yoast_head_json":{"title":"Bach-Chor\u00e4le - C - Tobis Notenarchiv","robots":{"index":"index","follow":"follow","max-snippet":"max-snippet:-1","max-image-preview":"max-image-preview:large","max-video-preview":"max-video-preview:-1"},"canonical":"https:\/\/tobis-notenarchiv.de\/wp\/bach-archiv\/vokalwerke\/vierstimmige-choraele\/bach-choraele\/bach-choraele-c\/","og_locale":"de_DE","og_type":"article","og_title":"Bach-Chor\u00e4le - C - Tobis Notenarchiv","og_description":"Bach-Chor\u00e4le Zusammengestellt und alphabetisch sortiert von J\u00fcrgen Eckert A B C D E F G H I J K L M N O P Q R S T U V W X Y Z &nbsp; BC-Nr. = Bach-Choral-Nummer; fortlaufende Nummer, nur zur Katalogisierung K-Nr. = Nummer des Chorals in der Sammlung von Kirnberger BWV = Nummer des Chorals im offiziellen Bachwerkeverzeichnis Titel = Textanfang, nicht immer der erste Vers des Chorals Hoch = Choral im Hochformat Quer = Choral im...Weiterlesen Weiterlesen","og_url":"https:\/\/tobis-notenarchiv.de\/wp\/bach-archiv\/vokalwerke\/vierstimmige-choraele\/bach-choraele\/bach-choraele-c\/","og_site_name":"Tobis Notenarchiv","article_modified_time":"2023-04-14T15:50:11+00:00","og_image":[{"url":"https:\/\/www.tobis-notenarchiv.de\/bach\/pic\/ca.gif","type":"","width":"","height":""}],"twitter_card":"summary_large_image","twitter_misc":{"Gesch\u00e4tzte Lesezeit":"9\u00a0Minuten"},"schema":{"@context":"https:\/\/schema.org","@graph":[{"@type":"WebPage","@id":"https:\/\/tobis-notenarchiv.de\/wp\/bach-archiv\/vokalwerke\/vierstimmige-choraele\/bach-choraele\/bach-choraele-c\/","url":"https:\/\/tobis-notenarchiv.de\/wp\/bach-archiv\/vokalwerke\/vierstimmige-choraele\/bach-choraele\/bach-choraele-c\/","name":"Bach-Chor\u00e4le - C - Tobis Notenarchiv","isPartOf":{"@id":"https:\/\/tobis-notenarchiv.de\/wp\/#website"},"primaryImageOfPage":{"@id":"https:\/\/tobis-notenarchiv.de\/wp\/bach-archiv\/vokalwerke\/vierstimmige-choraele\/bach-choraele\/bach-choraele-c\/#primaryimage"},"image":{"@id":"https:\/\/tobis-notenarchiv.de\/wp\/bach-archiv\/vokalwerke\/vierstimmige-choraele\/bach-choraele\/bach-choraele-c\/#primaryimage"},"thumbnailUrl":"https:\/\/www.tobis-notenarchiv.de\/bach\/pic\/ca.gif","datePublished":"2021-08-20T19:20:47+00:00","dateModified":"2023-04-14T15:50:11+00:00","breadcrumb":{"@id":"https:\/\/tobis-notenarchiv.de\/wp\/bach-archiv\/vokalwerke\/vierstimmige-choraele\/bach-choraele\/bach-choraele-c\/#breadcrumb"},"inLanguage":"de","potentialAction":[{"@type":"ReadAction","target":["https:\/\/tobis-notenarchiv.de\/wp\/bach-archiv\/vokalwerke\/vierstimmige-choraele\/bach-choraele\/bach-choraele-c\/"]}]},{"@type":"ImageObject","inLanguage":"de","@id":"https:\/\/tobis-notenarchiv.de\/wp\/bach-archiv\/vokalwerke\/vierstimmige-choraele\/bach-choraele\/bach-choraele-c\/#primaryimage","url":"https:\/\/www.tobis-notenarchiv.de\/bach\/pic\/ca.gif","contentUrl":"https:\/\/www.tobis-notenarchiv.de\/bach\/pic\/ca.gif"},{"@type":"BreadcrumbList","@id":"https:\/\/tobis-notenarchiv.de\/wp\/bach-archiv\/vokalwerke\/vierstimmige-choraele\/bach-choraele\/bach-choraele-c\/#breadcrumb","itemListElement":[{"@type":"ListItem","position":1,"name":"Startseite","item":"https:\/\/tobis-notenarchiv.de\/wp\/"},{"@type":"ListItem","position":2,"name":"Bach-Archiv","item":"https:\/\/tobis-notenarchiv.de\/wp\/bach-archiv\/"},{"@type":"ListItem","position":3,"name":"Vokalwerke","item":"https:\/\/tobis-notenarchiv.de\/wp\/bach-archiv\/vokalwerke\/"},{"@type":"ListItem","position":4,"name":"Vierstimmige Chor\u00e4le","item":"https:\/\/tobis-notenarchiv.de\/wp\/bach-archiv\/vokalwerke\/vierstimmige-choraele\/"},{"@type":"ListItem","position":5,"name":"Bach-Chor\u00e4le","item":"https:\/\/tobis-notenarchiv.de\/wp\/bach-archiv\/vokalwerke\/vierstimmige-choraele\/bach-choraele\/"},{"@type":"ListItem","position":6,"name":"Bach-Chor\u00e4le &#8211; C"}]},{"@type":"WebSite","@id":"https:\/\/tobis-notenarchiv.de\/wp\/#website","url":"https:\/\/tobis-notenarchiv.de\/wp\/","name":"Tobis Notenarchiv","description":"","potentialAction":[{"@type":"SearchAction","target":{"@type":"EntryPoint","urlTemplate":"https:\/\/tobis-notenarchiv.de\/wp\/?s={search_term_string}"},"query-input":{"@type":"PropertyValueSpecification","valueRequired":true,"valueName":"search_term_string"}}],"inLanguage":"de"}]}},"_links":{"self":[{"href":"https:\/\/tobis-notenarchiv.de\/wp\/wp-json\/wp\/v2\/pages\/1433","targetHints":{"allow":["GET"]}}],"collection":[{"href":"https:\/\/tobis-notenarchiv.de\/wp\/wp-json\/wp\/v2\/pages"}],"about":[{"href":"https:\/\/tobis-notenarchiv.de\/wp\/wp-json\/wp\/v2\/types\/page"}],"author":[{"embeddable":true,"href":"https:\/\/tobis-notenarchiv.de\/wp\/wp-json\/wp\/v2\/users\/1"}],"replies":[{"embeddable":true,"href":"https:\/\/tobis-notenarchiv.de\/wp\/wp-json\/wp\/v2\/comments?post=1433"}],"version-history":[{"count":7,"href":"https:\/\/tobis-notenarchiv.de\/wp\/wp-json\/wp\/v2\/pages\/1433\/revisions"}],"predecessor-version":[{"id":4830,"href":"https:\/\/tobis-notenarchiv.de\/wp\/wp-json\/wp\/v2\/pages\/1433\/revisions\/4830"}],"up":[{"embeddable":true,"href":"https:\/\/tobis-notenarchiv.de\/wp\/wp-json\/wp\/v2\/pages\/1422"}],"wp:attachment":[{"href":"https:\/\/tobis-notenarchiv.de\/wp\/wp-json\/wp\/v2\/media?parent=1433"}],"curies":[{"name":"wp","href":"https:\/\/api.w.org\/{rel}","templated":true}]}}