{"id":1419,"date":"2021-08-20T19:36:44","date_gmt":"2021-08-20T17:36:44","guid":{"rendered":"https:\/\/tobis-notenarchiv.de\/wp\/?page_id=1419"},"modified":"2023-01-08T11:56:28","modified_gmt":"2023-01-08T10:56:28","slug":"bachs-ornamentik","status":"publish","type":"page","link":"https:\/\/tobis-notenarchiv.de\/wp\/bach-archiv\/bachs-ornamentik\/","title":{"rendered":"Bach&#8217;s Ornamentik"},"content":{"rendered":"<p>Johann Sebastian Bach hat in seinen Werken eine Vielzahl von Verzierungen (Ornamenten) verwendet.<\/p>\n<p>&nbsp;<\/p>\n<p><img loading=\"lazy\" decoding=\"async\" src=\"https:\/\/www.tobis-notenarchiv.de\/bach\/pic\/verzierungenneu.gif\" alt=\"Verzierungen\" width=\"423\" height=\"143\" \/><\/p>\n<p>&nbsp;<\/p>\n<p>Die nachfolgenden Dateien versuchen, die Ausf\u00fchrungen der einzelnen Ornamente wiederzugeben. Erg\u00e4nzungen und Korrekturen sind jederzeit willkommen.<\/p>\n<p>&nbsp;<\/p>\n<table>\n<tbody>\n<tr>\n<td width=\"223\">Verzierungstabelle aus dem Klavierb\u00fcchlein f\u00fcr W.F. Bach<\/td>\n<td valign=\"top\" width=\"50\"><a href=\"https:\/\/www.tobis-notenarchiv.de\/bach\/explication.capx\"><img decoding=\"async\" src=\"https:\/\/www.tobis-notenarchiv.de\/bach\/pic\/ca.gif\" alt=\"CapXML\" border=\"0\" \/><\/a><\/td>\n<td valign=\"top\" width=\"50\"><a href=\"https:\/\/www.tobis-notenarchiv.de\/bach\/explication.zip\"><img decoding=\"async\" src=\"https:\/\/www.tobis-notenarchiv.de\/bach\/pic\/xm.gif\" alt=\"XML\" border=\"0\" \/><\/a><\/td>\n<td valign=\"top\" width=\"50\"><a href=\"https:\/\/www.tobis-notenarchiv.de\/bach\/explication.pdf\"><img decoding=\"async\" src=\"https:\/\/www.tobis-notenarchiv.de\/bach\/pic\/pd.gif\" alt=\"PDF\" border=\"0\" \/><\/a><\/td>\n<\/tr>\n<tr>\n<td width=\"400\">Eine ausf\u00fchrliche Tabelle der Bach&#8217;schen Ornamentik<\/td>\n<td valign=\"top\" width=\"50\"><a href=\"https:\/\/www.tobis-notenarchiv.de\/bach\/explication2.capx\"><img decoding=\"async\" src=\"https:\/\/www.tobis-notenarchiv.de\/bach\/pic\/ca.gif\" alt=\"CapXML\" border=\"0\" \/><\/a><\/td>\n<td valign=\"top\" width=\"50\"><a href=\"https:\/\/www.tobis-notenarchiv.de\/bach\/explication2.zip\"><img decoding=\"async\" src=\"https:\/\/www.tobis-notenarchiv.de\/bach\/pic\/xm.gif\" alt=\"XML\" border=\"0\" \/><\/a><\/td>\n<td valign=\"top\" width=\"50\"><a href=\"https:\/\/www.tobis-notenarchiv.de\/bach\/explication2.pdf\"><img decoding=\"async\" src=\"https:\/\/www.tobis-notenarchiv.de\/bach\/pic\/pd.gif\" alt=\"PDF\" border=\"0\" \/><\/a><\/td>\n<\/tr>\n<\/tbody>\n<\/table>\n<p>&nbsp;<\/p>\n","protected":false},"excerpt":{"rendered":"<p>Johann Sebastian Bach hat in seinen Werken eine Vielzahl von Verzierungen (Ornamenten) verwendet. &nbsp; &nbsp; Die nachfolgenden Dateien versuchen, die Ausf\u00fchrungen der einzelnen Ornamente wiederzugeben. Erg\u00e4nzungen und Korrekturen sind jederzeit willkommen. &nbsp; Verzierungstabelle aus dem Klavierb\u00fcchlein f\u00fcr W.F. Bach Eine ausf\u00fchrliche Tabelle der Bach&#8217;schen Ornamentik &nbsp;<\/p>\n","protected":false},"author":1,"featured_media":0,"parent":31,"menu_order":23,"comment_status":"closed","ping_status":"closed","template":"","meta":{"footnotes":""},"class_list":["post-1419","page","type-page","status-publish","hentry"],"yoast_head":"<!-- This site is optimized with the Yoast SEO plugin v27.3 - https:\/\/yoast.com\/product\/yoast-seo-wordpress\/ -->\n<title>Bach&#039;s Ornamentik - Tobis Notenarchiv<\/title>\n<meta name=\"robots\" content=\"index, follow, max-snippet:-1, max-image-preview:large, max-video-preview:-1\" \/>\n<link rel=\"canonical\" href=\"https:\/\/tobis-notenarchiv.de\/wp\/bach-archiv\/bachs-ornamentik\/\" \/>\n<meta property=\"og:locale\" content=\"de_DE\" \/>\n<meta property=\"og:type\" content=\"article\" \/>\n<meta property=\"og:title\" content=\"Bach&#039;s Ornamentik - Tobis Notenarchiv\" \/>\n<meta property=\"og:description\" content=\"Johann Sebastian Bach hat in seinen Werken eine Vielzahl von Verzierungen (Ornamenten) verwendet. &nbsp; &nbsp; Die nachfolgenden Dateien versuchen, die Ausf\u00fchrungen der einzelnen Ornamente wiederzugeben. Erg\u00e4nzungen und Korrekturen sind jederzeit willkommen. &nbsp; Verzierungstabelle aus dem Klavierb\u00fcchlein f\u00fcr W.F. Bach Eine ausf\u00fchrliche Tabelle der Bach&#8217;schen Ornamentik &nbsp;\" \/>\n<meta property=\"og:url\" content=\"https:\/\/tobis-notenarchiv.de\/wp\/bach-archiv\/bachs-ornamentik\/\" \/>\n<meta property=\"og:site_name\" content=\"Tobis Notenarchiv\" \/>\n<meta property=\"article:modified_time\" content=\"2023-01-08T10:56:28+00:00\" \/>\n<meta property=\"og:image\" content=\"https:\/\/www.tobis-notenarchiv.de\/bach\/pic\/verzierungenneu.gif\" \/>\n<meta name=\"twitter:card\" content=\"summary_large_image\" \/>\n<script type=\"application\/ld+json\" class=\"yoast-schema-graph\">{\"@context\":\"https:\\\/\\\/schema.org\",\"@graph\":[{\"@type\":\"WebPage\",\"@id\":\"https:\\\/\\\/tobis-notenarchiv.de\\\/wp\\\/bach-archiv\\\/bachs-ornamentik\\\/\",\"url\":\"https:\\\/\\\/tobis-notenarchiv.de\\\/wp\\\/bach-archiv\\\/bachs-ornamentik\\\/\",\"name\":\"Bach's Ornamentik - Tobis Notenarchiv\",\"isPartOf\":{\"@id\":\"https:\\\/\\\/tobis-notenarchiv.de\\\/wp\\\/#website\"},\"primaryImageOfPage\":{\"@id\":\"https:\\\/\\\/tobis-notenarchiv.de\\\/wp\\\/bach-archiv\\\/bachs-ornamentik\\\/#primaryimage\"},\"image\":{\"@id\":\"https:\\\/\\\/tobis-notenarchiv.de\\\/wp\\\/bach-archiv\\\/bachs-ornamentik\\\/#primaryimage\"},\"thumbnailUrl\":\"https:\\\/\\\/www.tobis-notenarchiv.de\\\/bach\\\/pic\\\/verzierungenneu.gif\",\"datePublished\":\"2021-08-20T17:36:44+00:00\",\"dateModified\":\"2023-01-08T10:56:28+00:00\",\"breadcrumb\":{\"@id\":\"https:\\\/\\\/tobis-notenarchiv.de\\\/wp\\\/bach-archiv\\\/bachs-ornamentik\\\/#breadcrumb\"},\"inLanguage\":\"de\",\"potentialAction\":[{\"@type\":\"ReadAction\",\"target\":[\"https:\\\/\\\/tobis-notenarchiv.de\\\/wp\\\/bach-archiv\\\/bachs-ornamentik\\\/\"]}]},{\"@type\":\"ImageObject\",\"inLanguage\":\"de\",\"@id\":\"https:\\\/\\\/tobis-notenarchiv.de\\\/wp\\\/bach-archiv\\\/bachs-ornamentik\\\/#primaryimage\",\"url\":\"https:\\\/\\\/www.tobis-notenarchiv.de\\\/bach\\\/pic\\\/verzierungenneu.gif\",\"contentUrl\":\"https:\\\/\\\/www.tobis-notenarchiv.de\\\/bach\\\/pic\\\/verzierungenneu.gif\"},{\"@type\":\"BreadcrumbList\",\"@id\":\"https:\\\/\\\/tobis-notenarchiv.de\\\/wp\\\/bach-archiv\\\/bachs-ornamentik\\\/#breadcrumb\",\"itemListElement\":[{\"@type\":\"ListItem\",\"position\":1,\"name\":\"Startseite\",\"item\":\"https:\\\/\\\/tobis-notenarchiv.de\\\/wp\\\/\"},{\"@type\":\"ListItem\",\"position\":2,\"name\":\"Bach-Archiv\",\"item\":\"https:\\\/\\\/tobis-notenarchiv.de\\\/wp\\\/bach-archiv\\\/\"},{\"@type\":\"ListItem\",\"position\":3,\"name\":\"Bach&#8217;s Ornamentik\"}]},{\"@type\":\"WebSite\",\"@id\":\"https:\\\/\\\/tobis-notenarchiv.de\\\/wp\\\/#website\",\"url\":\"https:\\\/\\\/tobis-notenarchiv.de\\\/wp\\\/\",\"name\":\"Tobis Notenarchiv\",\"description\":\"\",\"potentialAction\":[{\"@type\":\"SearchAction\",\"target\":{\"@type\":\"EntryPoint\",\"urlTemplate\":\"https:\\\/\\\/tobis-notenarchiv.de\\\/wp\\\/?s={search_term_string}\"},\"query-input\":{\"@type\":\"PropertyValueSpecification\",\"valueRequired\":true,\"valueName\":\"search_term_string\"}}],\"inLanguage\":\"de\"}]}<\/script>\n<!-- \/ Yoast SEO plugin. -->","yoast_head_json":{"title":"Bach's Ornamentik - Tobis Notenarchiv","robots":{"index":"index","follow":"follow","max-snippet":"max-snippet:-1","max-image-preview":"max-image-preview:large","max-video-preview":"max-video-preview:-1"},"canonical":"https:\/\/tobis-notenarchiv.de\/wp\/bach-archiv\/bachs-ornamentik\/","og_locale":"de_DE","og_type":"article","og_title":"Bach's Ornamentik - Tobis Notenarchiv","og_description":"Johann Sebastian Bach hat in seinen Werken eine Vielzahl von Verzierungen (Ornamenten) verwendet. &nbsp; &nbsp; Die nachfolgenden Dateien versuchen, die Ausf\u00fchrungen der einzelnen Ornamente wiederzugeben. Erg\u00e4nzungen und Korrekturen sind jederzeit willkommen. &nbsp; Verzierungstabelle aus dem Klavierb\u00fcchlein f\u00fcr W.F. Bach Eine ausf\u00fchrliche Tabelle der Bach&#8217;schen Ornamentik &nbsp;","og_url":"https:\/\/tobis-notenarchiv.de\/wp\/bach-archiv\/bachs-ornamentik\/","og_site_name":"Tobis Notenarchiv","article_modified_time":"2023-01-08T10:56:28+00:00","og_image":[{"url":"https:\/\/www.tobis-notenarchiv.de\/bach\/pic\/verzierungenneu.gif","type":"","width":"","height":""}],"twitter_card":"summary_large_image","schema":{"@context":"https:\/\/schema.org","@graph":[{"@type":"WebPage","@id":"https:\/\/tobis-notenarchiv.de\/wp\/bach-archiv\/bachs-ornamentik\/","url":"https:\/\/tobis-notenarchiv.de\/wp\/bach-archiv\/bachs-ornamentik\/","name":"Bach's Ornamentik - Tobis Notenarchiv","isPartOf":{"@id":"https:\/\/tobis-notenarchiv.de\/wp\/#website"},"primaryImageOfPage":{"@id":"https:\/\/tobis-notenarchiv.de\/wp\/bach-archiv\/bachs-ornamentik\/#primaryimage"},"image":{"@id":"https:\/\/tobis-notenarchiv.de\/wp\/bach-archiv\/bachs-ornamentik\/#primaryimage"},"thumbnailUrl":"https:\/\/www.tobis-notenarchiv.de\/bach\/pic\/verzierungenneu.gif","datePublished":"2021-08-20T17:36:44+00:00","dateModified":"2023-01-08T10:56:28+00:00","breadcrumb":{"@id":"https:\/\/tobis-notenarchiv.de\/wp\/bach-archiv\/bachs-ornamentik\/#breadcrumb"},"inLanguage":"de","potentialAction":[{"@type":"ReadAction","target":["https:\/\/tobis-notenarchiv.de\/wp\/bach-archiv\/bachs-ornamentik\/"]}]},{"@type":"ImageObject","inLanguage":"de","@id":"https:\/\/tobis-notenarchiv.de\/wp\/bach-archiv\/bachs-ornamentik\/#primaryimage","url":"https:\/\/www.tobis-notenarchiv.de\/bach\/pic\/verzierungenneu.gif","contentUrl":"https:\/\/www.tobis-notenarchiv.de\/bach\/pic\/verzierungenneu.gif"},{"@type":"BreadcrumbList","@id":"https:\/\/tobis-notenarchiv.de\/wp\/bach-archiv\/bachs-ornamentik\/#breadcrumb","itemListElement":[{"@type":"ListItem","position":1,"name":"Startseite","item":"https:\/\/tobis-notenarchiv.de\/wp\/"},{"@type":"ListItem","position":2,"name":"Bach-Archiv","item":"https:\/\/tobis-notenarchiv.de\/wp\/bach-archiv\/"},{"@type":"ListItem","position":3,"name":"Bach&#8217;s Ornamentik"}]},{"@type":"WebSite","@id":"https:\/\/tobis-notenarchiv.de\/wp\/#website","url":"https:\/\/tobis-notenarchiv.de\/wp\/","name":"Tobis Notenarchiv","description":"","potentialAction":[{"@type":"SearchAction","target":{"@type":"EntryPoint","urlTemplate":"https:\/\/tobis-notenarchiv.de\/wp\/?s={search_term_string}"},"query-input":{"@type":"PropertyValueSpecification","valueRequired":true,"valueName":"search_term_string"}}],"inLanguage":"de"}]}},"_links":{"self":[{"href":"https:\/\/tobis-notenarchiv.de\/wp\/wp-json\/wp\/v2\/pages\/1419","targetHints":{"allow":["GET"]}}],"collection":[{"href":"https:\/\/tobis-notenarchiv.de\/wp\/wp-json\/wp\/v2\/pages"}],"about":[{"href":"https:\/\/tobis-notenarchiv.de\/wp\/wp-json\/wp\/v2\/types\/page"}],"author":[{"embeddable":true,"href":"https:\/\/tobis-notenarchiv.de\/wp\/wp-json\/wp\/v2\/users\/1"}],"replies":[{"embeddable":true,"href":"https:\/\/tobis-notenarchiv.de\/wp\/wp-json\/wp\/v2\/comments?post=1419"}],"version-history":[{"count":4,"href":"https:\/\/tobis-notenarchiv.de\/wp\/wp-json\/wp\/v2\/pages\/1419\/revisions"}],"predecessor-version":[{"id":2034,"href":"https:\/\/tobis-notenarchiv.de\/wp\/wp-json\/wp\/v2\/pages\/1419\/revisions\/2034"}],"up":[{"embeddable":true,"href":"https:\/\/tobis-notenarchiv.de\/wp\/wp-json\/wp\/v2\/pages\/31"}],"wp:attachment":[{"href":"https:\/\/tobis-notenarchiv.de\/wp\/wp-json\/wp\/v2\/media?parent=1419"}],"curies":[{"name":"wp","href":"https:\/\/api.w.org\/{rel}","templated":true}]}}