{"id":1414,"date":"2021-08-20T19:24:34","date_gmt":"2021-08-20T17:24:34","guid":{"rendered":"https:\/\/tobis-notenarchiv.de\/wp\/?page_id=1414"},"modified":"2024-06-01T14:30:50","modified_gmt":"2024-06-01T12:30:50","slug":"werke-ohne-bwv","status":"publish","type":"page","link":"https:\/\/tobis-notenarchiv.de\/wp\/bach-archiv\/bwv-deest-de\/werke-ohne-bwv\/","title":{"rendered":"Werke ohne BWV"},"content":{"rendered":"<p>&nbsp;<\/p>\n<table>\n<tbody>\n<tr>\n<td width=\"400\"><b>ohne BWV<\/b><br \/>\n2 Instrumentalstimmen zu einer unbekannten Kirchencantate<\/td>\n<td valign=\"top\" width=\"50\"><a href=\"https:\/\/www.tobis-notenarchiv.de\/bach\/21-Ergaenzungen\/10-ohne_BWV\/BWV_ohne_Instrumentalstimme_einer_unbekannte_Cantate.capx\"><img decoding=\"async\" src=\"https:\/\/www.tobis-notenarchiv.de\/bach\/pic\/ca.gif\" alt=\"Capella-XML\" border=\"0\" \/><\/a><\/td>\n<td valign=\"top\" width=\"50\"><a href=\"https:\/\/www.tobis-notenarchiv.de\/bach\/21-Ergaenzungen\/10-ohne_BWV\/BWV_ohne_Instrumentalstimme_einer_unbekannte_Cantate.zip\"><img decoding=\"async\" src=\"https:\/\/www.tobis-notenarchiv.de\/bach\/pic\/xm.gif\" alt=\"XML\" border=\"0\" \/><\/a><\/td>\n<td valign=\"top\" width=\"50\"><a href=\"https:\/\/www.tobis-notenarchiv.de\/bach\/21-Ergaenzungen\/10-ohne_BWV\/BWV_ohne_Instrumentalstimme_einer_unbekannte_Cantate.pdf\"><img decoding=\"async\" src=\"https:\/\/www.tobis-notenarchiv.de\/bach\/pic\/pd.gif\" alt=\"PDF\" border=\"0\" \/><\/a><\/td>\n<td valign=\"top\" width=\"50\"><a href=\"https:\/\/www.tobis-notenarchiv.de\/bach\/21-Ergaenzungen\/10-ohne_BWV\/BWV_ohne_Instrumentalstimme_einer_unbekannte_Cantate.mid\"><img decoding=\"async\" src=\"https:\/\/www.tobis-notenarchiv.de\/bach\/pic\/mi.gif\" alt=\"Midi\" border=\"0\" \/><\/a><\/td>\n<\/tr>\n<tr>\n<td width=\"400\"><b>ohne BWV<\/b><br \/>\nMenuett in f-Moll par M. B\u00f6hm aus dem 2. Notenb\u00fcchlein f\u00fcr Anna Magdalena Bach<\/td>\n<td valign=\"top\" width=\"50\"><a href=\"https:\/\/www.tobis-notenarchiv.de\/bach\/21-Ergaenzungen\/10-ohne_BWV\/Ohne_BWV_Menuett.capx\"><img decoding=\"async\" src=\"https:\/\/www.tobis-notenarchiv.de\/bach\/pic\/ca.gif\" alt=\"Capella-XML\" border=\"0\" \/><\/a><\/td>\n<td valign=\"top\" width=\"50\"><a href=\"https:\/\/www.tobis-notenarchiv.de\/bach\/21-Ergaenzungen\/10-ohne_BWV\/Ohne_BWV_Menuett.zip\"><img decoding=\"async\" src=\"https:\/\/www.tobis-notenarchiv.de\/bach\/pic\/xm.gif\" alt=\"XML\" border=\"0\" \/><\/a><\/td>\n<td valign=\"top\" width=\"50\"><a href=\"https:\/\/www.tobis-notenarchiv.de\/bach\/21-Ergaenzungen\/10-ohne_BWV\/Ohne_BWV_Menuett.pdf\"><img decoding=\"async\" src=\"https:\/\/www.tobis-notenarchiv.de\/bach\/pic\/pd.gif\" alt=\"PDF\" border=\"0\" \/><\/a><\/td>\n<td valign=\"top\" width=\"50\"><a href=\"https:\/\/www.tobis-notenarchiv.de\/bach\/21-Ergaenzungen\/10-ohne_BWV\/Ohne_BWV_Menuett.mid\"><img decoding=\"async\" src=\"https:\/\/www.tobis-notenarchiv.de\/bach\/pic\/mi.gif\" alt=\"Midi\" border=\"0\" \/><\/a><\/td>\n<\/tr>\n<tr>\n<td width=\"400\"><b>ohne BWV<\/b><br \/>\nMenuett in f-Moll par M. B\u00f6hm aus dem 2. Notenb\u00fcchlein f\u00fcr Anna Magdalena Bach<\/td>\n<td valign=\"top\" width=\"50\"><a href=\"https:\/\/www.tobis-notenarchiv.de\/bach\/21-Ergaenzungen\/10-ohne_BWV\/Ohne_BWV_Menuett.capx\"><img decoding=\"async\" src=\"https:\/\/www.tobis-notenarchiv.de\/bach\/pic\/ca.gif\" alt=\"Capella-XML\" border=\"0\" \/><\/a><\/td>\n<td valign=\"top\" width=\"50\"><a href=\"https:\/\/www.tobis-notenarchiv.de\/bach\/21-Ergaenzungen\/10-ohne_BWV\/Ohne_BWV_Menuett.zip\"><img decoding=\"async\" src=\"https:\/\/www.tobis-notenarchiv.de\/bach\/pic\/xm.gif\" alt=\"XML\" border=\"0\" \/><\/a><\/td>\n<td valign=\"top\" width=\"50\"><a href=\"https:\/\/www.tobis-notenarchiv.de\/bach\/21-Ergaenzungen\/10-ohne_BWV\/Ohne_BWV_Menuett.pdf\"><img decoding=\"async\" src=\"https:\/\/www.tobis-notenarchiv.de\/bach\/pic\/pd.gif\" alt=\"PDF\" border=\"0\" \/><\/a><\/td>\n<td valign=\"top\" width=\"50\"><a href=\"https:\/\/www.tobis-notenarchiv.de\/bach\/21-Ergaenzungen\/10-ohne_BWV\/Ohne_BWV_Menuett.mid\"><img decoding=\"async\" src=\"https:\/\/www.tobis-notenarchiv.de\/bach\/pic\/mi.gif\" alt=\"Midi\" border=\"0\" \/><\/a><\/td>\n<\/tr>\n<tr>\n<td width=\"400\"><b>ohne BWV<\/b><br \/>\nPi\u00e8ce pour le Clavecin compos\u00e9e par J. C. Richter aus dem Klavierb\u00fcchlein f\u00fcr Wilhelm Friedemann Bach (No. 25)<\/td>\n<td valign=\"top\" width=\"50\"><a href=\"https:\/\/www.tobis-notenarchiv.de\/bach\/21-Ergaenzungen\/10-ohne_BWV\/Ohne_BWV_WFB_25.capx\"><img decoding=\"async\" src=\"https:\/\/www.tobis-notenarchiv.de\/bach\/pic\/ca.gif\" alt=\"Capella-XML\" border=\"0\" \/><\/a><\/td>\n<td valign=\"top\" width=\"50\"><a href=\"https:\/\/www.tobis-notenarchiv.de\/bach\/21-Ergaenzungen\/10-ohne_BWV\/Ohne_BWV_WFB_25.zip\"><img decoding=\"async\" src=\"https:\/\/www.tobis-notenarchiv.de\/bach\/pic\/xm.gif\" alt=\"XML\" border=\"0\" \/><\/a><\/td>\n<td valign=\"top\" width=\"50\"><a href=\"https:\/\/www.tobis-notenarchiv.de\/bach\/21-Ergaenzungen\/10-ohne_BWV\/Ohne_BWV_WFB_25.pdf\"><img decoding=\"async\" src=\"https:\/\/www.tobis-notenarchiv.de\/bach\/pic\/pd.gif\" alt=\"PDF\" border=\"0\" \/><\/a><\/td>\n<td valign=\"top\" width=\"50\"><a href=\"https:\/\/www.tobis-notenarchiv.de\/bach\/21-Ergaenzungen\/10-ohne_BWV\/Ohne_BWV_WFB_25.mid\"><img decoding=\"async\" src=\"https:\/\/www.tobis-notenarchiv.de\/bach\/pic\/mi.gif\" alt=\"Midi\" border=\"0\" \/><\/a><\/td>\n<\/tr>\n<tr>\n<td width=\"400\"><b>ohne BWV<\/b><br \/>\nSt\u00fcck ohne Titel (nur Bassstimme) aus dem Klavierb\u00fcchlein f\u00fcr Wilhelm Friedemann Bach (No. 30)<\/td>\n<td valign=\"top\" width=\"50\"><a href=\"https:\/\/www.tobis-notenarchiv.de\/bach\/21-Ergaenzungen\/10-ohne_BWV\/Ohne_BWV_WFB_30.capx\"><img decoding=\"async\" src=\"https:\/\/www.tobis-notenarchiv.de\/bach\/pic\/ca.gif\" alt=\"Capella-XML\" border=\"0\" \/><\/a><\/td>\n<td valign=\"top\" width=\"50\"><a href=\"https:\/\/www.tobis-notenarchiv.de\/bach\/21-Ergaenzungen\/10-ohne_BWV\/Ohne_BWV_WFB_30.zip\"><img decoding=\"async\" src=\"https:\/\/www.tobis-notenarchiv.de\/bach\/pic\/xm.gif\" alt=\"XML\" border=\"0\" \/><\/a><\/td>\n<td valign=\"top\" width=\"50\"><a href=\"https:\/\/www.tobis-notenarchiv.de\/bach\/21-Ergaenzungen\/10-ohne_BWV\/Ohne_BWV_WFB_30.pdf\"><img decoding=\"async\" src=\"https:\/\/www.tobis-notenarchiv.de\/bach\/pic\/pd.gif\" alt=\"PDF\" border=\"0\" \/><\/a><\/td>\n<td valign=\"top\" width=\"50\"><a href=\"https:\/\/www.tobis-notenarchiv.de\/bach\/21-Ergaenzungen\/10-ohne_BWV\/Ohne_BWV_WFB_30.mid\"><img decoding=\"async\" src=\"https:\/\/www.tobis-notenarchiv.de\/bach\/pic\/mi.gif\" alt=\"Midi\" border=\"0\" \/><\/a><\/td>\n<\/tr>\n<tr>\n<td width=\"400\"><b>ohne BWV<\/b><br \/>\nPartita di Signore Steltzeln (Menuett Trio von Bach BWV 929) aus dem Klavierb\u00fcchlein f\u00fcr Wilhelm Friedemann Bach (No. 48)<\/td>\n<td valign=\"top\" width=\"50\"><a href=\"https:\/\/www.tobis-notenarchiv.de\/bach\/21-Ergaenzungen\/10-ohne_BWV\/Ohne_BWV_WFB_48.capx\"><img decoding=\"async\" src=\"https:\/\/www.tobis-notenarchiv.de\/bach\/pic\/ca.gif\" alt=\"Capella-XML\" border=\"0\" \/><\/a><\/td>\n<td valign=\"top\" width=\"50\"><a href=\"https:\/\/www.tobis-notenarchiv.de\/bach\/21-Ergaenzungen\/10-ohne_BWV\/Ohne_BWV_WFB_48.zip\"><img decoding=\"async\" src=\"https:\/\/www.tobis-notenarchiv.de\/bach\/pic\/xm.gif\" alt=\"XML\" border=\"0\" \/><\/a><\/td>\n<td valign=\"top\" width=\"50\"><a href=\"https:\/\/www.tobis-notenarchiv.de\/bach\/21-Ergaenzungen\/10-ohne_BWV\/Ohne_BWV_WFB_48.pdf\"><img decoding=\"async\" src=\"https:\/\/www.tobis-notenarchiv.de\/bach\/pic\/pd.gif\" alt=\"PDF\" border=\"0\" \/><\/a><\/td>\n<td valign=\"top\" width=\"50\"><a href=\"https:\/\/www.tobis-notenarchiv.de\/bach\/21-Ergaenzungen\/10-ohne_BWV\/Ohne_BWV_WFB_48.mid\"><img decoding=\"async\" src=\"https:\/\/www.tobis-notenarchiv.de\/bach\/pic\/mi.gif\" alt=\"Midi\" border=\"0\" \/><\/a><\/td>\n<\/tr>\n<tr>\n<td width=\"400\"><b>ohne BWV<\/b><br \/>\nAllegro in B-Dur von J.S. Bach<br \/>\n[Erstausgabe]<\/td>\n<td valign=\"top\" width=\"50\"><a href=\"https:\/\/www.tobis-notenarchiv.de\/bach\/21-Ergaenzungen\/10-ohne_BWV\/Bach_Allegro.capx\"><img decoding=\"async\" src=\"https:\/\/www.tobis-notenarchiv.de\/bach\/pic\/ca.gif\" alt=\"Capella-XML\" border=\"0\" \/><\/a><\/td>\n<td valign=\"top\" width=\"50\"><a href=\"https:\/\/www.tobis-notenarchiv.de\/bach\/21-Ergaenzungen\/10-ohne_BWV\/Bach_Allegro.zip\"><img decoding=\"async\" src=\"https:\/\/www.tobis-notenarchiv.de\/bach\/pic\/xm.gif\" alt=\"XML\" border=\"0\" \/><\/a><\/td>\n<td valign=\"top\" width=\"50\"><a href=\"https:\/\/www.tobis-notenarchiv.de\/bach\/21-Ergaenzungen\/10-ohne_BWV\/Bach_Allegro.pdf\"><img decoding=\"async\" src=\"https:\/\/www.tobis-notenarchiv.de\/bach\/pic\/pd.gif\" alt=\"PDF\" border=\"0\" \/><\/a><\/td>\n<td valign=\"top\" width=\"50\"><a href=\"https:\/\/www.tobis-notenarchiv.de\/bach\/21-Ergaenzungen\/10-ohne_BWV\/Bach_Allegro.mid\"><img decoding=\"async\" src=\"https:\/\/www.tobis-notenarchiv.de\/bach\/pic\/mi.gif\" alt=\"Midi\" border=\"0\" \/><\/a><\/td>\n<\/tr>\n<tr>\n<td width=\"400\"><b>ohne BWV<\/b><br \/>\n2 Menuette von J.S. Bach<br \/>\n[Erstausgabe]<\/td>\n<td valign=\"top\" width=\"50\"><a href=\"https:\/\/www.tobis-notenarchiv.de\/bach\/21-Ergaenzungen\/10-ohne_BWV\/Bach_Menuett.capx\"><img decoding=\"async\" src=\"https:\/\/www.tobis-notenarchiv.de\/bach\/pic\/ca.gif\" alt=\"Capella-XML\" border=\"0\" \/><\/a><\/td>\n<td valign=\"top\" width=\"50\"><a href=\"https:\/\/www.tobis-notenarchiv.de\/bach\/21-Ergaenzungen\/10-ohne_BWV\/Bach_Menuett.zip\"><img decoding=\"async\" src=\"https:\/\/www.tobis-notenarchiv.de\/bach\/pic\/xm.gif\" alt=\"XML\" border=\"0\" \/><\/a><\/td>\n<td valign=\"top\" width=\"50\"><a href=\"https:\/\/www.tobis-notenarchiv.de\/bach\/21-Ergaenzungen\/10-ohne_BWV\/Bach_Menuett.pdf\"><img decoding=\"async\" src=\"https:\/\/www.tobis-notenarchiv.de\/bach\/pic\/pd.gif\" alt=\"PDF\" border=\"0\" \/><\/a><\/td>\n<td valign=\"top\" width=\"50\"><a href=\"https:\/\/www.tobis-notenarchiv.de\/bach\/21-Ergaenzungen\/10-ohne_BWV\/Bach_Menuett.mid\"><img decoding=\"async\" src=\"https:\/\/www.tobis-notenarchiv.de\/bach\/pic\/mi.gif\" alt=\"Midi\" border=\"0\" \/><\/a><\/td>\n<\/tr>\n<tr>\n<td width=\"400\"><b>ohne BWV<\/b><br \/>\nPolonoise von J.S. Bach<br \/>\n[Erstausgabe]<\/td>\n<td valign=\"top\" width=\"50\"><a href=\"https:\/\/www.tobis-notenarchiv.de\/bach\/21-Ergaenzungen\/10-ohne_BWV\/Bach_Polonoise.capx\"><img decoding=\"async\" src=\"https:\/\/www.tobis-notenarchiv.de\/bach\/pic\/ca.gif\" alt=\"Capella-XML\" border=\"0\" \/><\/a><\/td>\n<td valign=\"top\" width=\"50\"><a href=\"https:\/\/www.tobis-notenarchiv.de\/bach\/21-Ergaenzungen\/10-ohne_BWV\/Bach_Polonoise.zip\"><img decoding=\"async\" src=\"https:\/\/www.tobis-notenarchiv.de\/bach\/pic\/xm.gif\" alt=\"XML\" border=\"0\" \/><\/a><\/td>\n<td valign=\"top\" width=\"50\"><a href=\"https:\/\/www.tobis-notenarchiv.de\/bach\/21-Ergaenzungen\/10-ohne_BWV\/Bach_Polonoise.pdf\"><img decoding=\"async\" src=\"https:\/\/www.tobis-notenarchiv.de\/bach\/pic\/pd.gif\" alt=\"PDF\" border=\"0\" \/><\/a><\/td>\n<td valign=\"top\" width=\"50\"><a href=\"https:\/\/www.tobis-notenarchiv.de\/bach\/21-Ergaenzungen\/10-ohne_BWV\/Bach_Polonoise.mid\"><img decoding=\"async\" src=\"https:\/\/www.tobis-notenarchiv.de\/bach\/pic\/mi.gif\" alt=\"Midi\" border=\"0\" \/><\/a><\/td>\n<\/tr>\n<tr>\n<td width=\"400\"><b>ohne BWV<\/b><br \/>\nAlles ist an Gottes Segen<\/td>\n<td width=\"50\"><a href=\"https:\/\/www.tobis-notenarchiv.de\/noten\/100_praeludien\/100_Prael_008_Bach_JS_AllesistanGottesSegen.capx\"><img decoding=\"async\" src=\"https:\/\/www.tobis-notenarchiv.de\/pic\/ca.gif\" alt=\"CAP-XML\" border=\"0\" \/><\/a><\/td>\n<td width=\"50\"><a href=\"https:\/\/www.tobis-notenarchiv.de\/noten\/100_praeludien\/100_Prael_008_Bach_JS_AllesistanGottesSegen.zip\"><img decoding=\"async\" src=\"https:\/\/www.tobis-notenarchiv.de\/pic\/xm.gif\" alt=\"XML\" border=\"0\" \/><\/a><\/td>\n<td width=\"50\"><a href=\"https:\/\/www.tobis-notenarchiv.de\/noten\/100_praeludien\/100_Prael_008_Bach_JS_AllesistanGottesSegen.pdf\"><img decoding=\"async\" src=\"https:\/\/www.tobis-notenarchiv.de\/pic\/pd.gif\" alt=\"PDF\" border=\"0\" \/><\/a><\/td>\n<td width=\"50\"><a href=\"https:\/\/www.tobis-notenarchiv.de\/noten\/100_praeludien\/100_Prael_008_Bach_JS_AllesistanGottesSegen.mid\"><img decoding=\"async\" src=\"https:\/\/www.tobis-notenarchiv.de\/pic\/mi.gif\" alt=\"Midi\" border=\"0\" \/><\/a><\/td>\n<\/tr>\n<tr>\n<td colspan=\"5\" valign=\"top\">&nbsp;<\/p>\n<p align=\"justify\"><u><b>Hinweis:<\/b><\/u><br \/>\nNach Auskunft des <a href=\"https:\/\/www.bach-leipzig.de\/de\/neutral\/wir-ueber-uns\" target=\"new\" rel=\"noopener\">Bach-Archivs<\/a> in Leipzig haben diese Werke keine BWV-Nummer, weil sie nicht eindeutig als von Bach stammend identifiziert wurden.<\/p>\n<\/td>\n<\/tr>\n<\/tbody>\n<\/table>\n<p>&nbsp;<\/p>\n","protected":false},"excerpt":{"rendered":"<p>&nbsp; ohne BWV 2 Instrumentalstimmen zu einer unbekannten Kirchencantate ohne BWV Menuett in f-Moll par M. B\u00f6hm aus dem 2. Notenb\u00fcchlein f\u00fcr Anna Magdalena Bach ohne BWV Menuett in f-Moll par M. B\u00f6hm aus dem 2. Notenb\u00fcchlein f\u00fcr Anna Magdalena Bach ohne BWV Pi\u00e8ce pour le Clavecin compos\u00e9e par J. C. Richter aus dem Klavierb\u00fcchlein f\u00fcr Wilhelm Friedemann Bach (No. 25) ohne BWV St\u00fcck ohne Titel (nur Bassstimme) aus dem Klavierb\u00fcchlein f\u00fcr Wilhelm Friedemann Bach (No. 30) ohne BWV Partita&#8230;<\/p>\n<p class=\"read-more\"><a class=\"btn btn-default\" href=\"https:\/\/tobis-notenarchiv.de\/wp\/bach-archiv\/bwv-deest-de\/werke-ohne-bwv\/\">Weiterlesen<span class=\"screen-reader-text\"> Weiterlesen<\/span><\/a><\/p>\n","protected":false},"author":1,"featured_media":0,"parent":4588,"menu_order":5,"comment_status":"closed","ping_status":"closed","template":"","meta":{"footnotes":""},"class_list":["post-1414","page","type-page","status-publish","hentry"],"yoast_head":"<!-- This site is optimized with the Yoast SEO plugin v27.3 - https:\/\/yoast.com\/product\/yoast-seo-wordpress\/ -->\n<title>Werke ohne BWV - Tobis Notenarchiv<\/title>\n<meta name=\"robots\" content=\"index, follow, max-snippet:-1, max-image-preview:large, max-video-preview:-1\" \/>\n<link rel=\"canonical\" href=\"https:\/\/tobis-notenarchiv.de\/wp\/bach-archiv\/bwv-deest-de\/werke-ohne-bwv\/\" \/>\n<meta property=\"og:locale\" content=\"de_DE\" \/>\n<meta property=\"og:type\" content=\"article\" \/>\n<meta property=\"og:title\" content=\"Werke ohne BWV - Tobis Notenarchiv\" \/>\n<meta property=\"og:description\" content=\"&nbsp; ohne BWV 2 Instrumentalstimmen zu einer unbekannten Kirchencantate ohne BWV Menuett in f-Moll par M. B\u00f6hm aus dem 2. Notenb\u00fcchlein f\u00fcr Anna Magdalena Bach ohne BWV Menuett in f-Moll par M. B\u00f6hm aus dem 2. Notenb\u00fcchlein f\u00fcr Anna Magdalena Bach ohne BWV Pi\u00e8ce pour le Clavecin compos\u00e9e par J. C. Richter aus dem Klavierb\u00fcchlein f\u00fcr Wilhelm Friedemann Bach (No. 25) ohne BWV St\u00fcck ohne Titel (nur Bassstimme) aus dem Klavierb\u00fcchlein f\u00fcr Wilhelm Friedemann Bach (No. 30) ohne BWV Partita...Weiterlesen Weiterlesen\" \/>\n<meta property=\"og:url\" content=\"https:\/\/tobis-notenarchiv.de\/wp\/bach-archiv\/bwv-deest-de\/werke-ohne-bwv\/\" \/>\n<meta property=\"og:site_name\" content=\"Tobis Notenarchiv\" \/>\n<meta property=\"article:modified_time\" content=\"2024-06-01T12:30:50+00:00\" \/>\n<meta property=\"og:image\" content=\"https:\/\/www.tobis-notenarchiv.de\/bach\/pic\/ca.gif\" \/>\n<meta name=\"twitter:card\" content=\"summary_large_image\" \/>\n<meta name=\"twitter:label1\" content=\"Gesch\u00e4tzte Lesezeit\" \/>\n\t<meta name=\"twitter:data1\" content=\"8\u00a0Minuten\" \/>\n<script type=\"application\/ld+json\" class=\"yoast-schema-graph\">{\"@context\":\"https:\\\/\\\/schema.org\",\"@graph\":[{\"@type\":\"WebPage\",\"@id\":\"https:\\\/\\\/tobis-notenarchiv.de\\\/wp\\\/bach-archiv\\\/bwv-deest-de\\\/werke-ohne-bwv\\\/\",\"url\":\"https:\\\/\\\/tobis-notenarchiv.de\\\/wp\\\/bach-archiv\\\/bwv-deest-de\\\/werke-ohne-bwv\\\/\",\"name\":\"Werke ohne BWV - Tobis Notenarchiv\",\"isPartOf\":{\"@id\":\"https:\\\/\\\/tobis-notenarchiv.de\\\/wp\\\/#website\"},\"primaryImageOfPage\":{\"@id\":\"https:\\\/\\\/tobis-notenarchiv.de\\\/wp\\\/bach-archiv\\\/bwv-deest-de\\\/werke-ohne-bwv\\\/#primaryimage\"},\"image\":{\"@id\":\"https:\\\/\\\/tobis-notenarchiv.de\\\/wp\\\/bach-archiv\\\/bwv-deest-de\\\/werke-ohne-bwv\\\/#primaryimage\"},\"thumbnailUrl\":\"https:\\\/\\\/www.tobis-notenarchiv.de\\\/bach\\\/pic\\\/ca.gif\",\"datePublished\":\"2021-08-20T17:24:34+00:00\",\"dateModified\":\"2024-06-01T12:30:50+00:00\",\"breadcrumb\":{\"@id\":\"https:\\\/\\\/tobis-notenarchiv.de\\\/wp\\\/bach-archiv\\\/bwv-deest-de\\\/werke-ohne-bwv\\\/#breadcrumb\"},\"inLanguage\":\"de\",\"potentialAction\":[{\"@type\":\"ReadAction\",\"target\":[\"https:\\\/\\\/tobis-notenarchiv.de\\\/wp\\\/bach-archiv\\\/bwv-deest-de\\\/werke-ohne-bwv\\\/\"]}]},{\"@type\":\"ImageObject\",\"inLanguage\":\"de\",\"@id\":\"https:\\\/\\\/tobis-notenarchiv.de\\\/wp\\\/bach-archiv\\\/bwv-deest-de\\\/werke-ohne-bwv\\\/#primaryimage\",\"url\":\"https:\\\/\\\/www.tobis-notenarchiv.de\\\/bach\\\/pic\\\/ca.gif\",\"contentUrl\":\"https:\\\/\\\/www.tobis-notenarchiv.de\\\/bach\\\/pic\\\/ca.gif\"},{\"@type\":\"BreadcrumbList\",\"@id\":\"https:\\\/\\\/tobis-notenarchiv.de\\\/wp\\\/bach-archiv\\\/bwv-deest-de\\\/werke-ohne-bwv\\\/#breadcrumb\",\"itemListElement\":[{\"@type\":\"ListItem\",\"position\":1,\"name\":\"Startseite\",\"item\":\"https:\\\/\\\/tobis-notenarchiv.de\\\/wp\\\/\"},{\"@type\":\"ListItem\",\"position\":2,\"name\":\"Bach-Archiv\",\"item\":\"https:\\\/\\\/tobis-notenarchiv.de\\\/wp\\\/bach-archiv\\\/\"},{\"@type\":\"ListItem\",\"position\":3,\"name\":\"BWV deest\",\"item\":\"https:\\\/\\\/tobis-notenarchiv.de\\\/wp\\\/bach-archiv\\\/bwv-deest-de\\\/\"},{\"@type\":\"ListItem\",\"position\":4,\"name\":\"Werke ohne BWV\"}]},{\"@type\":\"WebSite\",\"@id\":\"https:\\\/\\\/tobis-notenarchiv.de\\\/wp\\\/#website\",\"url\":\"https:\\\/\\\/tobis-notenarchiv.de\\\/wp\\\/\",\"name\":\"Tobis Notenarchiv\",\"description\":\"\",\"potentialAction\":[{\"@type\":\"SearchAction\",\"target\":{\"@type\":\"EntryPoint\",\"urlTemplate\":\"https:\\\/\\\/tobis-notenarchiv.de\\\/wp\\\/?s={search_term_string}\"},\"query-input\":{\"@type\":\"PropertyValueSpecification\",\"valueRequired\":true,\"valueName\":\"search_term_string\"}}],\"inLanguage\":\"de\"}]}<\/script>\n<!-- \/ Yoast SEO plugin. -->","yoast_head_json":{"title":"Werke ohne BWV - Tobis Notenarchiv","robots":{"index":"index","follow":"follow","max-snippet":"max-snippet:-1","max-image-preview":"max-image-preview:large","max-video-preview":"max-video-preview:-1"},"canonical":"https:\/\/tobis-notenarchiv.de\/wp\/bach-archiv\/bwv-deest-de\/werke-ohne-bwv\/","og_locale":"de_DE","og_type":"article","og_title":"Werke ohne BWV - Tobis Notenarchiv","og_description":"&nbsp; ohne BWV 2 Instrumentalstimmen zu einer unbekannten Kirchencantate ohne BWV Menuett in f-Moll par M. B\u00f6hm aus dem 2. Notenb\u00fcchlein f\u00fcr Anna Magdalena Bach ohne BWV Menuett in f-Moll par M. B\u00f6hm aus dem 2. Notenb\u00fcchlein f\u00fcr Anna Magdalena Bach ohne BWV Pi\u00e8ce pour le Clavecin compos\u00e9e par J. C. Richter aus dem Klavierb\u00fcchlein f\u00fcr Wilhelm Friedemann Bach (No. 25) ohne BWV St\u00fcck ohne Titel (nur Bassstimme) aus dem Klavierb\u00fcchlein f\u00fcr Wilhelm Friedemann Bach (No. 30) ohne BWV Partita...Weiterlesen Weiterlesen","og_url":"https:\/\/tobis-notenarchiv.de\/wp\/bach-archiv\/bwv-deest-de\/werke-ohne-bwv\/","og_site_name":"Tobis Notenarchiv","article_modified_time":"2024-06-01T12:30:50+00:00","og_image":[{"url":"https:\/\/www.tobis-notenarchiv.de\/bach\/pic\/ca.gif","type":"","width":"","height":""}],"twitter_card":"summary_large_image","twitter_misc":{"Gesch\u00e4tzte Lesezeit":"8\u00a0Minuten"},"schema":{"@context":"https:\/\/schema.org","@graph":[{"@type":"WebPage","@id":"https:\/\/tobis-notenarchiv.de\/wp\/bach-archiv\/bwv-deest-de\/werke-ohne-bwv\/","url":"https:\/\/tobis-notenarchiv.de\/wp\/bach-archiv\/bwv-deest-de\/werke-ohne-bwv\/","name":"Werke ohne BWV - Tobis Notenarchiv","isPartOf":{"@id":"https:\/\/tobis-notenarchiv.de\/wp\/#website"},"primaryImageOfPage":{"@id":"https:\/\/tobis-notenarchiv.de\/wp\/bach-archiv\/bwv-deest-de\/werke-ohne-bwv\/#primaryimage"},"image":{"@id":"https:\/\/tobis-notenarchiv.de\/wp\/bach-archiv\/bwv-deest-de\/werke-ohne-bwv\/#primaryimage"},"thumbnailUrl":"https:\/\/www.tobis-notenarchiv.de\/bach\/pic\/ca.gif","datePublished":"2021-08-20T17:24:34+00:00","dateModified":"2024-06-01T12:30:50+00:00","breadcrumb":{"@id":"https:\/\/tobis-notenarchiv.de\/wp\/bach-archiv\/bwv-deest-de\/werke-ohne-bwv\/#breadcrumb"},"inLanguage":"de","potentialAction":[{"@type":"ReadAction","target":["https:\/\/tobis-notenarchiv.de\/wp\/bach-archiv\/bwv-deest-de\/werke-ohne-bwv\/"]}]},{"@type":"ImageObject","inLanguage":"de","@id":"https:\/\/tobis-notenarchiv.de\/wp\/bach-archiv\/bwv-deest-de\/werke-ohne-bwv\/#primaryimage","url":"https:\/\/www.tobis-notenarchiv.de\/bach\/pic\/ca.gif","contentUrl":"https:\/\/www.tobis-notenarchiv.de\/bach\/pic\/ca.gif"},{"@type":"BreadcrumbList","@id":"https:\/\/tobis-notenarchiv.de\/wp\/bach-archiv\/bwv-deest-de\/werke-ohne-bwv\/#breadcrumb","itemListElement":[{"@type":"ListItem","position":1,"name":"Startseite","item":"https:\/\/tobis-notenarchiv.de\/wp\/"},{"@type":"ListItem","position":2,"name":"Bach-Archiv","item":"https:\/\/tobis-notenarchiv.de\/wp\/bach-archiv\/"},{"@type":"ListItem","position":3,"name":"BWV deest","item":"https:\/\/tobis-notenarchiv.de\/wp\/bach-archiv\/bwv-deest-de\/"},{"@type":"ListItem","position":4,"name":"Werke ohne BWV"}]},{"@type":"WebSite","@id":"https:\/\/tobis-notenarchiv.de\/wp\/#website","url":"https:\/\/tobis-notenarchiv.de\/wp\/","name":"Tobis Notenarchiv","description":"","potentialAction":[{"@type":"SearchAction","target":{"@type":"EntryPoint","urlTemplate":"https:\/\/tobis-notenarchiv.de\/wp\/?s={search_term_string}"},"query-input":{"@type":"PropertyValueSpecification","valueRequired":true,"valueName":"search_term_string"}}],"inLanguage":"de"}]}},"_links":{"self":[{"href":"https:\/\/tobis-notenarchiv.de\/wp\/wp-json\/wp\/v2\/pages\/1414","targetHints":{"allow":["GET"]}}],"collection":[{"href":"https:\/\/tobis-notenarchiv.de\/wp\/wp-json\/wp\/v2\/pages"}],"about":[{"href":"https:\/\/tobis-notenarchiv.de\/wp\/wp-json\/wp\/v2\/types\/page"}],"author":[{"embeddable":true,"href":"https:\/\/tobis-notenarchiv.de\/wp\/wp-json\/wp\/v2\/users\/1"}],"replies":[{"embeddable":true,"href":"https:\/\/tobis-notenarchiv.de\/wp\/wp-json\/wp\/v2\/comments?post=1414"}],"version-history":[{"count":10,"href":"https:\/\/tobis-notenarchiv.de\/wp\/wp-json\/wp\/v2\/pages\/1414\/revisions"}],"predecessor-version":[{"id":5657,"href":"https:\/\/tobis-notenarchiv.de\/wp\/wp-json\/wp\/v2\/pages\/1414\/revisions\/5657"}],"up":[{"embeddable":true,"href":"https:\/\/tobis-notenarchiv.de\/wp\/wp-json\/wp\/v2\/pages\/4588"}],"wp:attachment":[{"href":"https:\/\/tobis-notenarchiv.de\/wp\/wp-json\/wp\/v2\/media?parent=1414"}],"curies":[{"name":"wp","href":"https:\/\/api.w.org\/{rel}","templated":true}]}}