{"id":1247,"date":"2021-08-19T17:54:09","date_gmt":"2021-08-19T15:54:09","guid":{"rendered":"https:\/\/tobis-notenarchiv.de\/wp\/?page_id=1247"},"modified":"2021-08-24T19:54:01","modified_gmt":"2021-08-24T17:54:01","slug":"fuenf-kleine-praeludien","status":"publish","type":"page","link":"https:\/\/tobis-notenarchiv.de\/wp\/bach-archiv\/instrumentalwerke\/werke-fuer-klavier\/fuenf-kleine-praeludien\/","title":{"rendered":"F\u00fcnf kleine Pr\u00e4ludien"},"content":{"rendered":"<p>&nbsp;<\/p>\n<table>\n<tbody>\n<tr>\n<td width=\"400\"><b>BWV 939<\/b><br \/>\nPr\u00e4ludium in C-Dur<\/td>\n<td valign=\"top\" width=\"50\"><a href=\"https:\/\/www.tobis-notenarchiv.de\/bach\/10-Klavierwerke\/16-Kleine_Praeludien_II\/BWV_0939.capx\"><img decoding=\"async\" src=\"https:\/\/www.tobis-notenarchiv.de\/bach\/pic\/ca.gif\" alt=\"Cap-XML\" border=\"0\" \/><\/a><\/td>\n<td valign=\"top\" width=\"50\"><a href=\"https:\/\/www.tobis-notenarchiv.de\/bach\/10-Klavierwerke\/16-Kleine_Praeludien_II\/BWV_0939.zip\"><img decoding=\"async\" src=\"https:\/\/www.tobis-notenarchiv.de\/bach\/pic\/xm.gif\" alt=\"XML\" border=\"0\" \/><\/a><\/td>\n<td valign=\"top\" width=\"50\"><a href=\"https:\/\/www.tobis-notenarchiv.de\/bach\/10-Klavierwerke\/16-Kleine_Praeludien_II\/BWV_0939.pdf\"><img decoding=\"async\" src=\"https:\/\/www.tobis-notenarchiv.de\/bach\/pic\/pd.gif\" alt=\"PDF\" border=\"0\" \/><\/a><\/td>\n<td valign=\"top\" width=\"50\"><a href=\"https:\/\/www.tobis-notenarchiv.de\/bach\/10-Klavierwerke\/16-Kleine_Praeludien_II\/BWV_0939.mid\"><img decoding=\"async\" src=\"https:\/\/www.tobis-notenarchiv.de\/bach\/pic\/mi.gif\" alt=\"Midi\" border=\"0\" \/><\/a><\/td>\n<\/tr>\n<tr>\n<td width=\"400\"><b>BWV 940<\/b><br \/>\nPr\u00e4ludium in d-Moll<\/td>\n<td valign=\"top\" width=\"50\"><a href=\"https:\/\/www.tobis-notenarchiv.de\/bach\/10-Klavierwerke\/16-Kleine_Praeludien_II\/BWV_0940.capx\"><img decoding=\"async\" src=\"https:\/\/www.tobis-notenarchiv.de\/bach\/pic\/ca.gif\" alt=\"Cap-XML\" border=\"0\" \/><\/a><\/td>\n<td valign=\"top\" width=\"50\"><a href=\"https:\/\/www.tobis-notenarchiv.de\/bach\/10-Klavierwerke\/16-Kleine_Praeludien_II\/BWV_0940.zip\"><img decoding=\"async\" src=\"https:\/\/www.tobis-notenarchiv.de\/bach\/pic\/xm.gif\" alt=\"XML\" border=\"0\" \/><\/a><\/td>\n<td valign=\"top\" width=\"50\"><a href=\"https:\/\/www.tobis-notenarchiv.de\/bach\/10-Klavierwerke\/16-Kleine_Praeludien_II\/BWV_0940.pdf\"><img decoding=\"async\" src=\"https:\/\/www.tobis-notenarchiv.de\/bach\/pic\/pd.gif\" alt=\"PDF\" border=\"0\" \/><\/a><\/td>\n<td valign=\"top\" width=\"50\"><a href=\"https:\/\/www.tobis-notenarchiv.de\/bach\/10-Klavierwerke\/16-Kleine_Praeludien_II\/BWV_0940.mid\"><img decoding=\"async\" src=\"https:\/\/www.tobis-notenarchiv.de\/bach\/pic\/mi.gif\" alt=\"Midi\" border=\"0\" \/><\/a><\/td>\n<\/tr>\n<tr>\n<td width=\"400\"><b>BWV 941<\/b><br \/>\nPr\u00e4ludium in e-Moll<\/td>\n<td valign=\"top\" width=\"50\"><a href=\"https:\/\/www.tobis-notenarchiv.de\/bach\/10-Klavierwerke\/16-Kleine_Praeludien_II\/BWV_0941.capx\"><img decoding=\"async\" src=\"https:\/\/www.tobis-notenarchiv.de\/bach\/pic\/ca.gif\" alt=\"Cap-XML\" border=\"0\" \/><\/a><\/td>\n<td valign=\"top\" width=\"50\"><a href=\"https:\/\/www.tobis-notenarchiv.de\/bach\/10-Klavierwerke\/16-Kleine_Praeludien_II\/BWV_0941.zip\"><img decoding=\"async\" src=\"https:\/\/www.tobis-notenarchiv.de\/bach\/pic\/xm.gif\" alt=\"XML\" border=\"0\" \/><\/a><\/td>\n<td valign=\"top\" width=\"50\"><a href=\"https:\/\/www.tobis-notenarchiv.de\/bach\/10-Klavierwerke\/16-Kleine_Praeludien_II\/BWV_0941.pdf\"><img decoding=\"async\" src=\"https:\/\/www.tobis-notenarchiv.de\/bach\/pic\/pd.gif\" alt=\"PDF\" border=\"0\" \/><\/a><\/td>\n<td valign=\"top\" width=\"50\"><a href=\"https:\/\/www.tobis-notenarchiv.de\/bach\/10-Klavierwerke\/16-Kleine_Praeludien_II\/BWV_0941.mid\"><img decoding=\"async\" src=\"https:\/\/www.tobis-notenarchiv.de\/bach\/pic\/mi.gif\" alt=\"Midi\" border=\"0\" \/><\/a><\/td>\n<\/tr>\n<tr>\n<td width=\"400\"><b>BWV 942<\/b><br \/>\nPr\u00e4ludium in a-Moll<\/td>\n<td valign=\"top\" width=\"50\"><a href=\"https:\/\/www.tobis-notenarchiv.de\/bach\/10-Klavierwerke\/16-Kleine_Praeludien_II\/BWV_0942.capx\"><img decoding=\"async\" src=\"https:\/\/www.tobis-notenarchiv.de\/bach\/pic\/ca.gif\" alt=\"Cap-XML\" border=\"0\" \/><\/a><\/td>\n<td valign=\"top\" width=\"50\"><a href=\"https:\/\/www.tobis-notenarchiv.de\/bach\/10-Klavierwerke\/16-Kleine_Praeludien_II\/BWV_0942.zip\"><img decoding=\"async\" src=\"https:\/\/www.tobis-notenarchiv.de\/bach\/pic\/xm.gif\" alt=\"XML\" border=\"0\" \/><\/a><\/td>\n<td valign=\"top\" width=\"50\"><a href=\"https:\/\/www.tobis-notenarchiv.de\/bach\/10-Klavierwerke\/16-Kleine_Praeludien_II\/BWV_0942.pdf\"><img decoding=\"async\" src=\"https:\/\/www.tobis-notenarchiv.de\/bach\/pic\/pd.gif\" alt=\"PDF\" border=\"0\" \/><\/a><\/td>\n<td valign=\"top\" width=\"50\"><a href=\"https:\/\/www.tobis-notenarchiv.de\/bach\/10-Klavierwerke\/16-Kleine_Praeludien_II\/BWV_0942.mid\"><img decoding=\"async\" src=\"https:\/\/www.tobis-notenarchiv.de\/bach\/pic\/mi.gif\" alt=\"Midi\" border=\"0\" \/><\/a><\/td>\n<\/tr>\n<tr>\n<td width=\"400\"><b>BWV 943<\/b><br \/>\nPr\u00e4ludium in C-Dur<\/td>\n<td valign=\"top\" width=\"50\"><a href=\"https:\/\/www.tobis-notenarchiv.de\/bach\/10-Klavierwerke\/16-Kleine_Praeludien_II\/BWV_0943.capx\"><img decoding=\"async\" src=\"https:\/\/www.tobis-notenarchiv.de\/bach\/pic\/ca.gif\" alt=\"Cap-XML\" border=\"0\" \/><\/a><\/td>\n<td valign=\"top\" width=\"50\"><a href=\"https:\/\/www.tobis-notenarchiv.de\/bach\/10-Klavierwerke\/16-Kleine_Praeludien_II\/BWV_0943.zip\"><img decoding=\"async\" src=\"https:\/\/www.tobis-notenarchiv.de\/bach\/pic\/xm.gif\" alt=\"XML\" border=\"0\" \/><\/a><\/td>\n<td valign=\"top\" width=\"50\"><a href=\"https:\/\/www.tobis-notenarchiv.de\/bach\/10-Klavierwerke\/16-Kleine_Praeludien_II\/BWV_0943.pdf\"><img decoding=\"async\" src=\"https:\/\/www.tobis-notenarchiv.de\/bach\/pic\/pd.gif\" alt=\"PDF\" border=\"0\" \/><\/a><\/td>\n<td valign=\"top\" width=\"50\"><a href=\"https:\/\/www.tobis-notenarchiv.de\/bach\/10-Klavierwerke\/16-Kleine_Praeludien_II\/BWV_0943.mid\"><img decoding=\"async\" src=\"https:\/\/www.tobis-notenarchiv.de\/bach\/pic\/mi.gif\" alt=\"Midi\" border=\"0\" \/><\/a><\/td>\n<\/tr>\n<\/tbody>\n<\/table>\n<p>&nbsp;<\/p>\n","protected":false},"excerpt":{"rendered":"<p>&nbsp; BWV 939 Pr\u00e4ludium in C-Dur BWV 940 Pr\u00e4ludium in d-Moll BWV 941 Pr\u00e4ludium in e-Moll BWV 942 Pr\u00e4ludium in a-Moll BWV 943 Pr\u00e4ludium in C-Dur &nbsp;<\/p>\n","protected":false},"author":1,"featured_media":0,"parent":1208,"menu_order":15,"comment_status":"closed","ping_status":"closed","template":"","meta":{"footnotes":""},"class_list":["post-1247","page","type-page","status-publish","hentry"],"yoast_head":"<!-- This site is optimized with the Yoast SEO plugin v27.3 - https:\/\/yoast.com\/product\/yoast-seo-wordpress\/ -->\n<title>F\u00fcnf kleine Pr\u00e4ludien - Tobis Notenarchiv<\/title>\n<meta name=\"robots\" content=\"index, follow, max-snippet:-1, max-image-preview:large, max-video-preview:-1\" \/>\n<link rel=\"canonical\" href=\"https:\/\/tobis-notenarchiv.de\/wp\/bach-archiv\/instrumentalwerke\/werke-fuer-klavier\/fuenf-kleine-praeludien\/\" \/>\n<meta property=\"og:locale\" content=\"de_DE\" \/>\n<meta property=\"og:type\" content=\"article\" \/>\n<meta property=\"og:title\" content=\"F\u00fcnf kleine Pr\u00e4ludien - Tobis Notenarchiv\" \/>\n<meta property=\"og:description\" content=\"&nbsp; BWV 939 Pr\u00e4ludium in C-Dur BWV 940 Pr\u00e4ludium in d-Moll BWV 941 Pr\u00e4ludium in e-Moll BWV 942 Pr\u00e4ludium in a-Moll BWV 943 Pr\u00e4ludium in C-Dur &nbsp;\" \/>\n<meta property=\"og:url\" content=\"https:\/\/tobis-notenarchiv.de\/wp\/bach-archiv\/instrumentalwerke\/werke-fuer-klavier\/fuenf-kleine-praeludien\/\" \/>\n<meta property=\"og:site_name\" content=\"Tobis Notenarchiv\" \/>\n<meta property=\"article:modified_time\" content=\"2021-08-24T17:54:01+00:00\" \/>\n<meta property=\"og:image\" content=\"https:\/\/www.tobis-notenarchiv.de\/bach\/pic\/ca.gif\" \/>\n<meta name=\"twitter:card\" content=\"summary_large_image\" \/>\n<script type=\"application\/ld+json\" class=\"yoast-schema-graph\">{\"@context\":\"https:\\\/\\\/schema.org\",\"@graph\":[{\"@type\":\"WebPage\",\"@id\":\"https:\\\/\\\/tobis-notenarchiv.de\\\/wp\\\/bach-archiv\\\/instrumentalwerke\\\/werke-fuer-klavier\\\/fuenf-kleine-praeludien\\\/\",\"url\":\"https:\\\/\\\/tobis-notenarchiv.de\\\/wp\\\/bach-archiv\\\/instrumentalwerke\\\/werke-fuer-klavier\\\/fuenf-kleine-praeludien\\\/\",\"name\":\"F\u00fcnf kleine Pr\u00e4ludien - Tobis Notenarchiv\",\"isPartOf\":{\"@id\":\"https:\\\/\\\/tobis-notenarchiv.de\\\/wp\\\/#website\"},\"primaryImageOfPage\":{\"@id\":\"https:\\\/\\\/tobis-notenarchiv.de\\\/wp\\\/bach-archiv\\\/instrumentalwerke\\\/werke-fuer-klavier\\\/fuenf-kleine-praeludien\\\/#primaryimage\"},\"image\":{\"@id\":\"https:\\\/\\\/tobis-notenarchiv.de\\\/wp\\\/bach-archiv\\\/instrumentalwerke\\\/werke-fuer-klavier\\\/fuenf-kleine-praeludien\\\/#primaryimage\"},\"thumbnailUrl\":\"https:\\\/\\\/www.tobis-notenarchiv.de\\\/bach\\\/pic\\\/ca.gif\",\"datePublished\":\"2021-08-19T15:54:09+00:00\",\"dateModified\":\"2021-08-24T17:54:01+00:00\",\"breadcrumb\":{\"@id\":\"https:\\\/\\\/tobis-notenarchiv.de\\\/wp\\\/bach-archiv\\\/instrumentalwerke\\\/werke-fuer-klavier\\\/fuenf-kleine-praeludien\\\/#breadcrumb\"},\"inLanguage\":\"de\",\"potentialAction\":[{\"@type\":\"ReadAction\",\"target\":[\"https:\\\/\\\/tobis-notenarchiv.de\\\/wp\\\/bach-archiv\\\/instrumentalwerke\\\/werke-fuer-klavier\\\/fuenf-kleine-praeludien\\\/\"]}]},{\"@type\":\"ImageObject\",\"inLanguage\":\"de\",\"@id\":\"https:\\\/\\\/tobis-notenarchiv.de\\\/wp\\\/bach-archiv\\\/instrumentalwerke\\\/werke-fuer-klavier\\\/fuenf-kleine-praeludien\\\/#primaryimage\",\"url\":\"https:\\\/\\\/www.tobis-notenarchiv.de\\\/bach\\\/pic\\\/ca.gif\",\"contentUrl\":\"https:\\\/\\\/www.tobis-notenarchiv.de\\\/bach\\\/pic\\\/ca.gif\"},{\"@type\":\"BreadcrumbList\",\"@id\":\"https:\\\/\\\/tobis-notenarchiv.de\\\/wp\\\/bach-archiv\\\/instrumentalwerke\\\/werke-fuer-klavier\\\/fuenf-kleine-praeludien\\\/#breadcrumb\",\"itemListElement\":[{\"@type\":\"ListItem\",\"position\":1,\"name\":\"Startseite\",\"item\":\"https:\\\/\\\/tobis-notenarchiv.de\\\/wp\\\/\"},{\"@type\":\"ListItem\",\"position\":2,\"name\":\"Bach-Archiv\",\"item\":\"https:\\\/\\\/tobis-notenarchiv.de\\\/wp\\\/bach-archiv\\\/\"},{\"@type\":\"ListItem\",\"position\":3,\"name\":\"Instrumentalwerke\",\"item\":\"https:\\\/\\\/tobis-notenarchiv.de\\\/wp\\\/bach-archiv\\\/instrumentalwerke\\\/\"},{\"@type\":\"ListItem\",\"position\":4,\"name\":\"Klavierwerke\",\"item\":\"https:\\\/\\\/tobis-notenarchiv.de\\\/wp\\\/bach-archiv\\\/instrumentalwerke\\\/werke-fuer-klavier\\\/\"},{\"@type\":\"ListItem\",\"position\":5,\"name\":\"F\u00fcnf kleine Pr\u00e4ludien\"}]},{\"@type\":\"WebSite\",\"@id\":\"https:\\\/\\\/tobis-notenarchiv.de\\\/wp\\\/#website\",\"url\":\"https:\\\/\\\/tobis-notenarchiv.de\\\/wp\\\/\",\"name\":\"Tobis Notenarchiv\",\"description\":\"\",\"potentialAction\":[{\"@type\":\"SearchAction\",\"target\":{\"@type\":\"EntryPoint\",\"urlTemplate\":\"https:\\\/\\\/tobis-notenarchiv.de\\\/wp\\\/?s={search_term_string}\"},\"query-input\":{\"@type\":\"PropertyValueSpecification\",\"valueRequired\":true,\"valueName\":\"search_term_string\"}}],\"inLanguage\":\"de\"}]}<\/script>\n<!-- \/ Yoast SEO plugin. -->","yoast_head_json":{"title":"F\u00fcnf kleine Pr\u00e4ludien - Tobis Notenarchiv","robots":{"index":"index","follow":"follow","max-snippet":"max-snippet:-1","max-image-preview":"max-image-preview:large","max-video-preview":"max-video-preview:-1"},"canonical":"https:\/\/tobis-notenarchiv.de\/wp\/bach-archiv\/instrumentalwerke\/werke-fuer-klavier\/fuenf-kleine-praeludien\/","og_locale":"de_DE","og_type":"article","og_title":"F\u00fcnf kleine Pr\u00e4ludien - Tobis Notenarchiv","og_description":"&nbsp; BWV 939 Pr\u00e4ludium in C-Dur BWV 940 Pr\u00e4ludium in d-Moll BWV 941 Pr\u00e4ludium in e-Moll BWV 942 Pr\u00e4ludium in a-Moll BWV 943 Pr\u00e4ludium in C-Dur &nbsp;","og_url":"https:\/\/tobis-notenarchiv.de\/wp\/bach-archiv\/instrumentalwerke\/werke-fuer-klavier\/fuenf-kleine-praeludien\/","og_site_name":"Tobis Notenarchiv","article_modified_time":"2021-08-24T17:54:01+00:00","og_image":[{"url":"https:\/\/www.tobis-notenarchiv.de\/bach\/pic\/ca.gif","type":"","width":"","height":""}],"twitter_card":"summary_large_image","schema":{"@context":"https:\/\/schema.org","@graph":[{"@type":"WebPage","@id":"https:\/\/tobis-notenarchiv.de\/wp\/bach-archiv\/instrumentalwerke\/werke-fuer-klavier\/fuenf-kleine-praeludien\/","url":"https:\/\/tobis-notenarchiv.de\/wp\/bach-archiv\/instrumentalwerke\/werke-fuer-klavier\/fuenf-kleine-praeludien\/","name":"F\u00fcnf kleine Pr\u00e4ludien - Tobis Notenarchiv","isPartOf":{"@id":"https:\/\/tobis-notenarchiv.de\/wp\/#website"},"primaryImageOfPage":{"@id":"https:\/\/tobis-notenarchiv.de\/wp\/bach-archiv\/instrumentalwerke\/werke-fuer-klavier\/fuenf-kleine-praeludien\/#primaryimage"},"image":{"@id":"https:\/\/tobis-notenarchiv.de\/wp\/bach-archiv\/instrumentalwerke\/werke-fuer-klavier\/fuenf-kleine-praeludien\/#primaryimage"},"thumbnailUrl":"https:\/\/www.tobis-notenarchiv.de\/bach\/pic\/ca.gif","datePublished":"2021-08-19T15:54:09+00:00","dateModified":"2021-08-24T17:54:01+00:00","breadcrumb":{"@id":"https:\/\/tobis-notenarchiv.de\/wp\/bach-archiv\/instrumentalwerke\/werke-fuer-klavier\/fuenf-kleine-praeludien\/#breadcrumb"},"inLanguage":"de","potentialAction":[{"@type":"ReadAction","target":["https:\/\/tobis-notenarchiv.de\/wp\/bach-archiv\/instrumentalwerke\/werke-fuer-klavier\/fuenf-kleine-praeludien\/"]}]},{"@type":"ImageObject","inLanguage":"de","@id":"https:\/\/tobis-notenarchiv.de\/wp\/bach-archiv\/instrumentalwerke\/werke-fuer-klavier\/fuenf-kleine-praeludien\/#primaryimage","url":"https:\/\/www.tobis-notenarchiv.de\/bach\/pic\/ca.gif","contentUrl":"https:\/\/www.tobis-notenarchiv.de\/bach\/pic\/ca.gif"},{"@type":"BreadcrumbList","@id":"https:\/\/tobis-notenarchiv.de\/wp\/bach-archiv\/instrumentalwerke\/werke-fuer-klavier\/fuenf-kleine-praeludien\/#breadcrumb","itemListElement":[{"@type":"ListItem","position":1,"name":"Startseite","item":"https:\/\/tobis-notenarchiv.de\/wp\/"},{"@type":"ListItem","position":2,"name":"Bach-Archiv","item":"https:\/\/tobis-notenarchiv.de\/wp\/bach-archiv\/"},{"@type":"ListItem","position":3,"name":"Instrumentalwerke","item":"https:\/\/tobis-notenarchiv.de\/wp\/bach-archiv\/instrumentalwerke\/"},{"@type":"ListItem","position":4,"name":"Klavierwerke","item":"https:\/\/tobis-notenarchiv.de\/wp\/bach-archiv\/instrumentalwerke\/werke-fuer-klavier\/"},{"@type":"ListItem","position":5,"name":"F\u00fcnf kleine Pr\u00e4ludien"}]},{"@type":"WebSite","@id":"https:\/\/tobis-notenarchiv.de\/wp\/#website","url":"https:\/\/tobis-notenarchiv.de\/wp\/","name":"Tobis Notenarchiv","description":"","potentialAction":[{"@type":"SearchAction","target":{"@type":"EntryPoint","urlTemplate":"https:\/\/tobis-notenarchiv.de\/wp\/?s={search_term_string}"},"query-input":{"@type":"PropertyValueSpecification","valueRequired":true,"valueName":"search_term_string"}}],"inLanguage":"de"}]}},"_links":{"self":[{"href":"https:\/\/tobis-notenarchiv.de\/wp\/wp-json\/wp\/v2\/pages\/1247","targetHints":{"allow":["GET"]}}],"collection":[{"href":"https:\/\/tobis-notenarchiv.de\/wp\/wp-json\/wp\/v2\/pages"}],"about":[{"href":"https:\/\/tobis-notenarchiv.de\/wp\/wp-json\/wp\/v2\/types\/page"}],"author":[{"embeddable":true,"href":"https:\/\/tobis-notenarchiv.de\/wp\/wp-json\/wp\/v2\/users\/1"}],"replies":[{"embeddable":true,"href":"https:\/\/tobis-notenarchiv.de\/wp\/wp-json\/wp\/v2\/comments?post=1247"}],"version-history":[{"count":2,"href":"https:\/\/tobis-notenarchiv.de\/wp\/wp-json\/wp\/v2\/pages\/1247\/revisions"}],"predecessor-version":[{"id":1605,"href":"https:\/\/tobis-notenarchiv.de\/wp\/wp-json\/wp\/v2\/pages\/1247\/revisions\/1605"}],"up":[{"embeddable":true,"href":"https:\/\/tobis-notenarchiv.de\/wp\/wp-json\/wp\/v2\/pages\/1208"}],"wp:attachment":[{"href":"https:\/\/tobis-notenarchiv.de\/wp\/wp-json\/wp\/v2\/media?parent=1247"}],"curies":[{"name":"wp","href":"https:\/\/api.w.org\/{rel}","templated":true}]}}