{"id":1243,"date":"2021-08-19T17:50:43","date_gmt":"2021-08-19T15:50:43","guid":{"rendered":"https:\/\/tobis-notenarchiv.de\/wp\/?page_id=1243"},"modified":"2021-08-30T20:53:10","modified_gmt":"2021-08-30T18:53:10","slug":"neun-kleine-praeludien-aus-dem-klavierbuechlein-fuer-wilhelm-friedemann-bach","status":"publish","type":"page","link":"https:\/\/tobis-notenarchiv.de\/wp\/bach-archiv\/instrumentalwerke\/werke-fuer-klavier\/neun-kleine-praeludien-aus-dem-klavierbuechlein-fuer-wilhelm-friedemann-bach\/","title":{"rendered":"Neun kleine Pr\u00e4ludien aus dem Klavierb\u00fcchlein f\u00fcr Wilhelm Friedemann Bach"},"content":{"rendered":"<p>&nbsp;<\/p>\n<table>\n<tbody>\n<tr>\n<td width=\"400\"><b>BWV 924<\/b><br \/>\nPr\u00e4ludium in C-Dur<\/td>\n<td valign=\"top\" width=\"50\"><a href=\"https:\/\/www.tobis-notenarchiv.de\/bach\/10-Klavierwerke\/14-Kleine_Praeludien_WFB\/BWV_0924.capx\"><img decoding=\"async\" src=\"https:\/\/www.tobis-notenarchiv.de\/bach\/pic\/ca.gif\" alt=\"Cap-XML\" border=\"0\" \/><\/a><\/td>\n<td valign=\"top\" width=\"50\"><a href=\"https:\/\/www.tobis-notenarchiv.de\/bach\/10-Klavierwerke\/14-Kleine_Praeludien_WFB\/BWV_0924.zip\"><img decoding=\"async\" src=\"https:\/\/www.tobis-notenarchiv.de\/bach\/pic\/xm.gif\" alt=\"XML\" border=\"0\" \/><\/a><\/td>\n<td valign=\"top\" width=\"50\"><a href=\"https:\/\/www.tobis-notenarchiv.de\/bach\/10-Klavierwerke\/14-Kleine_Praeludien_WFB\/BWV_0924.pdf\"><img decoding=\"async\" src=\"https:\/\/www.tobis-notenarchiv.de\/bach\/pic\/pd.gif\" alt=\"PDF\" border=\"0\" \/><\/a><\/td>\n<td valign=\"top\" width=\"50\"><a href=\"https:\/\/www.tobis-notenarchiv.de\/bach\/10-Klavierwerke\/14-Kleine_Praeludien_WFB\/BWV_0924.mid\"><img decoding=\"async\" src=\"https:\/\/www.tobis-notenarchiv.de\/bach\/pic\/mi.gif\" alt=\"Midi\" border=\"0\" \/><\/a><\/td>\n<\/tr>\n<tr>\n<td width=\"400\"><b>BWV 924a<\/b><br \/>\nPr\u00e4ludium in C-Dur<\/td>\n<td valign=\"top\" width=\"50\"><a href=\"https:\/\/www.tobis-notenarchiv.de\/bach\/10-Klavierwerke\/14-Kleine_Praeludien_WFB\/BWV_0924a.capx\"><img decoding=\"async\" src=\"https:\/\/www.tobis-notenarchiv.de\/bach\/pic\/ca.gif\" alt=\"Cap-XML\" border=\"0\" \/><\/a><\/td>\n<td valign=\"top\" width=\"50\"><a href=\"https:\/\/www.tobis-notenarchiv.de\/bach\/10-Klavierwerke\/14-Kleine_Praeludien_WFB\/BWV_0924a.zip\"><img decoding=\"async\" src=\"https:\/\/www.tobis-notenarchiv.de\/bach\/pic\/xm.gif\" alt=\"XML\" border=\"0\" \/><\/a><\/td>\n<td valign=\"top\" width=\"50\"><a href=\"https:\/\/www.tobis-notenarchiv.de\/bach\/10-Klavierwerke\/14-Kleine_Praeludien_WFB\/BWV_0924a.pdf\"><img decoding=\"async\" src=\"https:\/\/www.tobis-notenarchiv.de\/bach\/pic\/pd.gif\" alt=\"PDF\" border=\"0\" \/><\/a><\/td>\n<td valign=\"top\" width=\"50\"><a href=\"https:\/\/www.tobis-notenarchiv.de\/bach\/10-Klavierwerke\/14-Kleine_Praeludien_WFB\/BWV_0924a.mid\"><img decoding=\"async\" src=\"https:\/\/www.tobis-notenarchiv.de\/bach\/pic\/mi.gif\" alt=\"Midi\" border=\"0\" \/><\/a><\/td>\n<\/tr>\n<tr>\n<td width=\"400\"><b>BWV 925<\/b><br \/>\nPr\u00e4ludium in D-Dur<\/td>\n<td valign=\"top\" width=\"50\"><a href=\"https:\/\/www.tobis-notenarchiv.de\/bach\/10-Klavierwerke\/14-Kleine_Praeludien_WFB\/BWV_0925.capx\"><img decoding=\"async\" src=\"https:\/\/www.tobis-notenarchiv.de\/bach\/pic\/ca.gif\" alt=\"Cap-XML\" border=\"0\" \/><\/a><\/td>\n<td valign=\"top\" width=\"50\"><a href=\"https:\/\/www.tobis-notenarchiv.de\/bach\/10-Klavierwerke\/14-Kleine_Praeludien_WFB\/BWV_0925.zip\"><img decoding=\"async\" src=\"https:\/\/www.tobis-notenarchiv.de\/bach\/pic\/xm.gif\" alt=\"XML\" border=\"0\" \/><\/a><\/td>\n<td valign=\"top\" width=\"50\"><a href=\"https:\/\/www.tobis-notenarchiv.de\/bach\/10-Klavierwerke\/14-Kleine_Praeludien_WFB\/BWV_0925.pdf\"><img decoding=\"async\" src=\"https:\/\/www.tobis-notenarchiv.de\/bach\/pic\/pd.gif\" alt=\"PDF\" border=\"0\" \/><\/a><\/td>\n<td valign=\"top\" width=\"50\"><a href=\"https:\/\/www.tobis-notenarchiv.de\/bach\/10-Klavierwerke\/14-Kleine_Praeludien_WFB\/BWV_0925.mid\"><img decoding=\"async\" src=\"https:\/\/www.tobis-notenarchiv.de\/bach\/pic\/mi.gif\" alt=\"Midi\" border=\"0\" \/><\/a><\/td>\n<\/tr>\n<tr>\n<td width=\"400\"><b>BWV 926<\/b><br \/>\nPr\u00e4ludium in d-Moll<\/td>\n<td valign=\"top\" width=\"50\"><a href=\"https:\/\/www.tobis-notenarchiv.de\/bach\/10-Klavierwerke\/14-Kleine_Praeludien_WFB\/BWV_0926.capx\"><img decoding=\"async\" src=\"https:\/\/www.tobis-notenarchiv.de\/bach\/pic\/ca.gif\" alt=\"Cap-XML\" border=\"0\" \/><\/a><\/td>\n<td valign=\"top\" width=\"50\"><a href=\"https:\/\/www.tobis-notenarchiv.de\/bach\/10-Klavierwerke\/14-Kleine_Praeludien_WFB\/BWV_0926.zip\"><img decoding=\"async\" src=\"https:\/\/www.tobis-notenarchiv.de\/bach\/pic\/xm.gif\" alt=\"XML\" border=\"0\" \/><\/a><\/td>\n<td valign=\"top\" width=\"50\"><a href=\"https:\/\/www.tobis-notenarchiv.de\/bach\/10-Klavierwerke\/14-Kleine_Praeludien_WFB\/BWV_0926.pdf\"><img decoding=\"async\" src=\"https:\/\/www.tobis-notenarchiv.de\/bach\/pic\/pd.gif\" alt=\"PDF\" border=\"0\" \/><\/a><\/td>\n<td valign=\"top\" width=\"50\"><a href=\"https:\/\/www.tobis-notenarchiv.de\/bach\/10-Klavierwerke\/14-Kleine_Praeludien_WFB\/BWV_0926.mid\"><img decoding=\"async\" src=\"https:\/\/www.tobis-notenarchiv.de\/bach\/pic\/mi.gif\" alt=\"Midi\" border=\"0\" \/><\/a><\/td>\n<\/tr>\n<tr>\n<td width=\"400\"><b>BWV 927<\/b><br \/>\nPr\u00e4ludium in F-Dur<\/td>\n<td valign=\"top\" width=\"50\"><a href=\"https:\/\/www.tobis-notenarchiv.de\/bach\/10-Klavierwerke\/14-Kleine_Praeludien_WFB\/BWV_0927.capx\"><img decoding=\"async\" src=\"https:\/\/www.tobis-notenarchiv.de\/bach\/pic\/ca.gif\" alt=\"Cap-XML\" border=\"0\" \/><\/a><\/td>\n<td valign=\"top\" width=\"50\"><a href=\"https:\/\/www.tobis-notenarchiv.de\/bach\/10-Klavierwerke\/14-Kleine_Praeludien_WFB\/BWV_0927.zip\"><img decoding=\"async\" src=\"https:\/\/www.tobis-notenarchiv.de\/bach\/pic\/xm.gif\" alt=\"XML\" border=\"0\" \/><\/a><\/td>\n<td valign=\"top\" width=\"50\"><a href=\"https:\/\/www.tobis-notenarchiv.de\/bach\/10-Klavierwerke\/14-Kleine_Praeludien_WFB\/BWV_0927.pdf\"><img decoding=\"async\" src=\"https:\/\/www.tobis-notenarchiv.de\/bach\/pic\/pd.gif\" alt=\"PDF\" border=\"0\" \/><\/a><\/td>\n<td valign=\"top\" width=\"50\"><a href=\"https:\/\/www.tobis-notenarchiv.de\/bach\/10-Klavierwerke\/14-Kleine_Praeludien_WFB\/BWV_0927.mid\"><img decoding=\"async\" src=\"https:\/\/www.tobis-notenarchiv.de\/bach\/pic\/mi.gif\" alt=\"Midi\" border=\"0\" \/><\/a><\/td>\n<\/tr>\n<tr>\n<td width=\"400\"><b>BWV 928<\/b><br \/>\nPr\u00e4ludium in F-Dur<\/td>\n<td valign=\"top\" width=\"50\"><a href=\"https:\/\/www.tobis-notenarchiv.de\/bach\/10-Klavierwerke\/14-Kleine_Praeludien_WFB\/BWV_0928.capx\"><img decoding=\"async\" src=\"https:\/\/www.tobis-notenarchiv.de\/bach\/pic\/ca.gif\" alt=\"Cap-XML\" border=\"0\" \/><\/a><\/td>\n<td valign=\"top\" width=\"50\"><a href=\"https:\/\/www.tobis-notenarchiv.de\/bach\/10-Klavierwerke\/14-Kleine_Praeludien_WFB\/BWV_0928.zip\"><img decoding=\"async\" src=\"https:\/\/www.tobis-notenarchiv.de\/bach\/pic\/xm.gif\" alt=\"XML\" border=\"0\" \/><\/a><\/td>\n<td valign=\"top\" width=\"50\"><a href=\"https:\/\/www.tobis-notenarchiv.de\/bach\/10-Klavierwerke\/14-Kleine_Praeludien_WFB\/BWV_0928.pdf\"><img decoding=\"async\" src=\"https:\/\/www.tobis-notenarchiv.de\/bach\/pic\/pd.gif\" alt=\"PDF\" border=\"0\" \/><\/a><\/td>\n<td valign=\"top\" width=\"50\"><a href=\"https:\/\/www.tobis-notenarchiv.de\/bach\/10-Klavierwerke\/14-Kleine_Praeludien_WFB\/BWV_0928.mid\"><img decoding=\"async\" src=\"https:\/\/www.tobis-notenarchiv.de\/bach\/pic\/mi.gif\" alt=\"Midi\" border=\"0\" \/><\/a><\/td>\n<\/tr>\n<tr>\n<td width=\"400\"><b>BWV 929<\/b><br \/>\nPr\u00e4ludium in g-Moll<\/td>\n<td valign=\"top\" width=\"50\"><a href=\"https:\/\/www.tobis-notenarchiv.de\/bach\/10-Klavierwerke\/14-Kleine_Praeludien_WFB\/BWV_0929.capx\"><img decoding=\"async\" src=\"https:\/\/www.tobis-notenarchiv.de\/bach\/pic\/ca.gif\" alt=\"Cap-XML\" border=\"0\" \/><\/a><\/td>\n<td valign=\"top\" width=\"50\"><a href=\"https:\/\/www.tobis-notenarchiv.de\/bach\/10-Klavierwerke\/14-Kleine_Praeludien_WFB\/BWV_0929.zip\"><img decoding=\"async\" src=\"https:\/\/www.tobis-notenarchiv.de\/bach\/pic\/xm.gif\" alt=\"XML\" border=\"0\" \/><\/a><\/td>\n<td valign=\"top\" width=\"50\"><a href=\"https:\/\/www.tobis-notenarchiv.de\/bach\/10-Klavierwerke\/14-Kleine_Praeludien_WFB\/BWV_0929.pdf\"><img decoding=\"async\" src=\"https:\/\/www.tobis-notenarchiv.de\/bach\/pic\/pd.gif\" alt=\"PDF\" border=\"0\" \/><\/a><\/td>\n<td valign=\"top\" width=\"50\"><a href=\"https:\/\/www.tobis-notenarchiv.de\/bach\/10-Klavierwerke\/14-Kleine_Praeludien_WFB\/BWV_0929.mid\"><img decoding=\"async\" src=\"https:\/\/www.tobis-notenarchiv.de\/bach\/pic\/mi.gif\" alt=\"Midi\" border=\"0\" \/><\/a><\/td>\n<\/tr>\n<tr>\n<td width=\"400\"><b>BWV 930<\/b><br \/>\nPr\u00e4ludium in g-Moll<\/td>\n<td valign=\"top\" width=\"50\"><a href=\"https:\/\/www.tobis-notenarchiv.de\/bach\/10-Klavierwerke\/14-Kleine_Praeludien_WFB\/BWV_0930.capx\"><img decoding=\"async\" src=\"https:\/\/www.tobis-notenarchiv.de\/bach\/pic\/ca.gif\" alt=\"Cap-XML\" border=\"0\" \/><\/a><\/td>\n<td valign=\"top\" width=\"50\"><a href=\"https:\/\/www.tobis-notenarchiv.de\/bach\/10-Klavierwerke\/14-Kleine_Praeludien_WFB\/BWV_0930.zip\"><img decoding=\"async\" src=\"https:\/\/www.tobis-notenarchiv.de\/bach\/pic\/xm.gif\" alt=\"XML\" border=\"0\" \/><\/a><\/td>\n<td valign=\"top\" width=\"50\"><a href=\"https:\/\/www.tobis-notenarchiv.de\/bach\/10-Klavierwerke\/14-Kleine_Praeludien_WFB\/BWV_0930.pdf\"><img decoding=\"async\" src=\"https:\/\/www.tobis-notenarchiv.de\/bach\/pic\/pd.gif\" alt=\"PDF\" border=\"0\" \/><\/a><\/td>\n<td valign=\"top\" width=\"50\"><a href=\"https:\/\/www.tobis-notenarchiv.de\/bach\/10-Klavierwerke\/14-Kleine_Praeludien_WFB\/BWV_0930.mid\"><img decoding=\"async\" src=\"https:\/\/www.tobis-notenarchiv.de\/bach\/pic\/mi.gif\" alt=\"Midi\" border=\"0\" \/><\/a><\/td>\n<\/tr>\n<tr>\n<td width=\"400\"><b>BWV 931<\/b><br \/>\nPr\u00e4ludium in a-Moll<\/td>\n<td valign=\"top\" width=\"50\"><a href=\"https:\/\/www.tobis-notenarchiv.de\/bach\/10-Klavierwerke\/14-Kleine_Praeludien_WFB\/BWV_0931.capx\"><img decoding=\"async\" src=\"https:\/\/www.tobis-notenarchiv.de\/bach\/pic\/ca.gif\" alt=\"Cap-XML\" border=\"0\" \/><\/a><\/td>\n<td valign=\"top\" width=\"50\"><a href=\"https:\/\/www.tobis-notenarchiv.de\/bach\/10-Klavierwerke\/14-Kleine_Praeludien_WFB\/BWV_0931.zip\"><img decoding=\"async\" src=\"https:\/\/www.tobis-notenarchiv.de\/bach\/pic\/xm.gif\" alt=\"XML\" border=\"0\" \/><\/a><\/td>\n<td valign=\"top\" width=\"50\"><a href=\"https:\/\/www.tobis-notenarchiv.de\/bach\/10-Klavierwerke\/14-Kleine_Praeludien_WFB\/BWV_0931.pdf\"><img decoding=\"async\" src=\"https:\/\/www.tobis-notenarchiv.de\/bach\/pic\/pd.gif\" alt=\"PDF\" border=\"0\" \/><\/a><\/td>\n<td valign=\"top\" width=\"50\"><a href=\"https:\/\/www.tobis-notenarchiv.de\/bach\/10-Klavierwerke\/14-Kleine_Praeludien_WFB\/BWV_0931.mid\"><img decoding=\"async\" src=\"https:\/\/www.tobis-notenarchiv.de\/bach\/pic\/mi.gif\" alt=\"Midi\" border=\"0\" \/><\/a><\/td>\n<\/tr>\n<tr>\n<td width=\"400\"><b>BWV 932<\/b><br \/>\nPr\u00e4ludium in e-Moll<\/td>\n<td valign=\"top\" width=\"50\"><a href=\"https:\/\/www.tobis-notenarchiv.de\/bach\/10-Klavierwerke\/14-Kleine_Praeludien_WFB\/BWV_0932.capx\"><img decoding=\"async\" src=\"https:\/\/www.tobis-notenarchiv.de\/bach\/pic\/ca.gif\" alt=\"Cap-XML\" border=\"0\" \/><\/a><\/td>\n<td valign=\"top\" width=\"50\"><a href=\"https:\/\/www.tobis-notenarchiv.de\/bach\/10-Klavierwerke\/14-Kleine_Praeludien_WFB\/BWV_0932.zip\"><img decoding=\"async\" src=\"https:\/\/www.tobis-notenarchiv.de\/bach\/pic\/xm.gif\" alt=\"XML\" border=\"0\" \/><\/a><\/td>\n<td valign=\"top\" width=\"50\"><a href=\"https:\/\/www.tobis-notenarchiv.de\/bach\/10-Klavierwerke\/14-Kleine_Praeludien_WFB\/BWV_0932.pdf\"><img decoding=\"async\" src=\"https:\/\/www.tobis-notenarchiv.de\/bach\/pic\/pd.gif\" alt=\"PDF\" border=\"0\" \/><\/a><\/td>\n<td valign=\"top\" width=\"50\"><a href=\"https:\/\/www.tobis-notenarchiv.de\/bach\/10-Klavierwerke\/14-Kleine_Praeludien_WFB\/BWV_0932.mid\"><img decoding=\"async\" src=\"https:\/\/www.tobis-notenarchiv.de\/bach\/pic\/mi.gif\" alt=\"Midi\" border=\"0\" \/><\/a><\/td>\n<\/tr>\n<\/tbody>\n<\/table>\n<p>&nbsp;<\/p>\n","protected":false},"excerpt":{"rendered":"<p>&nbsp; BWV 924 Pr\u00e4ludium in C-Dur BWV 924a Pr\u00e4ludium in C-Dur BWV 925 Pr\u00e4ludium in D-Dur BWV 926 Pr\u00e4ludium in d-Moll BWV 927 Pr\u00e4ludium in F-Dur BWV 928 Pr\u00e4ludium in F-Dur BWV 929 Pr\u00e4ludium in g-Moll BWV 930 Pr\u00e4ludium in g-Moll BWV 931 Pr\u00e4ludium in a-Moll BWV 932 Pr\u00e4ludium in e-Moll &nbsp;<\/p>\n","protected":false},"author":1,"featured_media":0,"parent":1208,"menu_order":13,"comment_status":"closed","ping_status":"closed","template":"","meta":{"footnotes":""},"class_list":["post-1243","page","type-page","status-publish","hentry"],"yoast_head":"<!-- This site is optimized with the Yoast SEO plugin v27.3 - https:\/\/yoast.com\/product\/yoast-seo-wordpress\/ -->\n<title>Neun kleine Pr\u00e4ludien aus dem Klavierb\u00fcchlein f\u00fcr Wilhelm Friedemann Bach - Tobis Notenarchiv<\/title>\n<meta name=\"robots\" content=\"index, follow, max-snippet:-1, max-image-preview:large, max-video-preview:-1\" \/>\n<link rel=\"canonical\" href=\"https:\/\/tobis-notenarchiv.de\/wp\/bach-archiv\/instrumentalwerke\/werke-fuer-klavier\/neun-kleine-praeludien-aus-dem-klavierbuechlein-fuer-wilhelm-friedemann-bach\/\" \/>\n<meta property=\"og:locale\" content=\"de_DE\" \/>\n<meta property=\"og:type\" content=\"article\" \/>\n<meta property=\"og:title\" content=\"Neun kleine Pr\u00e4ludien aus dem Klavierb\u00fcchlein f\u00fcr Wilhelm Friedemann Bach - Tobis Notenarchiv\" \/>\n<meta property=\"og:description\" content=\"&nbsp; BWV 924 Pr\u00e4ludium in C-Dur BWV 924a Pr\u00e4ludium in C-Dur BWV 925 Pr\u00e4ludium in D-Dur BWV 926 Pr\u00e4ludium in d-Moll BWV 927 Pr\u00e4ludium in F-Dur BWV 928 Pr\u00e4ludium in F-Dur BWV 929 Pr\u00e4ludium in g-Moll BWV 930 Pr\u00e4ludium in g-Moll BWV 931 Pr\u00e4ludium in a-Moll BWV 932 Pr\u00e4ludium in e-Moll &nbsp;\" \/>\n<meta property=\"og:url\" content=\"https:\/\/tobis-notenarchiv.de\/wp\/bach-archiv\/instrumentalwerke\/werke-fuer-klavier\/neun-kleine-praeludien-aus-dem-klavierbuechlein-fuer-wilhelm-friedemann-bach\/\" \/>\n<meta property=\"og:site_name\" content=\"Tobis Notenarchiv\" \/>\n<meta property=\"article:modified_time\" content=\"2021-08-30T18:53:10+00:00\" \/>\n<meta property=\"og:image\" content=\"https:\/\/www.tobis-notenarchiv.de\/bach\/pic\/ca.gif\" \/>\n<meta name=\"twitter:card\" content=\"summary_large_image\" \/>\n<script type=\"application\/ld+json\" class=\"yoast-schema-graph\">{\"@context\":\"https:\\\/\\\/schema.org\",\"@graph\":[{\"@type\":\"WebPage\",\"@id\":\"https:\\\/\\\/tobis-notenarchiv.de\\\/wp\\\/bach-archiv\\\/instrumentalwerke\\\/werke-fuer-klavier\\\/neun-kleine-praeludien-aus-dem-klavierbuechlein-fuer-wilhelm-friedemann-bach\\\/\",\"url\":\"https:\\\/\\\/tobis-notenarchiv.de\\\/wp\\\/bach-archiv\\\/instrumentalwerke\\\/werke-fuer-klavier\\\/neun-kleine-praeludien-aus-dem-klavierbuechlein-fuer-wilhelm-friedemann-bach\\\/\",\"name\":\"Neun kleine Pr\u00e4ludien aus dem Klavierb\u00fcchlein f\u00fcr Wilhelm Friedemann Bach - Tobis Notenarchiv\",\"isPartOf\":{\"@id\":\"https:\\\/\\\/tobis-notenarchiv.de\\\/wp\\\/#website\"},\"primaryImageOfPage\":{\"@id\":\"https:\\\/\\\/tobis-notenarchiv.de\\\/wp\\\/bach-archiv\\\/instrumentalwerke\\\/werke-fuer-klavier\\\/neun-kleine-praeludien-aus-dem-klavierbuechlein-fuer-wilhelm-friedemann-bach\\\/#primaryimage\"},\"image\":{\"@id\":\"https:\\\/\\\/tobis-notenarchiv.de\\\/wp\\\/bach-archiv\\\/instrumentalwerke\\\/werke-fuer-klavier\\\/neun-kleine-praeludien-aus-dem-klavierbuechlein-fuer-wilhelm-friedemann-bach\\\/#primaryimage\"},\"thumbnailUrl\":\"https:\\\/\\\/www.tobis-notenarchiv.de\\\/bach\\\/pic\\\/ca.gif\",\"datePublished\":\"2021-08-19T15:50:43+00:00\",\"dateModified\":\"2021-08-30T18:53:10+00:00\",\"breadcrumb\":{\"@id\":\"https:\\\/\\\/tobis-notenarchiv.de\\\/wp\\\/bach-archiv\\\/instrumentalwerke\\\/werke-fuer-klavier\\\/neun-kleine-praeludien-aus-dem-klavierbuechlein-fuer-wilhelm-friedemann-bach\\\/#breadcrumb\"},\"inLanguage\":\"de\",\"potentialAction\":[{\"@type\":\"ReadAction\",\"target\":[\"https:\\\/\\\/tobis-notenarchiv.de\\\/wp\\\/bach-archiv\\\/instrumentalwerke\\\/werke-fuer-klavier\\\/neun-kleine-praeludien-aus-dem-klavierbuechlein-fuer-wilhelm-friedemann-bach\\\/\"]}]},{\"@type\":\"ImageObject\",\"inLanguage\":\"de\",\"@id\":\"https:\\\/\\\/tobis-notenarchiv.de\\\/wp\\\/bach-archiv\\\/instrumentalwerke\\\/werke-fuer-klavier\\\/neun-kleine-praeludien-aus-dem-klavierbuechlein-fuer-wilhelm-friedemann-bach\\\/#primaryimage\",\"url\":\"https:\\\/\\\/www.tobis-notenarchiv.de\\\/bach\\\/pic\\\/ca.gif\",\"contentUrl\":\"https:\\\/\\\/www.tobis-notenarchiv.de\\\/bach\\\/pic\\\/ca.gif\"},{\"@type\":\"BreadcrumbList\",\"@id\":\"https:\\\/\\\/tobis-notenarchiv.de\\\/wp\\\/bach-archiv\\\/instrumentalwerke\\\/werke-fuer-klavier\\\/neun-kleine-praeludien-aus-dem-klavierbuechlein-fuer-wilhelm-friedemann-bach\\\/#breadcrumb\",\"itemListElement\":[{\"@type\":\"ListItem\",\"position\":1,\"name\":\"Startseite\",\"item\":\"https:\\\/\\\/tobis-notenarchiv.de\\\/wp\\\/\"},{\"@type\":\"ListItem\",\"position\":2,\"name\":\"Bach-Archiv\",\"item\":\"https:\\\/\\\/tobis-notenarchiv.de\\\/wp\\\/bach-archiv\\\/\"},{\"@type\":\"ListItem\",\"position\":3,\"name\":\"Instrumentalwerke\",\"item\":\"https:\\\/\\\/tobis-notenarchiv.de\\\/wp\\\/bach-archiv\\\/instrumentalwerke\\\/\"},{\"@type\":\"ListItem\",\"position\":4,\"name\":\"Klavierwerke\",\"item\":\"https:\\\/\\\/tobis-notenarchiv.de\\\/wp\\\/bach-archiv\\\/instrumentalwerke\\\/werke-fuer-klavier\\\/\"},{\"@type\":\"ListItem\",\"position\":5,\"name\":\"Neun kleine Pr\u00e4ludien aus dem Klavierb\u00fcchlein f\u00fcr Wilhelm Friedemann Bach\"}]},{\"@type\":\"WebSite\",\"@id\":\"https:\\\/\\\/tobis-notenarchiv.de\\\/wp\\\/#website\",\"url\":\"https:\\\/\\\/tobis-notenarchiv.de\\\/wp\\\/\",\"name\":\"Tobis Notenarchiv\",\"description\":\"\",\"potentialAction\":[{\"@type\":\"SearchAction\",\"target\":{\"@type\":\"EntryPoint\",\"urlTemplate\":\"https:\\\/\\\/tobis-notenarchiv.de\\\/wp\\\/?s={search_term_string}\"},\"query-input\":{\"@type\":\"PropertyValueSpecification\",\"valueRequired\":true,\"valueName\":\"search_term_string\"}}],\"inLanguage\":\"de\"}]}<\/script>\n<!-- \/ Yoast SEO plugin. -->","yoast_head_json":{"title":"Neun kleine Pr\u00e4ludien aus dem Klavierb\u00fcchlein f\u00fcr Wilhelm Friedemann Bach - Tobis Notenarchiv","robots":{"index":"index","follow":"follow","max-snippet":"max-snippet:-1","max-image-preview":"max-image-preview:large","max-video-preview":"max-video-preview:-1"},"canonical":"https:\/\/tobis-notenarchiv.de\/wp\/bach-archiv\/instrumentalwerke\/werke-fuer-klavier\/neun-kleine-praeludien-aus-dem-klavierbuechlein-fuer-wilhelm-friedemann-bach\/","og_locale":"de_DE","og_type":"article","og_title":"Neun kleine Pr\u00e4ludien aus dem Klavierb\u00fcchlein f\u00fcr Wilhelm Friedemann Bach - Tobis Notenarchiv","og_description":"&nbsp; BWV 924 Pr\u00e4ludium in C-Dur BWV 924a Pr\u00e4ludium in C-Dur BWV 925 Pr\u00e4ludium in D-Dur BWV 926 Pr\u00e4ludium in d-Moll BWV 927 Pr\u00e4ludium in F-Dur BWV 928 Pr\u00e4ludium in F-Dur BWV 929 Pr\u00e4ludium in g-Moll BWV 930 Pr\u00e4ludium in g-Moll BWV 931 Pr\u00e4ludium in a-Moll BWV 932 Pr\u00e4ludium in e-Moll &nbsp;","og_url":"https:\/\/tobis-notenarchiv.de\/wp\/bach-archiv\/instrumentalwerke\/werke-fuer-klavier\/neun-kleine-praeludien-aus-dem-klavierbuechlein-fuer-wilhelm-friedemann-bach\/","og_site_name":"Tobis Notenarchiv","article_modified_time":"2021-08-30T18:53:10+00:00","og_image":[{"url":"https:\/\/www.tobis-notenarchiv.de\/bach\/pic\/ca.gif","type":"","width":"","height":""}],"twitter_card":"summary_large_image","schema":{"@context":"https:\/\/schema.org","@graph":[{"@type":"WebPage","@id":"https:\/\/tobis-notenarchiv.de\/wp\/bach-archiv\/instrumentalwerke\/werke-fuer-klavier\/neun-kleine-praeludien-aus-dem-klavierbuechlein-fuer-wilhelm-friedemann-bach\/","url":"https:\/\/tobis-notenarchiv.de\/wp\/bach-archiv\/instrumentalwerke\/werke-fuer-klavier\/neun-kleine-praeludien-aus-dem-klavierbuechlein-fuer-wilhelm-friedemann-bach\/","name":"Neun kleine Pr\u00e4ludien aus dem Klavierb\u00fcchlein f\u00fcr Wilhelm Friedemann Bach - Tobis Notenarchiv","isPartOf":{"@id":"https:\/\/tobis-notenarchiv.de\/wp\/#website"},"primaryImageOfPage":{"@id":"https:\/\/tobis-notenarchiv.de\/wp\/bach-archiv\/instrumentalwerke\/werke-fuer-klavier\/neun-kleine-praeludien-aus-dem-klavierbuechlein-fuer-wilhelm-friedemann-bach\/#primaryimage"},"image":{"@id":"https:\/\/tobis-notenarchiv.de\/wp\/bach-archiv\/instrumentalwerke\/werke-fuer-klavier\/neun-kleine-praeludien-aus-dem-klavierbuechlein-fuer-wilhelm-friedemann-bach\/#primaryimage"},"thumbnailUrl":"https:\/\/www.tobis-notenarchiv.de\/bach\/pic\/ca.gif","datePublished":"2021-08-19T15:50:43+00:00","dateModified":"2021-08-30T18:53:10+00:00","breadcrumb":{"@id":"https:\/\/tobis-notenarchiv.de\/wp\/bach-archiv\/instrumentalwerke\/werke-fuer-klavier\/neun-kleine-praeludien-aus-dem-klavierbuechlein-fuer-wilhelm-friedemann-bach\/#breadcrumb"},"inLanguage":"de","potentialAction":[{"@type":"ReadAction","target":["https:\/\/tobis-notenarchiv.de\/wp\/bach-archiv\/instrumentalwerke\/werke-fuer-klavier\/neun-kleine-praeludien-aus-dem-klavierbuechlein-fuer-wilhelm-friedemann-bach\/"]}]},{"@type":"ImageObject","inLanguage":"de","@id":"https:\/\/tobis-notenarchiv.de\/wp\/bach-archiv\/instrumentalwerke\/werke-fuer-klavier\/neun-kleine-praeludien-aus-dem-klavierbuechlein-fuer-wilhelm-friedemann-bach\/#primaryimage","url":"https:\/\/www.tobis-notenarchiv.de\/bach\/pic\/ca.gif","contentUrl":"https:\/\/www.tobis-notenarchiv.de\/bach\/pic\/ca.gif"},{"@type":"BreadcrumbList","@id":"https:\/\/tobis-notenarchiv.de\/wp\/bach-archiv\/instrumentalwerke\/werke-fuer-klavier\/neun-kleine-praeludien-aus-dem-klavierbuechlein-fuer-wilhelm-friedemann-bach\/#breadcrumb","itemListElement":[{"@type":"ListItem","position":1,"name":"Startseite","item":"https:\/\/tobis-notenarchiv.de\/wp\/"},{"@type":"ListItem","position":2,"name":"Bach-Archiv","item":"https:\/\/tobis-notenarchiv.de\/wp\/bach-archiv\/"},{"@type":"ListItem","position":3,"name":"Instrumentalwerke","item":"https:\/\/tobis-notenarchiv.de\/wp\/bach-archiv\/instrumentalwerke\/"},{"@type":"ListItem","position":4,"name":"Klavierwerke","item":"https:\/\/tobis-notenarchiv.de\/wp\/bach-archiv\/instrumentalwerke\/werke-fuer-klavier\/"},{"@type":"ListItem","position":5,"name":"Neun kleine Pr\u00e4ludien aus dem Klavierb\u00fcchlein f\u00fcr Wilhelm Friedemann Bach"}]},{"@type":"WebSite","@id":"https:\/\/tobis-notenarchiv.de\/wp\/#website","url":"https:\/\/tobis-notenarchiv.de\/wp\/","name":"Tobis Notenarchiv","description":"","potentialAction":[{"@type":"SearchAction","target":{"@type":"EntryPoint","urlTemplate":"https:\/\/tobis-notenarchiv.de\/wp\/?s={search_term_string}"},"query-input":{"@type":"PropertyValueSpecification","valueRequired":true,"valueName":"search_term_string"}}],"inLanguage":"de"}]}},"_links":{"self":[{"href":"https:\/\/tobis-notenarchiv.de\/wp\/wp-json\/wp\/v2\/pages\/1243","targetHints":{"allow":["GET"]}}],"collection":[{"href":"https:\/\/tobis-notenarchiv.de\/wp\/wp-json\/wp\/v2\/pages"}],"about":[{"href":"https:\/\/tobis-notenarchiv.de\/wp\/wp-json\/wp\/v2\/types\/page"}],"author":[{"embeddable":true,"href":"https:\/\/tobis-notenarchiv.de\/wp\/wp-json\/wp\/v2\/users\/1"}],"replies":[{"embeddable":true,"href":"https:\/\/tobis-notenarchiv.de\/wp\/wp-json\/wp\/v2\/comments?post=1243"}],"version-history":[{"count":2,"href":"https:\/\/tobis-notenarchiv.de\/wp\/wp-json\/wp\/v2\/pages\/1243\/revisions"}],"predecessor-version":[{"id":1603,"href":"https:\/\/tobis-notenarchiv.de\/wp\/wp-json\/wp\/v2\/pages\/1243\/revisions\/1603"}],"up":[{"embeddable":true,"href":"https:\/\/tobis-notenarchiv.de\/wp\/wp-json\/wp\/v2\/pages\/1208"}],"wp:attachment":[{"href":"https:\/\/tobis-notenarchiv.de\/wp\/wp-json\/wp\/v2\/media?parent=1243"}],"curies":[{"name":"wp","href":"https:\/\/api.w.org\/{rel}","templated":true}]}}