{"id":1208,"date":"2021-08-19T13:28:36","date_gmt":"2021-08-19T11:28:36","guid":{"rendered":"https:\/\/tobis-notenarchiv.de\/wp\/?page_id=1208"},"modified":"2023-01-07T21:16:00","modified_gmt":"2023-01-07T20:16:00","slug":"werke-fuer-klavier","status":"publish","type":"page","link":"https:\/\/tobis-notenarchiv.de\/wp\/bach-archiv\/instrumentalwerke\/werke-fuer-klavier\/","title":{"rendered":"Klavierwerke"},"content":{"rendered":"<p>&nbsp;<\/p>\n<ul>\n<li><a href=\"https:\/\/tobis-notenarchiv.de\/wp\/bach-archiv\/instrumentalwerke\/werke-fuer-klavier\/inventionen\/\">BWV 772-786 Inventionen<\/a><\/li>\n<li><a href=\"https:\/\/tobis-notenarchiv.de\/wp\/bach-archiv\/instrumentalwerke\/werke-fuer-klavier\/sinfonien\/\">BWV 787-801 Sinfonien<\/a><\/li>\n<li><a href=\"https:\/\/tobis-notenarchiv.de\/wp\/bach-archiv\/instrumentalwerke\/werke-fuer-klavier\/duette\/\">BWV 802-805 Duette<\/a><\/li>\n<li><a href=\"https:\/\/tobis-notenarchiv.de\/wp\/bach-archiv\/instrumentalwerke\/werke-fuer-klavier\/englische-suiten\/\">BWV 806-811 Englische Suiten<\/a><\/li>\n<li><a href=\"https:\/\/tobis-notenarchiv.de\/wp\/bach-archiv\/instrumentalwerke\/werke-fuer-klavier\/franzoesische-suiten\/\">BWV 812-817 Franz\u00f6sische Suiten<\/a><\/li>\n<li><a href=\"https:\/\/tobis-notenarchiv.de\/wp\/bach-archiv\/instrumentalwerke\/werke-fuer-klavier\/diverse-suiten\/\">BWV 818-824 Diverse Suiten<\/a><\/li>\n<li><a href=\"https:\/\/tobis-notenarchiv.de\/wp\/bach-archiv\/instrumentalwerke\/werke-fuer-klavier\/partiten\/\">BWV 825-831 Partiten<\/a><\/li>\n<li><a href=\"https:\/\/tobis-notenarchiv.de\/wp\/bach-archiv\/instrumentalwerke\/werke-fuer-klavier\/einzelwerke\/\">BWV 832-845 Einzelwerke<\/a><\/li>\n<li><a href=\"https:\/\/tobis-notenarchiv.de\/wp\/bach-archiv\/instrumentalwerke\/werke-fuer-klavier\/das-wohltemperierte-klavier-teil-1\/\">BWV 846-869 Wohltemperiertes Klavier Teil 1<\/a><\/li>\n<li><a href=\"https:\/\/tobis-notenarchiv.de\/wp\/bach-archiv\/instrumentalwerke\/werke-fuer-klavier\/das-wohltemperierte-klavier-teil-2\/\">BWV 870-893 Wohltemperiertes Klavier Teil 2<\/a><\/li>\n<li><a href=\"https:\/\/tobis-notenarchiv.de\/wp\/bach-archiv\/instrumentalwerke\/werke-fuer-klavier\/praeludien-und-fugen\/\">BWV 894-902 Pr\u00e4ludien und Fugen<\/a><\/li>\n<li><a href=\"https:\/\/tobis-notenarchiv.de\/wp\/bach-archiv\/instrumentalwerke\/werke-fuer-klavier\/fantasien-und-fugen\/\">BWV 903-909 Fantasien und Fugen<\/a><\/li>\n<li><a href=\"https:\/\/tobis-notenarchiv.de\/wp\/bach-archiv\/instrumentalwerke\/werke-fuer-klavier\/toccaten-fantasien-und-praeludien\/\">BWV 910-923 Toccaten, Fantasien und Pr\u00e4ludien<\/a><\/li>\n<li><a href=\"https:\/\/tobis-notenarchiv.de\/wp\/bach-archiv\/instrumentalwerke\/werke-fuer-klavier\/neun-kleine-praeludien-aus-dem-klavierbuechlein-fuer-wilhelm-friedemann-bach\/\">BWV 924-932 Kleine Pr\u00e4ludien aus Klavierb\u00fcchlein W.F. Bach<\/a><\/li>\n<li><a href=\"https:\/\/tobis-notenarchiv.de\/wp\/bach-archiv\/instrumentalwerke\/werke-fuer-klavier\/sechs-kleine-praeludien\/\">BWV 933-938 Sechs kleine Pr\u00e4ludien<\/a><\/li>\n<li><a href=\"https:\/\/tobis-notenarchiv.de\/wp\/bach-archiv\/instrumentalwerke\/werke-fuer-klavier\/fuenf-kleine-praeludien\/\">BWV 939-943 F\u00fcnf kleine Pr\u00e4ludien<\/a><\/li>\n<li><a href=\"https:\/\/tobis-notenarchiv.de\/wp\/bach-archiv\/instrumentalwerke\/werke-fuer-klavier\/fugen\/\">BWV 944-962 Fugen<\/a><\/li>\n<li><a href=\"https:\/\/tobis-notenarchiv.de\/wp\/bach-archiv\/instrumentalwerke\/werke-fuer-klavier\/sonaten\/\">BWV 963-967 Sonaten<\/a><\/li>\n<li><a href=\"https:\/\/tobis-notenarchiv.de\/wp\/bach-archiv\/instrumentalwerke\/werke-fuer-klavier\/sonstige-einzelwerke\/\">BWV 968-970 Sonstige Einzelwerke<\/a><\/li>\n<li><a href=\"https:\/\/tobis-notenarchiv.de\/wp\/bach-archiv\/instrumentalwerke\/werke-fuer-klavier\/konzerte-nach-verschiedenen-meistern\/\">BWV 971-987 Konzerte nach verschiedenen Meistern<\/a><\/li>\n<li><a href=\"https:\/\/tobis-notenarchiv.de\/wp\/bach-archiv\/instrumentalwerke\/werke-fuer-klavier\/arien-und-variationen\/\">BWV 988-994 Arien und Variationen<\/a><\/li>\n<\/ul>\n","protected":false},"excerpt":{"rendered":"<p>&nbsp; BWV 772-786 Inventionen BWV 787-801 Sinfonien BWV 802-805 Duette BWV 806-811 Englische Suiten BWV 812-817 Franz\u00f6sische Suiten BWV 818-824 Diverse Suiten BWV 825-831 Partiten BWV 832-845 Einzelwerke BWV 846-869 Wohltemperiertes Klavier Teil 1 BWV 870-893 Wohltemperiertes Klavier Teil 2 BWV 894-902 Pr\u00e4ludien und Fugen BWV 903-909 Fantasien und Fugen BWV 910-923 Toccaten, Fantasien und Pr\u00e4ludien BWV 924-932 Kleine Pr\u00e4ludien aus Klavierb\u00fcchlein W.F. Bach BWV 933-938 Sechs kleine Pr\u00e4ludien BWV 939-943 F\u00fcnf kleine Pr\u00e4ludien BWV 944-962 Fugen BWV 963-967 Sonaten&#8230;<\/p>\n<p class=\"read-more\"><a class=\"btn btn-default\" href=\"https:\/\/tobis-notenarchiv.de\/wp\/bach-archiv\/instrumentalwerke\/werke-fuer-klavier\/\">Weiterlesen<span class=\"screen-reader-text\"> Weiterlesen<\/span><\/a><\/p>\n","protected":false},"author":1,"featured_media":0,"parent":4560,"menu_order":9,"comment_status":"closed","ping_status":"closed","template":"","meta":{"footnotes":""},"class_list":["post-1208","page","type-page","status-publish","hentry"],"yoast_head":"<!-- This site is optimized with the Yoast SEO plugin v27.3 - https:\/\/yoast.com\/product\/yoast-seo-wordpress\/ -->\n<title>Klavierwerke - Tobis Notenarchiv<\/title>\n<meta name=\"robots\" content=\"index, follow, max-snippet:-1, max-image-preview:large, max-video-preview:-1\" \/>\n<link rel=\"canonical\" href=\"https:\/\/tobis-notenarchiv.de\/wp\/bach-archiv\/instrumentalwerke\/werke-fuer-klavier\/\" \/>\n<meta property=\"og:locale\" content=\"de_DE\" \/>\n<meta property=\"og:type\" content=\"article\" \/>\n<meta property=\"og:title\" content=\"Klavierwerke - Tobis Notenarchiv\" \/>\n<meta property=\"og:description\" content=\"&nbsp; BWV 772-786 Inventionen BWV 787-801 Sinfonien BWV 802-805 Duette BWV 806-811 Englische Suiten BWV 812-817 Franz\u00f6sische Suiten BWV 818-824 Diverse Suiten BWV 825-831 Partiten BWV 832-845 Einzelwerke BWV 846-869 Wohltemperiertes Klavier Teil 1 BWV 870-893 Wohltemperiertes Klavier Teil 2 BWV 894-902 Pr\u00e4ludien und Fugen BWV 903-909 Fantasien und Fugen BWV 910-923 Toccaten, Fantasien und Pr\u00e4ludien BWV 924-932 Kleine Pr\u00e4ludien aus Klavierb\u00fcchlein W.F. Bach BWV 933-938 Sechs kleine Pr\u00e4ludien BWV 939-943 F\u00fcnf kleine Pr\u00e4ludien BWV 944-962 Fugen BWV 963-967 Sonaten...Weiterlesen Weiterlesen\" \/>\n<meta property=\"og:url\" content=\"https:\/\/tobis-notenarchiv.de\/wp\/bach-archiv\/instrumentalwerke\/werke-fuer-klavier\/\" \/>\n<meta property=\"og:site_name\" content=\"Tobis Notenarchiv\" \/>\n<meta property=\"article:modified_time\" content=\"2023-01-07T20:16:00+00:00\" \/>\n<meta name=\"twitter:card\" content=\"summary_large_image\" \/>\n<meta name=\"twitter:label1\" content=\"Gesch\u00e4tzte Lesezeit\" \/>\n\t<meta name=\"twitter:data1\" content=\"1\u00a0Minute\" \/>\n<script type=\"application\/ld+json\" class=\"yoast-schema-graph\">{\"@context\":\"https:\\\/\\\/schema.org\",\"@graph\":[{\"@type\":\"WebPage\",\"@id\":\"https:\\\/\\\/tobis-notenarchiv.de\\\/wp\\\/bach-archiv\\\/instrumentalwerke\\\/werke-fuer-klavier\\\/\",\"url\":\"https:\\\/\\\/tobis-notenarchiv.de\\\/wp\\\/bach-archiv\\\/instrumentalwerke\\\/werke-fuer-klavier\\\/\",\"name\":\"Klavierwerke - Tobis Notenarchiv\",\"isPartOf\":{\"@id\":\"https:\\\/\\\/tobis-notenarchiv.de\\\/wp\\\/#website\"},\"datePublished\":\"2021-08-19T11:28:36+00:00\",\"dateModified\":\"2023-01-07T20:16:00+00:00\",\"breadcrumb\":{\"@id\":\"https:\\\/\\\/tobis-notenarchiv.de\\\/wp\\\/bach-archiv\\\/instrumentalwerke\\\/werke-fuer-klavier\\\/#breadcrumb\"},\"inLanguage\":\"de\",\"potentialAction\":[{\"@type\":\"ReadAction\",\"target\":[\"https:\\\/\\\/tobis-notenarchiv.de\\\/wp\\\/bach-archiv\\\/instrumentalwerke\\\/werke-fuer-klavier\\\/\"]}]},{\"@type\":\"BreadcrumbList\",\"@id\":\"https:\\\/\\\/tobis-notenarchiv.de\\\/wp\\\/bach-archiv\\\/instrumentalwerke\\\/werke-fuer-klavier\\\/#breadcrumb\",\"itemListElement\":[{\"@type\":\"ListItem\",\"position\":1,\"name\":\"Startseite\",\"item\":\"https:\\\/\\\/tobis-notenarchiv.de\\\/wp\\\/\"},{\"@type\":\"ListItem\",\"position\":2,\"name\":\"Bach-Archiv\",\"item\":\"https:\\\/\\\/tobis-notenarchiv.de\\\/wp\\\/bach-archiv\\\/\"},{\"@type\":\"ListItem\",\"position\":3,\"name\":\"Instrumentalwerke\",\"item\":\"https:\\\/\\\/tobis-notenarchiv.de\\\/wp\\\/bach-archiv\\\/instrumentalwerke\\\/\"},{\"@type\":\"ListItem\",\"position\":4,\"name\":\"Klavierwerke\"}]},{\"@type\":\"WebSite\",\"@id\":\"https:\\\/\\\/tobis-notenarchiv.de\\\/wp\\\/#website\",\"url\":\"https:\\\/\\\/tobis-notenarchiv.de\\\/wp\\\/\",\"name\":\"Tobis Notenarchiv\",\"description\":\"\",\"potentialAction\":[{\"@type\":\"SearchAction\",\"target\":{\"@type\":\"EntryPoint\",\"urlTemplate\":\"https:\\\/\\\/tobis-notenarchiv.de\\\/wp\\\/?s={search_term_string}\"},\"query-input\":{\"@type\":\"PropertyValueSpecification\",\"valueRequired\":true,\"valueName\":\"search_term_string\"}}],\"inLanguage\":\"de\"}]}<\/script>\n<!-- \/ Yoast SEO plugin. -->","yoast_head_json":{"title":"Klavierwerke - Tobis Notenarchiv","robots":{"index":"index","follow":"follow","max-snippet":"max-snippet:-1","max-image-preview":"max-image-preview:large","max-video-preview":"max-video-preview:-1"},"canonical":"https:\/\/tobis-notenarchiv.de\/wp\/bach-archiv\/instrumentalwerke\/werke-fuer-klavier\/","og_locale":"de_DE","og_type":"article","og_title":"Klavierwerke - Tobis Notenarchiv","og_description":"&nbsp; BWV 772-786 Inventionen BWV 787-801 Sinfonien BWV 802-805 Duette BWV 806-811 Englische Suiten BWV 812-817 Franz\u00f6sische Suiten BWV 818-824 Diverse Suiten BWV 825-831 Partiten BWV 832-845 Einzelwerke BWV 846-869 Wohltemperiertes Klavier Teil 1 BWV 870-893 Wohltemperiertes Klavier Teil 2 BWV 894-902 Pr\u00e4ludien und Fugen BWV 903-909 Fantasien und Fugen BWV 910-923 Toccaten, Fantasien und Pr\u00e4ludien BWV 924-932 Kleine Pr\u00e4ludien aus Klavierb\u00fcchlein W.F. Bach BWV 933-938 Sechs kleine Pr\u00e4ludien BWV 939-943 F\u00fcnf kleine Pr\u00e4ludien BWV 944-962 Fugen BWV 963-967 Sonaten...Weiterlesen Weiterlesen","og_url":"https:\/\/tobis-notenarchiv.de\/wp\/bach-archiv\/instrumentalwerke\/werke-fuer-klavier\/","og_site_name":"Tobis Notenarchiv","article_modified_time":"2023-01-07T20:16:00+00:00","twitter_card":"summary_large_image","twitter_misc":{"Gesch\u00e4tzte Lesezeit":"1\u00a0Minute"},"schema":{"@context":"https:\/\/schema.org","@graph":[{"@type":"WebPage","@id":"https:\/\/tobis-notenarchiv.de\/wp\/bach-archiv\/instrumentalwerke\/werke-fuer-klavier\/","url":"https:\/\/tobis-notenarchiv.de\/wp\/bach-archiv\/instrumentalwerke\/werke-fuer-klavier\/","name":"Klavierwerke - Tobis Notenarchiv","isPartOf":{"@id":"https:\/\/tobis-notenarchiv.de\/wp\/#website"},"datePublished":"2021-08-19T11:28:36+00:00","dateModified":"2023-01-07T20:16:00+00:00","breadcrumb":{"@id":"https:\/\/tobis-notenarchiv.de\/wp\/bach-archiv\/instrumentalwerke\/werke-fuer-klavier\/#breadcrumb"},"inLanguage":"de","potentialAction":[{"@type":"ReadAction","target":["https:\/\/tobis-notenarchiv.de\/wp\/bach-archiv\/instrumentalwerke\/werke-fuer-klavier\/"]}]},{"@type":"BreadcrumbList","@id":"https:\/\/tobis-notenarchiv.de\/wp\/bach-archiv\/instrumentalwerke\/werke-fuer-klavier\/#breadcrumb","itemListElement":[{"@type":"ListItem","position":1,"name":"Startseite","item":"https:\/\/tobis-notenarchiv.de\/wp\/"},{"@type":"ListItem","position":2,"name":"Bach-Archiv","item":"https:\/\/tobis-notenarchiv.de\/wp\/bach-archiv\/"},{"@type":"ListItem","position":3,"name":"Instrumentalwerke","item":"https:\/\/tobis-notenarchiv.de\/wp\/bach-archiv\/instrumentalwerke\/"},{"@type":"ListItem","position":4,"name":"Klavierwerke"}]},{"@type":"WebSite","@id":"https:\/\/tobis-notenarchiv.de\/wp\/#website","url":"https:\/\/tobis-notenarchiv.de\/wp\/","name":"Tobis Notenarchiv","description":"","potentialAction":[{"@type":"SearchAction","target":{"@type":"EntryPoint","urlTemplate":"https:\/\/tobis-notenarchiv.de\/wp\/?s={search_term_string}"},"query-input":{"@type":"PropertyValueSpecification","valueRequired":true,"valueName":"search_term_string"}}],"inLanguage":"de"}]}},"_links":{"self":[{"href":"https:\/\/tobis-notenarchiv.de\/wp\/wp-json\/wp\/v2\/pages\/1208","targetHints":{"allow":["GET"]}}],"collection":[{"href":"https:\/\/tobis-notenarchiv.de\/wp\/wp-json\/wp\/v2\/pages"}],"about":[{"href":"https:\/\/tobis-notenarchiv.de\/wp\/wp-json\/wp\/v2\/types\/page"}],"author":[{"embeddable":true,"href":"https:\/\/tobis-notenarchiv.de\/wp\/wp-json\/wp\/v2\/users\/1"}],"replies":[{"embeddable":true,"href":"https:\/\/tobis-notenarchiv.de\/wp\/wp-json\/wp\/v2\/comments?post=1208"}],"version-history":[{"count":5,"href":"https:\/\/tobis-notenarchiv.de\/wp\/wp-json\/wp\/v2\/pages\/1208\/revisions"}],"predecessor-version":[{"id":4566,"href":"https:\/\/tobis-notenarchiv.de\/wp\/wp-json\/wp\/v2\/pages\/1208\/revisions\/4566"}],"up":[{"embeddable":true,"href":"https:\/\/tobis-notenarchiv.de\/wp\/wp-json\/wp\/v2\/pages\/4560"}],"wp:attachment":[{"href":"https:\/\/tobis-notenarchiv.de\/wp\/wp-json\/wp\/v2\/media?parent=1208"}],"curies":[{"name":"wp","href":"https:\/\/api.w.org\/{rel}","templated":true}]}}