{"id":1066,"date":"2021-08-18T22:35:19","date_gmt":"2021-08-18T20:35:19","guid":{"rendered":"https:\/\/tobis-notenarchiv.de\/wp\/?page_id=1066"},"modified":"2021-08-29T22:17:37","modified_gmt":"2021-08-29T20:17:37","slug":"schaeferkantate-urform-des-oster-oratoriums","status":"publish","type":"page","link":"https:\/\/tobis-notenarchiv.de\/wp\/bach-archiv\/vokalwerke\/oratorien\/schaeferkantate-urform-des-oster-oratoriums\/","title":{"rendered":"Sch\u00e4ferkantate (Urform des Oster-Oratoriums)"},"content":{"rendered":"<h2>BWV 249a<br \/>\nEntfliehet, verschwindet, entweichet, ihr Sorgen<\/h2>\n<p>Kantate zum Geburtstag des Herzogs Christian von Sachsen Wei\u00dfenfels am 23. Februar 1725<\/p>\n<p>&nbsp;<\/p>\n<table>\n<tbody>\n<tr>\n<td width=\"400\"><strong>01. Sinfonia<\/strong><br \/>\n(s. BWV 249)<\/td>\n<td valign=\"top\" width=\"50\"><\/td>\n<td valign=\"top\" width=\"50\"><\/td>\n<td valign=\"top\" width=\"50\"><\/td>\n<\/tr>\n<tr>\n<td width=\"400\"><strong>02. Adagio<\/strong><br \/>\n(s. BWV 249)<\/td>\n<td valign=\"top\" width=\"50\"><\/td>\n<td valign=\"top\" width=\"50\"><\/td>\n<td valign=\"top\" width=\"50\"><\/td>\n<\/tr>\n<tr>\n<td width=\"400\"><strong>03. Aria \u00e0 Duetto<\/strong><br \/>\nEntfliehet, verschwindet, entweicht ihr Sorgen<\/td>\n<td valign=\"top\" width=\"50\"><\/td>\n<td valign=\"top\" width=\"50\"><\/td>\n<td valign=\"top\" width=\"50\"><\/td>\n<\/tr>\n<tr>\n<td width=\"400\"><strong>04. Recitativo:<\/strong><br \/>\nWas h\u00f6r ich da? (Musik nicht erhalten)<\/td>\n<td valign=\"top\" width=\"50\"><\/td>\n<td valign=\"top\" width=\"50\"><\/td>\n<td valign=\"top\" width=\"50\"><\/td>\n<\/tr>\n<tr>\n<td width=\"400\"><strong>05. Aria:<\/strong><br \/>\nHunderttausend Schmeicheleien<\/td>\n<td valign=\"top\" width=\"50\"><\/td>\n<td valign=\"top\" width=\"50\"><\/td>\n<td valign=\"top\" width=\"50\"><\/td>\n<\/tr>\n<tr>\n<td width=\"400\"><strong>06. Recitativo:<\/strong><br \/>\nWie aber, sch\u00f6nste Sch\u00e4ferin (Musik nicht erh.)<\/td>\n<td valign=\"top\" width=\"50\"><\/td>\n<td valign=\"top\" width=\"50\"><\/td>\n<td valign=\"top\" width=\"50\"><\/td>\n<\/tr>\n<tr>\n<td width=\"400\"><strong>07. Aria:<\/strong><br \/>\nWieget euch ihr satten Schafe<\/td>\n<td valign=\"top\" width=\"50\"><\/td>\n<td valign=\"top\" width=\"50\"><\/td>\n<td valign=\"top\" width=\"50\"><\/td>\n<\/tr>\n<tr>\n<td width=\"400\"><strong>08. Recitativo:<\/strong><br \/>\nWohlan, geliebte Sch\u00e4ferinnen<\/td>\n<td valign=\"top\" width=\"50\"><\/td>\n<td valign=\"top\" width=\"50\"><\/td>\n<td valign=\"top\" width=\"50\"><\/td>\n<\/tr>\n<tr>\n<td width=\"400\"><strong>09. Aria:<\/strong><br \/>\nKomm doch Flora<\/td>\n<td valign=\"top\" width=\"50\"><\/td>\n<td valign=\"top\" width=\"50\"><\/td>\n<td valign=\"top\" width=\"50\"><\/td>\n<\/tr>\n<tr>\n<td width=\"400\"><strong>10. Recitativo:<\/strong><br \/>\nWas sorgt ihr viel (Musik nicht erhalten)<\/td>\n<td valign=\"top\" width=\"50\"><\/td>\n<td valign=\"top\" width=\"50\"><\/td>\n<td valign=\"top\" width=\"50\"><\/td>\n<\/tr>\n<tr>\n<td width=\"400\"><strong>11. Aria \u00e0 Quartetto:<\/strong><br \/>\nGl\u00fcck und Heil<\/td>\n<td valign=\"top\" width=\"50\"><\/td>\n<td valign=\"top\" width=\"50\"><\/td>\n<td valign=\"top\" width=\"50\"><\/td>\n<\/tr>\n<\/tbody>\n<\/table>\n<p>&nbsp;<\/p>\n","protected":false},"excerpt":{"rendered":"<p>BWV 249a Entfliehet, verschwindet, entweichet, ihr Sorgen Kantate zum Geburtstag des Herzogs Christian von Sachsen Wei\u00dfenfels am 23. Februar 1725 &nbsp; 01. Sinfonia (s. BWV 249) 02. Adagio (s. BWV 249) 03. Aria \u00e0 Duetto Entfliehet, verschwindet, entweicht ihr Sorgen 04. Recitativo: Was h\u00f6r ich da? (Musik nicht erhalten) 05. Aria: Hunderttausend Schmeicheleien 06. Recitativo: Wie aber, sch\u00f6nste Sch\u00e4ferin (Musik nicht erh.) 07. Aria: Wieget euch ihr satten Schafe 08. Recitativo: Wohlan, geliebte Sch\u00e4ferinnen 09. Aria: Komm doch Flora 10&#8230;.<\/p>\n<p class=\"read-more\"><a class=\"btn btn-default\" href=\"https:\/\/tobis-notenarchiv.de\/wp\/bach-archiv\/vokalwerke\/oratorien\/schaeferkantate-urform-des-oster-oratoriums\/\">Weiterlesen<span class=\"screen-reader-text\"> Weiterlesen<\/span><\/a><\/p>\n","protected":false},"author":1,"featured_media":0,"parent":1055,"menu_order":2,"comment_status":"closed","ping_status":"closed","template":"","meta":{"footnotes":""},"class_list":["post-1066","page","type-page","status-publish","hentry"],"yoast_head":"<!-- This site is optimized with the Yoast SEO plugin v27.3 - https:\/\/yoast.com\/product\/yoast-seo-wordpress\/ -->\n<title>Sch\u00e4ferkantate (Urform des Oster-Oratoriums) - Tobis Notenarchiv<\/title>\n<meta name=\"robots\" content=\"index, follow, max-snippet:-1, max-image-preview:large, max-video-preview:-1\" \/>\n<link rel=\"canonical\" href=\"https:\/\/tobis-notenarchiv.de\/wp\/bach-archiv\/vokalwerke\/oratorien\/schaeferkantate-urform-des-oster-oratoriums\/\" \/>\n<meta property=\"og:locale\" content=\"de_DE\" \/>\n<meta property=\"og:type\" content=\"article\" \/>\n<meta property=\"og:title\" content=\"Sch\u00e4ferkantate (Urform des Oster-Oratoriums) - Tobis Notenarchiv\" \/>\n<meta property=\"og:description\" content=\"BWV 249a Entfliehet, verschwindet, entweichet, ihr Sorgen Kantate zum Geburtstag des Herzogs Christian von Sachsen Wei\u00dfenfels am 23. Februar 1725 &nbsp; 01. Sinfonia (s. BWV 249) 02. Adagio (s. BWV 249) 03. Aria \u00e0 Duetto Entfliehet, verschwindet, entweicht ihr Sorgen 04. Recitativo: Was h\u00f6r ich da? (Musik nicht erhalten) 05. Aria: Hunderttausend Schmeicheleien 06. Recitativo: Wie aber, sch\u00f6nste Sch\u00e4ferin (Musik nicht erh.) 07. Aria: Wieget euch ihr satten Schafe 08. Recitativo: Wohlan, geliebte Sch\u00e4ferinnen 09. Aria: Komm doch Flora 10....Weiterlesen Weiterlesen\" \/>\n<meta property=\"og:url\" content=\"https:\/\/tobis-notenarchiv.de\/wp\/bach-archiv\/vokalwerke\/oratorien\/schaeferkantate-urform-des-oster-oratoriums\/\" \/>\n<meta property=\"og:site_name\" content=\"Tobis Notenarchiv\" \/>\n<meta property=\"article:modified_time\" content=\"2021-08-29T20:17:37+00:00\" \/>\n<meta name=\"twitter:card\" content=\"summary_large_image\" \/>\n<script type=\"application\/ld+json\" class=\"yoast-schema-graph\">{\"@context\":\"https:\\\/\\\/schema.org\",\"@graph\":[{\"@type\":\"WebPage\",\"@id\":\"https:\\\/\\\/tobis-notenarchiv.de\\\/wp\\\/bach-archiv\\\/vokalwerke\\\/oratorien\\\/schaeferkantate-urform-des-oster-oratoriums\\\/\",\"url\":\"https:\\\/\\\/tobis-notenarchiv.de\\\/wp\\\/bach-archiv\\\/vokalwerke\\\/oratorien\\\/schaeferkantate-urform-des-oster-oratoriums\\\/\",\"name\":\"Sch\u00e4ferkantate (Urform des Oster-Oratoriums) - Tobis Notenarchiv\",\"isPartOf\":{\"@id\":\"https:\\\/\\\/tobis-notenarchiv.de\\\/wp\\\/#website\"},\"datePublished\":\"2021-08-18T20:35:19+00:00\",\"dateModified\":\"2021-08-29T20:17:37+00:00\",\"breadcrumb\":{\"@id\":\"https:\\\/\\\/tobis-notenarchiv.de\\\/wp\\\/bach-archiv\\\/vokalwerke\\\/oratorien\\\/schaeferkantate-urform-des-oster-oratoriums\\\/#breadcrumb\"},\"inLanguage\":\"de\",\"potentialAction\":[{\"@type\":\"ReadAction\",\"target\":[\"https:\\\/\\\/tobis-notenarchiv.de\\\/wp\\\/bach-archiv\\\/vokalwerke\\\/oratorien\\\/schaeferkantate-urform-des-oster-oratoriums\\\/\"]}]},{\"@type\":\"BreadcrumbList\",\"@id\":\"https:\\\/\\\/tobis-notenarchiv.de\\\/wp\\\/bach-archiv\\\/vokalwerke\\\/oratorien\\\/schaeferkantate-urform-des-oster-oratoriums\\\/#breadcrumb\",\"itemListElement\":[{\"@type\":\"ListItem\",\"position\":1,\"name\":\"Startseite\",\"item\":\"https:\\\/\\\/tobis-notenarchiv.de\\\/wp\\\/\"},{\"@type\":\"ListItem\",\"position\":2,\"name\":\"Bach-Archiv\",\"item\":\"https:\\\/\\\/tobis-notenarchiv.de\\\/wp\\\/bach-archiv\\\/\"},{\"@type\":\"ListItem\",\"position\":3,\"name\":\"Vokalwerke\",\"item\":\"https:\\\/\\\/tobis-notenarchiv.de\\\/wp\\\/bach-archiv\\\/vokalwerke\\\/\"},{\"@type\":\"ListItem\",\"position\":4,\"name\":\"Oratorien\",\"item\":\"https:\\\/\\\/tobis-notenarchiv.de\\\/wp\\\/bach-archiv\\\/vokalwerke\\\/oratorien\\\/\"},{\"@type\":\"ListItem\",\"position\":5,\"name\":\"Sch\u00e4ferkantate (Urform des Oster-Oratoriums)\"}]},{\"@type\":\"WebSite\",\"@id\":\"https:\\\/\\\/tobis-notenarchiv.de\\\/wp\\\/#website\",\"url\":\"https:\\\/\\\/tobis-notenarchiv.de\\\/wp\\\/\",\"name\":\"Tobis Notenarchiv\",\"description\":\"\",\"potentialAction\":[{\"@type\":\"SearchAction\",\"target\":{\"@type\":\"EntryPoint\",\"urlTemplate\":\"https:\\\/\\\/tobis-notenarchiv.de\\\/wp\\\/?s={search_term_string}\"},\"query-input\":{\"@type\":\"PropertyValueSpecification\",\"valueRequired\":true,\"valueName\":\"search_term_string\"}}],\"inLanguage\":\"de\"}]}<\/script>\n<!-- \/ Yoast SEO plugin. -->","yoast_head_json":{"title":"Sch\u00e4ferkantate (Urform des Oster-Oratoriums) - Tobis Notenarchiv","robots":{"index":"index","follow":"follow","max-snippet":"max-snippet:-1","max-image-preview":"max-image-preview:large","max-video-preview":"max-video-preview:-1"},"canonical":"https:\/\/tobis-notenarchiv.de\/wp\/bach-archiv\/vokalwerke\/oratorien\/schaeferkantate-urform-des-oster-oratoriums\/","og_locale":"de_DE","og_type":"article","og_title":"Sch\u00e4ferkantate (Urform des Oster-Oratoriums) - Tobis Notenarchiv","og_description":"BWV 249a Entfliehet, verschwindet, entweichet, ihr Sorgen Kantate zum Geburtstag des Herzogs Christian von Sachsen Wei\u00dfenfels am 23. Februar 1725 &nbsp; 01. Sinfonia (s. BWV 249) 02. Adagio (s. BWV 249) 03. Aria \u00e0 Duetto Entfliehet, verschwindet, entweicht ihr Sorgen 04. Recitativo: Was h\u00f6r ich da? (Musik nicht erhalten) 05. Aria: Hunderttausend Schmeicheleien 06. Recitativo: Wie aber, sch\u00f6nste Sch\u00e4ferin (Musik nicht erh.) 07. Aria: Wieget euch ihr satten Schafe 08. Recitativo: Wohlan, geliebte Sch\u00e4ferinnen 09. Aria: Komm doch Flora 10....Weiterlesen Weiterlesen","og_url":"https:\/\/tobis-notenarchiv.de\/wp\/bach-archiv\/vokalwerke\/oratorien\/schaeferkantate-urform-des-oster-oratoriums\/","og_site_name":"Tobis Notenarchiv","article_modified_time":"2021-08-29T20:17:37+00:00","twitter_card":"summary_large_image","schema":{"@context":"https:\/\/schema.org","@graph":[{"@type":"WebPage","@id":"https:\/\/tobis-notenarchiv.de\/wp\/bach-archiv\/vokalwerke\/oratorien\/schaeferkantate-urform-des-oster-oratoriums\/","url":"https:\/\/tobis-notenarchiv.de\/wp\/bach-archiv\/vokalwerke\/oratorien\/schaeferkantate-urform-des-oster-oratoriums\/","name":"Sch\u00e4ferkantate (Urform des Oster-Oratoriums) - Tobis Notenarchiv","isPartOf":{"@id":"https:\/\/tobis-notenarchiv.de\/wp\/#website"},"datePublished":"2021-08-18T20:35:19+00:00","dateModified":"2021-08-29T20:17:37+00:00","breadcrumb":{"@id":"https:\/\/tobis-notenarchiv.de\/wp\/bach-archiv\/vokalwerke\/oratorien\/schaeferkantate-urform-des-oster-oratoriums\/#breadcrumb"},"inLanguage":"de","potentialAction":[{"@type":"ReadAction","target":["https:\/\/tobis-notenarchiv.de\/wp\/bach-archiv\/vokalwerke\/oratorien\/schaeferkantate-urform-des-oster-oratoriums\/"]}]},{"@type":"BreadcrumbList","@id":"https:\/\/tobis-notenarchiv.de\/wp\/bach-archiv\/vokalwerke\/oratorien\/schaeferkantate-urform-des-oster-oratoriums\/#breadcrumb","itemListElement":[{"@type":"ListItem","position":1,"name":"Startseite","item":"https:\/\/tobis-notenarchiv.de\/wp\/"},{"@type":"ListItem","position":2,"name":"Bach-Archiv","item":"https:\/\/tobis-notenarchiv.de\/wp\/bach-archiv\/"},{"@type":"ListItem","position":3,"name":"Vokalwerke","item":"https:\/\/tobis-notenarchiv.de\/wp\/bach-archiv\/vokalwerke\/"},{"@type":"ListItem","position":4,"name":"Oratorien","item":"https:\/\/tobis-notenarchiv.de\/wp\/bach-archiv\/vokalwerke\/oratorien\/"},{"@type":"ListItem","position":5,"name":"Sch\u00e4ferkantate (Urform des Oster-Oratoriums)"}]},{"@type":"WebSite","@id":"https:\/\/tobis-notenarchiv.de\/wp\/#website","url":"https:\/\/tobis-notenarchiv.de\/wp\/","name":"Tobis Notenarchiv","description":"","potentialAction":[{"@type":"SearchAction","target":{"@type":"EntryPoint","urlTemplate":"https:\/\/tobis-notenarchiv.de\/wp\/?s={search_term_string}"},"query-input":{"@type":"PropertyValueSpecification","valueRequired":true,"valueName":"search_term_string"}}],"inLanguage":"de"}]}},"_links":{"self":[{"href":"https:\/\/tobis-notenarchiv.de\/wp\/wp-json\/wp\/v2\/pages\/1066","targetHints":{"allow":["GET"]}}],"collection":[{"href":"https:\/\/tobis-notenarchiv.de\/wp\/wp-json\/wp\/v2\/pages"}],"about":[{"href":"https:\/\/tobis-notenarchiv.de\/wp\/wp-json\/wp\/v2\/types\/page"}],"author":[{"embeddable":true,"href":"https:\/\/tobis-notenarchiv.de\/wp\/wp-json\/wp\/v2\/users\/1"}],"replies":[{"embeddable":true,"href":"https:\/\/tobis-notenarchiv.de\/wp\/wp-json\/wp\/v2\/comments?post=1066"}],"version-history":[{"count":4,"href":"https:\/\/tobis-notenarchiv.de\/wp\/wp-json\/wp\/v2\/pages\/1066\/revisions"}],"predecessor-version":[{"id":2071,"href":"https:\/\/tobis-notenarchiv.de\/wp\/wp-json\/wp\/v2\/pages\/1066\/revisions\/2071"}],"up":[{"embeddable":true,"href":"https:\/\/tobis-notenarchiv.de\/wp\/wp-json\/wp\/v2\/pages\/1055"}],"wp:attachment":[{"href":"https:\/\/tobis-notenarchiv.de\/wp\/wp-json\/wp\/v2\/media?parent=1066"}],"curies":[{"name":"wp","href":"https:\/\/api.w.org\/{rel}","templated":true}]}}